{"id":6,"date":"2019-06-21T12:20:55","date_gmt":"2019-06-21T12:20:55","guid":{"rendered":"https:\/\/the7.io\/hotel\/?page_id=6"},"modified":"2023-03-22T09:30:54","modified_gmt":"2023-03-22T08:30:54","slug":"la-vallee-du-rhone","status":"publish","type":"page","link":"https:\/\/brotte.com\/index.php\/la-vallee-du-rhone\/","title":{"rendered":"La Vall\u00e9e du Rh\u00f4ne"},"content":{"rendered":"<div class=\"wpb-content-wrapper\"><p>[vc_row full_width=&#8221;stretch_row_content_no_spaces&#8221; bg_type=&#8221;image&#8221; parallax_style=&#8221;vcpb-vz-jquery&#8221; bg_image_new=&#8221;id^3267|url^https:\/\/brotte.com\/wp-content\/uploads\/2022\/12\/Vallee-du-Rhone-Nord.jpg|caption^null|alt^null|title^Vall\u00e9\u00e9 du Rh\u00f4ne Nord|description^null&#8221; bg_image_repeat=&#8221;no-repeat&#8221; parallax_sense=&#8221;60&#8243; bg_override=&#8221;full&#8221; disable_on_mobile_img_parallax=&#8221;disable_on_mobile_img_parallax_value&#8221; enable_overlay=&#8221;enable_overlay_value&#8221; overlay_color=&#8221;rgba(0,0,0,0.5)&#8221;][vc_column css_animation=&#8221;fadeIn&#8221; css=&#8221;.vc_custom_1671550810219{padding-top: 13% !important;padding-bottom: 11% !important;background-position: center !important;background-repeat: no-repeat !important;background-size: contain !important;}&#8221;]<div id=\"ultimate-heading-591769de264780c56\" class=\"uvc-heading ult-adjust-bottom-margin ultimate-heading-591769de264780c56 uvc-9391 \" data-hspacer=\"no_spacer\"  data-halign=\"center\" style=\"text-align:center\"><div class=\"uvc-heading-spacer no_spacer\" style=\"top\"><\/div><div class=\"uvc-main-heading ult-responsive\"  data-ultimate-target='.uvc-heading.ultimate-heading-591769de264780c56 h1'  data-responsive-json-new='{\"font-size\":\"desktop:50px;tablet:60px;tablet_portrait:40px;mobile_landscape:30px;\",\"line-height\":\"desktop:78px;tablet:68px;tablet_portrait:44px;mobile_landscape:34px;\"}' ><h1 style=\"font-family:&#039;Heebo&#039;;font-weight:200;color:#ffffff;margin-bottom:5px;\">La Vall\u00e9e du Rh\u00f4ne<\/h1><\/div><\/div>[\/vc_column][\/vc_row][vc_row content_placement=&#8221;middle&#8221; css=&#8221;.vc_custom_1677575607172{margin-right: 0px !important;margin-left: 0px !important;padding-top: 0px !important;padding-bottom: 90px !important;}&#8221;][vc_column parallax=&#8221;content-moving&#8221; parallax_image=&#8221;32&#8243; css=&#8221;.vc_custom_1671697161283{margin-top: -60px !important;margin-right: 0px !important;padding-top: 100px !important;padding-right: 0px !important;padding-bottom: 0px !important;background-color: rgba(104,104,104,0.01) !important;*background-color: rgb(104,104,104) !important;}&#8221;][vc_empty_space height=&#8221;64px&#8221;]<div id=\"ultimate-heading-505269de264780c9e\" class=\"uvc-heading ult-adjust-bottom-margin ultimate-heading-505269de264780c9e uvc-5940  uvc-heading-default-font-sizes\" data-hspacer=\"no_spacer\"  data-halign=\"left\" style=\"text-align:left\"><div class=\"uvc-heading-spacer no_spacer\" style=\"top\"><\/div><div class=\"uvc-main-heading ult-responsive\"  data-ultimate-target='.uvc-heading.ultimate-heading-505269de264780c9e h2'  data-responsive-json-new='{\"font-size\":\"\",\"line-height\":\"\"}' ><h2 style=\"--font-weight:theme;color:#ffffff;margin-bottom:35px;\">Historique du vignoble<\/h2><\/div><div class=\"uvc-sub-heading ult-responsive\"  data-ultimate-target='.uvc-heading.ultimate-heading-505269de264780c9e .uvc-sub-heading '  data-responsive-json-new='{\"font-size\":\"\",\"line-height\":\"\"}'  style=\"font-weight:normal;color:#d3d3d3;margin-bottom:30px;\"><\/p>\n<p style=\"text-align: justify;\">Implant\u00e9 par les Grecs au V\u00e8me si\u00e8cle avant J.C, le vignoble de la Vall\u00e9e du Rh\u00f4ne est l\u2019un des plus anciens de France. Les Romains ont fortement contribu\u00e9 \u00e0 son d\u00e9veloppement pendant plusieurs si\u00e8cles, et le Rh\u00f4ne, fleuve navigable, f\u00fbt la premi\u00e8re route commerciale des vins.<\/p>\n<p style=\"text-align: justify;\">Bien que l\u2019effondrement de l\u2019Empire Romain ait soudainement mit un frein au d\u00e9veloppement commercial du vignoble, la Papaut\u00e9 relance le d\u00e9veloppement \u00e9conomique des vins de la Vall\u00e9e du Rh\u00f4ne \u00e0 partir du XIV\u00e8me si\u00e8cle.<\/p>\n<p style=\"text-align: justify;\">Entre le XVIII\u00e8me et la fin du XIX\u00e8me si\u00e8cle, le vignoble souffre d\u2019un gel historique et de l\u2019invasion du phyllox\u00e9ra.<\/p>\n<p style=\"text-align: justify;\">Enfin, le d\u00e9but du XX\u00e8me si\u00e8cle marque le d\u00e9but du mouvement coop\u00e9ratif au sein de la fili\u00e8re vin, ce qui aboutit \u00e0 la cons\u00e9cration des vignobles en AOC. Le Baron Leroy, vigneron \u00e0 Ch\u00e2teauneuf-du-Pape et co-fondateur de l\u2019institut national des AOC, a permis la cr\u00e9ation de la toute premi\u00e8re AOC : l\u2019appellation Ch\u00e2teauneuf-du-Pape, en 1936. L\u2019ann\u00e9e d\u2019apr\u00e8s, il a \u00e9galement beaucoup \u0153uvr\u00e9 \u00e0 la cr\u00e9ation de l&#8217;AOC C\u00f4tes-du-Rh\u00f4ne. L\u2019accession \u00e0 l\u2019AOC et la garantie de qualit\u00e9 constituent depuis une motivation collective pour tout le vignoble.<\/p>\n<p><\/div><\/div>[\/vc_column][\/vc_row][vc_row full_width=&#8221;stretch_row_content&#8221; full_height=&#8221;yes&#8221; columns_placement=&#8221;top&#8221; content_placement=&#8221;bottom&#8221; bg_type=&#8221;image&#8221; parallax_style=&#8221;vcpb-vz-jquery&#8221; bg_image_new=&#8221;id^3633|url^https:\/\/brotte.com\/wp-content\/uploads\/2022\/12\/IR_05282_A5.jpeg|caption^AOC Gigondas \/ AOC Gigondas|alt^null|title^IR_05282|description^null&#8221; bg_image_repeat=&#8221;no-repeat&#8221; bg_override=&#8221;full&#8221; disable_on_mobile_img_parallax=&#8221;disable_on_mobile_img_parallax_value&#8221; css=&#8221;.vc_custom_1677667152442{padding-top: 0px !important;padding-bottom: 900px !important;}&#8221;][vc_column width=&#8221;1\/2&#8243; offset=&#8221;vc_col-lg-offset-6 vc_col-lg-6 vc_col-md-offset-5 vc_col-md-7 vc_col-sm-offset-4&#8243; css=&#8221;.vc_custom_1568886234691{padding-right: 12% !important;padding-left: 12% !important;}&#8221;]<div id=\"ultimate-heading-178569de264780cbc\" class=\"uvc-heading ult-adjust-bottom-margin ultimate-heading-178569de264780cbc uvc-5362  uvc-heading-default-font-sizes\" data-hspacer=\"no_spacer\"  data-halign=\"right\" style=\"text-align:right\"><div class=\"uvc-heading-spacer no_spacer\" style=\"top\"><\/div><\/div>[\/vc_column][\/vc_row][vc_row full_height=&#8221;yes&#8221; columns_placement=&#8221;top&#8221; bg_type=&#8221;image&#8221; css=&#8221;.vc_custom_1671718432604{margin-right: 0px !important;margin-left: 0px !important;padding-top: 0px !important;padding-bottom: 0px !important;}&#8221;][vc_column parallax=&#8221;content-moving&#8221; width=&#8221;1\/2&#8243; css=&#8221;.vc_custom_1671637906801{margin-top: -60px !important;margin-right: 0px !important;padding-top: 200px !important;padding-right: 0px !important;padding-bottom: 200px !important;background-color: rgba(214,214,214,0) !important;*background-color: rgb(214,214,214) !important;}&#8221;]<div id=\"ultimate-heading-166769de264780cd0\" class=\"uvc-heading ult-adjust-bottom-margin ultimate-heading-166769de264780cd0 uvc-6086  uvc-heading-default-font-sizes\" data-hspacer=\"no_spacer\"  data-halign=\"left\" style=\"text-align:left\"><div class=\"uvc-heading-spacer no_spacer\" style=\"top\"><\/div><div class=\"uvc-main-heading ult-responsive\"  data-ultimate-target='.uvc-heading.ultimate-heading-166769de264780cd0 h2'  data-responsive-json-new='{\"font-size\":\"\",\"line-height\":\"\"}' ><h2 style=\"--font-weight:theme;color:#ffffff;margin-bottom:35px;\">Situation g\u00e9ographique<\/h2><\/div><div class=\"uvc-sub-heading ult-responsive\"  data-ultimate-target='.uvc-heading.ultimate-heading-166769de264780cd0 .uvc-sub-heading '  data-responsive-json-new='{\"font-size\":\"\",\"line-height\":\"\"}'  style=\"font-weight:normal;margin-bottom:30px;\"><\/p>\n<p style=\"text-align: justify;\">La Vall\u00e9e du Rh\u00f4ne s\u2019\u00e9tend sur les deux rives du Rh\u00f4ne, sur environ 200 km de Vienne \u00e0 Avignon. Elle englobe six d\u00e9partements : Rh\u00f4ne, Loire, Ard\u00e8che, Dr\u00f4me, Vaucluse et Gard, et se s\u00e9pare en deux parties distinctes : la zone septentrionale, de Vienne \u00e0 Valence, et la zone m\u00e9ridionale, de Mont\u00e9limar \u00e0 Avignon.<\/p>\n<p><\/div><\/div>[\/vc_column][vc_column width=&#8221;1\/2&#8243; css=&#8221;.vc_custom_1671718423482{padding-bottom: 0px !important;}&#8221;]<style type=\"text\/css\" data-type=\"the7_shortcodes-inline-css\">.shortcode-single-image-wrap.shortcode-single-image-57899d1ca0e8ae44a66de1b6bd8f1316.enable-bg-rollover .rollover i,\n.shortcode-single-image-wrap.shortcode-single-image-57899d1ca0e8ae44a66de1b6bd8f1316.enable-bg-rollover .rollover-video i {\n  background: -webkit-linear-gradient();\n  background: linear-gradient();\n}\n.shortcode-single-image-wrap.shortcode-single-image-57899d1ca0e8ae44a66de1b6bd8f1316 .rollover-icon {\n  font-size: 32px;\n  color: #ffffff;\n  min-width: 44px;\n  min-height: 44px;\n  line-height: 44px;\n  border-radius: 100px;\n  border-style: solid;\n  border-width: 0px;\n}\n.dt-icon-bg-on.shortcode-single-image-wrap.shortcode-single-image-57899d1ca0e8ae44a66de1b6bd8f1316 .rollover-icon {\n  background: rgba(255,255,255,0.3);\n  box-shadow: none;\n}\n<\/style><div class=\"shortcode-single-image-wrap shortcode-single-image-57899d1ca0e8ae44a66de1b6bd8f1316 alignnone  enable-bg-rollover dt-icon-bg-off\" style=\"margin-top:0px; margin-bottom:0px; margin-left:0px; margin-right:0px; width:500px;\"><div class=\"shortcode-single-image\"><div class=\"fancy-media-wrap\" style=\"\"><a class=\"layzr-bg rollover rollover-zoom dt-pswp-item pswp-image\" href=\"https:\/\/brotte.com\/wp-content\/uploads\/2022\/12\/carte-de-la-vallee-du-rhone-scaled.jpg\" title=\"carte de la vall\u00e9e du rh\u00f4ne\" data-dt-img-description=\"\" data-large_image_width=\"1811\" data-large_image_height = \"2560\"  style=\"\"><img fetchpriority=\"high\" decoding=\"async\" class=\"preload-me lazy-load aspect\" src=\"data:image\/svg+xml,%3Csvg%20xmlns%3D&#39;http%3A%2F%2Fwww.w3.org%2F2000%2Fsvg&#39;%20viewBox%3D&#39;0%200%20500%20706&#39;%2F%3E\" data-src=\"https:\/\/brotte.com\/wp-content\/uploads\/2022\/12\/carte-de-la-vallee-du-rhone-scaled-500x706.jpg\" data-srcset=\"https:\/\/brotte.com\/wp-content\/uploads\/2022\/12\/carte-de-la-vallee-du-rhone-scaled-500x706.jpg 500w, https:\/\/brotte.com\/wp-content\/uploads\/2022\/12\/carte-de-la-vallee-du-rhone-scaled-1000x1412.jpg 1000w\" loading=\"eager\" style=\"--ratio: 500 \/ 706\" sizes=\"(max-width: 500px) 100vw, 500px\" width=\"500\" height=\"706\"  data-dt-location=\"https:\/\/brotte.com\/index.php\/la-vallee-du-rhone\/carte-de-la-vallee-du-rhone\/\" alt=\"\" \/><span class=\" rollover-icon icomoon-the7-font-the7-zoom-01\"><\/span><\/a><\/div><\/div><\/div>[\/vc_column][\/vc_row][vc_row full_width=&#8221;stretch_row_content&#8221; full_height=&#8221;yes&#8221; columns_placement=&#8221;top&#8221; content_placement=&#8221;bottom&#8221; bg_type=&#8221;image&#8221; parallax_style=&#8221;vcpb-vz-jquery&#8221; bg_image_new=&#8221;id^3632|url^https:\/\/brotte.com\/wp-content\/uploads\/2022\/12\/IR_05264_A5.jpeg|caption^AOC Gigondas \/ AOC Gigondas|alt^null|title^IR_05264|description^null&#8221; bg_image_repeat=&#8221;no-repeat&#8221; bg_override=&#8221;full&#8221; disable_on_mobile_img_parallax=&#8221;disable_on_mobile_img_parallax_value&#8221; css=&#8221;.vc_custom_1677583876923{padding-top: 0px !important;padding-bottom: 0px !important;}&#8221;][vc_column width=&#8221;1\/2&#8243; offset=&#8221;vc_col-lg-offset-6 vc_col-lg-6 vc_col-md-offset-5 vc_col-md-7 vc_col-sm-offset-4&#8243; css=&#8221;.vc_custom_1568886234691{padding-right: 12% !important;padding-left: 12% !important;}&#8221;]<div id=\"ultimate-heading-389569de264782029\" class=\"uvc-heading ult-adjust-bottom-margin ultimate-heading-389569de264782029 uvc-5194  uvc-heading-default-font-sizes\" data-hspacer=\"no_spacer\"  data-halign=\"right\" style=\"text-align:right\"><div class=\"uvc-heading-spacer no_spacer\" style=\"top\"><\/div><\/div>[\/vc_column][\/vc_row][vc_row equal_height=&#8221;yes&#8221; bg_type=&#8221;bg_color&#8221; css=&#8221;.vc_custom_1671703586932{margin-right: 0px !important;margin-left: 0px !important;padding-bottom: 0px !important;}&#8221; bg_color_value=&#8221;rgba(0,0,0,0.01)&#8221;][vc_column parallax=&#8221;content-moving&#8221; css=&#8221;.vc_custom_1671715746106{margin-top: -60px !important;margin-right: 0px !important;padding-top: 100px !important;padding-right: 0px !important;padding-bottom: 100px !important;background-color: rgba(221,221,221,0) !important;*background-color: rgb(221,221,221) !important;}&#8221;]<div id=\"ultimate-heading-734369de26478204d\" class=\"uvc-heading ult-adjust-bottom-margin ultimate-heading-734369de26478204d uvc-4851  uvc-heading-default-font-sizes\" data-hspacer=\"no_spacer\"  data-halign=\"left\" style=\"text-align:left\"><div class=\"uvc-heading-spacer no_spacer\" style=\"top\"><\/div><div class=\"uvc-main-heading ult-responsive\"  data-ultimate-target='.uvc-heading.ultimate-heading-734369de26478204d h2'  data-responsive-json-new='{\"font-size\":\"\",\"line-height\":\"\"}' ><h2 style=\"--font-weight:theme;color:#ffffff;margin-bottom:35px;\">Le climat et les sols de la Vall\u00e9e du Rh\u00f4ne<\/h2><\/div><div class=\"uvc-sub-heading ult-responsive\"  data-ultimate-target='.uvc-heading.ultimate-heading-734369de26478204d .uvc-sub-heading '  data-responsive-json-new='{\"font-size\":\"\",\"line-height\":\"\"}'  style=\"font-weight:normal;margin-bottom:30px;\"><\/p>\n<h4 style=\"margin: 0cm 0cm 6pt; text-align: justify;\"><span style=\"font-size: 14pt; font-family: Arial, sans-serif; color: #808080; font-weight: normal;\">Le vignoble de la Vall\u00e9e du Rh\u00f4ne est soumis \u00e0 deux influences climatiques distinctes\u00a0:<\/span><\/h4>\n<p><strong><span style=\"color: #aa2347;\">LA ZONE NORD dite Septentrionale :<\/span><\/strong><\/p>\n<p style=\"text-align: justify;\">De Vienne \u00e0 Valence, le climat est de type continental temp\u00e9r\u00e9, caract\u00e9ris\u00e9 par une pluviom\u00e9trie r\u00e9guli\u00e8re. La bise, un vent du nord sec et froid, vient assainir l\u2019atmosph\u00e8re, concentrer et acc\u00e9l\u00e9rer la maturit\u00e9 du c\u00e9page.<\/p>\n<p style=\"text-align: justify;\">Ici, les principaux sols sont : argileux, caillouteux et granitiques.<\/p>\n<p><strong><span style=\"color: #aa2347;\">LA ZONE SUD dite M\u00e9ridionale :<\/span><\/strong><\/p>\n<p style=\"text-align: justify;\">Au sud de Mont\u00e9limar, le climat est m\u00e9diterran\u00e9en, caract\u00e9ris\u00e9 par des \u00e9t\u00e9s et des hivers secs. La pluviom\u00e9trie annuelle est r\u00e9partie sur 70 jours seulement, en particulier \u00e0 l\u2019automne, ce qui cr\u00e9\u00e9 des p\u00e9riodes de s\u00e9cheresse. Le Mistral, vent du nord fr\u00e9quent et particuli\u00e8rement fort, a des avantages pour vignoble car il \u00e9limine toute humidit\u00e9 apr\u00e8s les orages et d\u00e9gage le ciel.<\/p>\n<p style=\"text-align: justify;\">Les sols sont principalement : argileux, caillouteux, calcaires et sableux.<\/p>\n<p><\/div><\/div>[\/vc_column][\/vc_row][vc_row full_width=&#8221;stretch_row_content&#8221; full_height=&#8221;yes&#8221; columns_placement=&#8221;top&#8221; content_placement=&#8221;bottom&#8221; bg_type=&#8221;image&#8221; parallax_style=&#8221;vcpb-vz-jquery&#8221; bg_image_new=&#8221;id^3630|url^https:\/\/brotte.com\/wp-content\/uploads\/2022\/12\/IR_01346_A5.jpeg|caption^Vacqueyras \/ Vacqueyras|alt^null|title^IR_01346|description^null&#8221; bg_image_repeat=&#8221;no-repeat&#8221; bg_override=&#8221;full&#8221; disable_on_mobile_img_parallax=&#8221;disable_on_mobile_img_parallax_value&#8221; css=&#8221;.vc_custom_1677583915098{padding-top: 20% !important;padding-bottom: 60px !important;}&#8221;][vc_column width=&#8221;1\/2&#8243; offset=&#8221;vc_col-lg-offset-6 vc_col-lg-6 vc_col-md-offset-5 vc_col-md-7 vc_col-sm-offset-4&#8243; css=&#8221;.vc_custom_1568886234691{padding-right: 12% !important;padding-left: 12% !important;}&#8221;]<div id=\"ultimate-heading-519269de264782068\" class=\"uvc-heading ult-adjust-bottom-margin ultimate-heading-519269de264782068 uvc-3377  uvc-heading-default-font-sizes\" data-hspacer=\"no_spacer\"  data-halign=\"right\" style=\"text-align:right\"><div class=\"uvc-heading-spacer no_spacer\" style=\"top\"><\/div><\/div>[\/vc_column][\/vc_row][vc_row equal_height=&#8221;yes&#8221; bg_type=&#8221;bg_color&#8221; css=&#8221;.vc_custom_1671697867283{margin-right: 0px !important;margin-left: 0px !important;padding-bottom: 80px !important;}&#8221; bg_color_value=&#8221;rgba(0,0,0,0.01)&#8221;][vc_column parallax=&#8221;content-moving&#8221; width=&#8221;1\/2&#8243; css=&#8221;.vc_custom_1671715761277{margin-top: -60px !important;margin-right: 0px !important;padding-top: 100px !important;padding-right: 0px !important;padding-bottom: 0px !important;background-color: rgba(214,214,214,0) !important;*background-color: rgb(214,214,214) !important;}&#8221;]<div id=\"ultimate-heading-70869de26478207c\" class=\"uvc-heading ult-adjust-bottom-margin ultimate-heading-70869de26478207c uvc-4437  uvc-heading-default-font-sizes\" data-hspacer=\"no_spacer\"  data-halign=\"left\" style=\"text-align:left\"><div class=\"uvc-heading-spacer no_spacer\" style=\"top\"><\/div><div class=\"uvc-main-heading ult-responsive\"  data-ultimate-target='.uvc-heading.ultimate-heading-70869de26478207c h2'  data-responsive-json-new='{\"font-size\":\"\",\"line-height\":\"\"}' ><h2 style=\"--font-weight:theme;color:#ffffff;margin-bottom:35px;\">Les c\u00e9pages de la Vall\u00e9e du Rh\u00f4ne<\/h2><\/div><div class=\"uvc-sub-heading ult-responsive\"  data-ultimate-target='.uvc-heading.ultimate-heading-70869de26478207c .uvc-sub-heading '  data-responsive-json-new='{\"font-size\":\"\",\"line-height\":\"\"}'  style=\"font-weight:normal;margin-bottom:30px;\"><\/p>\n<p style=\"margin: 0cm; text-align: justify;\"><span style=\"font-family: arial, helvetica, sans-serif;\">Les\u00a0<strong>c\u00e9pages<\/strong>\u00a0de la\u00a0<strong>vall\u00e9e du Rh\u00f4ne<\/strong> se r\u00e9partissent en deux grandes cat\u00e9gories : les c\u00e9pages rouges et les c\u00e9pages blancs. Les c\u00e9pages rouges les plus couramment cultiv\u00e9s dans la Vall\u00e9e du Rh\u00f4ne sont <strong>le Grenache, la Syrah, le Mourv\u00e8dre et le Carignan.<\/strong> Ces c\u00e9pages donnent des vins rouges puissants et aromatiques, aux ar\u00f4mes de fruits rouges et d\u2019\u00e9pices.<\/span><\/p>\n<p style=\"margin: 0cm; text-align: justify;\"><span style=\"font-family: arial, helvetica, sans-serif;\">Parmi les c\u00e9pages blancs les plus couramment cultiv\u00e9s dans la vall\u00e9e du Rh\u00f4ne, on retrouve\u00a0<strong>le Viognier, la Roussanne, le Marsanne et le Grenache blanc.<\/strong>\u00a0Ces c\u00e9pages donnent des vins blancs secs et aromatiques, aux ar\u00f4mes de fleurs et de fruits exotiques. Le Viognier est le c\u00e9page principal de la vall\u00e9e du Rh\u00f4ne pour les vins blancs, et il est souvent utilis\u00e9 seul ou en association avec d\u2019autres c\u00e9pages pour produire des vins \u00e9quilibr\u00e9s et expressifs.<\/span><\/p>\n<p style=\"margin: 0cm; text-align: justify;\"><span style=\"font-family: arial, helvetica, sans-serif;\">En plus de ces c\u00e9pages rouges et blancs, la Vall\u00e9e du Rh\u00f4ne produit \u00e9galement des vins ros\u00e9s\u00a0\u00e0 partir de\u00a0<strong>Grenache, Syrah et Cinsault<\/strong><strong>.<\/strong><\/span><\/p>\n<p style=\"margin: 0cm 0cm 7.5pt; text-align: justify;\"><span style=\"font-family: arial, helvetica, sans-serif;\">La vall\u00e9e du Rh\u00f4ne est reconnue pour la qualit\u00e9 de ses vins depuis l\u2019Antiquit\u00e9, et elle reste aujourd\u2019hui une r\u00e9gion viticole de premier plan en France. Les c\u00e9pages de la vall\u00e9e du Rh\u00f4ne sont tr\u00e8s appr\u00e9ci\u00e9s pour leur caract\u00e8re unique et leur capacit\u00e9 \u00e0 produire des vins de grande qualit\u00e9.<\/span><\/p>\n<p><\/div><\/div>[\/vc_column][vc_column width=&#8221;1\/2&#8243; css=&#8221;.vc_custom_1671712244135{padding-top: 150px !important;}&#8221;][\/vc_column][\/vc_row]<\/p>\n<\/div>","protected":false},"excerpt":{"rendered":"<p>[vc_row full_width=&#8221;stretch_row_content_no_spaces&#8221; bg_type=&#8221;image&#8221; parallax_style=&#8221;vcpb-vz-jquery&#8221; bg_image_new=&#8221;id^3267|url^https:\/\/brotte.com\/wp-content\/uploads\/2022\/12\/Vallee-du-Rhone-Nord.jpg|caption^null|alt^null|title^Vall\u00e9\u00e9 du Rh\u00f4ne Nord|description^null&#8221; bg_image_repeat=&#8221;no-repeat&#8221; parallax_sense=&#8221;60&#8243; bg_override=&#8221;full&#8221; disable_on_mobile_img_parallax=&#8221;disable_on_mobile_img_parallax_value&#8221; enable_overlay=&#8221;enable_overlay_value&#8221; overlay_color=&#8221;rgba(0,0,0,0.5)&#8221;][vc_column css_animation=&#8221;fadeIn&#8221; css=&#8221;.vc_custom_1671550810219{padding-top: 13% !important;padding-bottom: 11% !important;background-position: center !important;background-repeat: no-repeat !important;background-size: contain !important;}&#8221;][\/vc_column][\/vc_row][vc_row content_placement=&#8221;middle&#8221; css=&#8221;.vc_custom_1677575607172{margin-right: 0px !important;margin-left: 0px !important;padding-top: 0px !important;padding-bottom: 90px !important;}&#8221;][vc_column parallax=&#8221;content-moving&#8221; parallax_image=&#8221;32&#8243; css=&#8221;.vc_custom_1671697161283{margin-top: -60px !important;margin-right: 0px !important;padding-top: 100px !important;padding-right: 0px !important;padding-bottom: 0px !important;background-color: rgba(104,104,104,0.01) !important;*background-color: rgb(104,104,104) !important;}&#8221;][vc_empty_space height=&#8221;64px&#8221;][\/vc_column][\/vc_row][vc_row full_width=&#8221;stretch_row_content&#8221;&hellip;<\/p>\n","protected":false},"author":1,"featured_media":0,"parent":0,"menu_order":0,"comment_status":"closed","ping_status":"closed","template":"","meta":{"footnotes":""},"class_list":["post-6","page","type-page","status-publish","hentry","description-off"],"lang":"fr","translations":{"fr":6,"en":52131},"pll_sync_post":[],"_links":{"self":[{"href":"https:\/\/brotte.com\/index.php\/wp-json\/wp\/v2\/pages\/6","targetHints":{"allow":["GET"]}}],"collection":[{"href":"https:\/\/brotte.com\/index.php\/wp-json\/wp\/v2\/pages"}],"about":[{"href":"https:\/\/brotte.com\/index.php\/wp-json\/wp\/v2\/types\/page"}],"author":[{"embeddable":true,"href":"https:\/\/brotte.com\/index.php\/wp-json\/wp\/v2\/users\/1"}],"replies":[{"embeddable":true,"href":"https:\/\/brotte.com\/index.php\/wp-json\/wp\/v2\/comments?post=6"}],"version-history":[{"count":197,"href":"https:\/\/brotte.com\/index.php\/wp-json\/wp\/v2\/pages\/6\/revisions"}],"predecessor-version":[{"id":52320,"href":"https:\/\/brotte.com\/index.php\/wp-json\/wp\/v2\/pages\/6\/revisions\/52320"}],"wp:attachment":[{"href":"https:\/\/brotte.com\/index.php\/wp-json\/wp\/v2\/media?parent=6"}],"curies":[{"name":"wp","href":"https:\/\/api.w.org\/{rel}","templated":true}]}}