{"id":52155,"date":"2023-03-10T11:43:57","date_gmt":"2023-03-10T10:43:57","guid":{"rendered":"https:\/\/brotte.com\/?page_id=52155"},"modified":"2024-01-22T13:15:54","modified_gmt":"2024-01-22T12:15:54","slug":"hve","status":"publish","type":"page","link":"https:\/\/brotte.com\/index.php\/en\/hve\/","title":{"rendered":"High Environmental Value"},"content":{"rendered":"<div class=\"wpb-content-wrapper\"><p>[vc_row equal_height=&#8221;yes&#8221; content_placement=&#8221;middle&#8221; css=&#8221;.vc_custom_1580055585962{padding-top: 80px !important;padding-bottom: 50px !important;}&#8221; el_class=&#8221;phone-reverse-col&#8221;][vc_column width=&#8221;1\/2&#8243; offset=&#8221;vc_col-lg-6 vc_col-md-6 vc_col-xs-12&#8243; css=&#8221;.vc_custom_1580055289499{padding-bottom: 30px !important;}&#8221;]<div id=\"ultimate-heading-822369e37d4e84324\" class=\"uvc-heading ult-adjust-bottom-margin ultimate-heading-822369e37d4e84324 uvc-5498 accent-border-color\" data-hspacer=\"line_only\"  data-halign=\"left\" style=\"text-align:left\"><div class=\"uvc-main-heading ult-responsive\"  data-ultimate-target='.uvc-heading.ultimate-heading-822369e37d4e84324 h2'  data-responsive-json-new='{\"font-size\":\"mobile_landscape:24px;\",\"line-height\":\"mobile_landscape:34px;\"}' ><h2 style=\"--font-weight:theme;color:#ffffff;margin-bottom:15px;\">A social, ethical and environmental commitment<\/h2><\/div><div class=\"uvc-sub-heading ult-responsive\"  data-ultimate-target='.uvc-heading.ultimate-heading-822369e37d4e84324 .uvc-sub-heading '  data-responsive-json-new='{\"font-size\":\"\",\"line-height\":\"\"}'  style=\"font-weight:bold;color:#ffffff;\"><\/p>\n<h4><span style=\"color: #ffffff;\">We are certified High Environmental Value Level 3 since 2018 on our wine domaines:<\/span><\/h4>\n<p><span style=\"color: #808080;\">Domaine Barville Ch\u00e2teauneuf-du-Pape<\/span><\/p>\n<p><span style=\"color: #808080;\">Domaine Grosset Cairanne<\/span><\/p>\n<p><span style=\"color: #808080;\">Ch\u00e2teau de Bord C\u00f4tes du Rh\u00f4ne Villages Laudun<\/span><\/div><div class=\"uvc-heading-spacer line_only\" style=\"margin-bottom:30px;height:3px;\"><span class=\"uvc-headings-line\" style=\"border-style:solid;border-bottom-width:3px;border-color:;width:150px;\"><\/span><\/div><\/div>[vc_column_text css_animation=&#8221;fadeInUp&#8221; css=&#8221;.vc_custom_1678445024770{padding-bottom: 20px !important;}&#8221;]<\/p>\n<ul>\n<li style=\"text-align: justify;\">\n<p style=\"text-align: justify;\">Protection of biodiversity: Presence of trees, hedgerows, embankments, vineyard shelters (known as \u201c<em>cabanons<\/em>\u201d), grassing around the vines.<\/p>\n<\/li>\n<li style=\"text-align: justify;\">Phytosanitary strategy: Reduction of phytosanitary products. Practice of mechanical weeding.<\/li>\n<li style=\"text-align: justify;\">Fertilisation management: Our fertilisers are all organic and of organic origin.<\/li>\n<li style=\"text-align: justify;\">Water resource management: We monitor the amount of water used during our drip irrigation (carried out only when authorised and for a short time). We use drought-resistant grape varieties, the most resistant of which is Carignan.<\/li>\n<\/ul>\n<p>[\/vc_column_text][\/vc_column][vc_column width=&#8221;1\/2&#8243; offset=&#8221;vc_col-lg-6 vc_col-md-6 vc_col-xs-12&#8243; css=&#8221;.vc_custom_1580055295063{padding-bottom: 30px !important;}&#8221;][\/vc_column][\/vc_row]<\/p>\n<\/div>","protected":false},"excerpt":{"rendered":"<p>[vc_row equal_height=&#8221;yes&#8221; content_placement=&#8221;middle&#8221; css=&#8221;.vc_custom_1580055585962{padding-top: 80px !important;padding-bottom: 50px !important;}&#8221; el_class=&#8221;phone-reverse-col&#8221;][vc_column width=&#8221;1\/2&#8243; offset=&#8221;vc_col-lg-6 vc_col-md-6 vc_col-xs-12&#8243; css=&#8221;.vc_custom_1580055289499{padding-bottom: 30px !important;}&#8221;][vc_column_text css_animation=&#8221;fadeInUp&#8221; css=&#8221;.vc_custom_1678445024770{padding-bottom: 20px !important;}&#8221;] Protection of biodiversity: Presence of trees, hedgerows, embankments, vineyard shelters (known as \u201ccabanons\u201d), grassing around the vines. Phytosanitary strategy: Reduction of phytosanitary products. Practice of mechanical weeding. Fertilisation management: Our fertilisers are all organic and&hellip;<\/p>\n","protected":false},"author":1,"featured_media":52156,"parent":0,"menu_order":17,"comment_status":"closed","ping_status":"closed","template":"","meta":{"footnotes":""},"class_list":["post-52155","page","type-page","status-publish","has-post-thumbnail","hentry","description-off"],"lang":"en","translations":{"en":52155,"fr":3657},"pll_sync_post":[],"_links":{"self":[{"href":"https:\/\/brotte.com\/index.php\/wp-json\/wp\/v2\/pages\/52155","targetHints":{"allow":["GET"]}}],"collection":[{"href":"https:\/\/brotte.com\/index.php\/wp-json\/wp\/v2\/pages"}],"about":[{"href":"https:\/\/brotte.com\/index.php\/wp-json\/wp\/v2\/types\/page"}],"author":[{"embeddable":true,"href":"https:\/\/brotte.com\/index.php\/wp-json\/wp\/v2\/users\/1"}],"replies":[{"embeddable":true,"href":"https:\/\/brotte.com\/index.php\/wp-json\/wp\/v2\/comments?post=52155"}],"version-history":[{"count":2,"href":"https:\/\/brotte.com\/index.php\/wp-json\/wp\/v2\/pages\/52155\/revisions"}],"predecessor-version":[{"id":52591,"href":"https:\/\/brotte.com\/index.php\/wp-json\/wp\/v2\/pages\/52155\/revisions\/52591"}],"wp:featuredmedia":[{"embeddable":true,"href":"https:\/\/brotte.com\/index.php\/wp-json\/wp\/v2\/media\/52156"}],"wp:attachment":[{"href":"https:\/\/brotte.com\/index.php\/wp-json\/wp\/v2\/media?parent=52155"}],"curies":[{"name":"wp","href":"https:\/\/api.w.org\/{rel}","templated":true}]}}