{"id":52137,"date":"2023-03-10T10:57:50","date_gmt":"2023-03-10T09:57:50","guid":{"rendered":"https:\/\/brotte.com\/?page_id=52137"},"modified":"2023-04-11T14:55:32","modified_gmt":"2023-04-11T12:55:32","slug":"nos-domaines","status":"publish","type":"page","link":"https:\/\/brotte.com\/index.php\/en\/nos-domaines\/","title":{"rendered":"Our Domaines"},"content":{"rendered":"<div class=\"wpb-content-wrapper\"><p>[vc_row][vc_column][vc_empty_space][\/vc_column][\/vc_row][vc_row css=&#8221;.vc_custom_1677588341587{padding-right: 10px !important;padding-left: 10px !important;}&#8221;][vc_column width=&#8221;1\/6&#8243;][\/vc_column][vc_column width=&#8221;2\/3&#8243;]<div id=\"ultimate-heading-314169e073ad5d7d9\" class=\"uvc-heading ult-adjust-bottom-margin ultimate-heading-314169e073ad5d7d9 uvc-3241 accent-border-color\" data-hspacer=\"line_only\"  data-halign=\"left\" style=\"text-align:left\"><div class=\"uvc-main-heading ult-responsive\"  data-ultimate-target='.uvc-heading.ultimate-heading-314169e073ad5d7d9 h2'  data-responsive-json-new='{\"font-size\":\"mobile_landscape:24px;\",\"line-height\":\"mobile_landscape:34px;\"}' ><h2 style=\"--font-weight:theme;color:#ffffff;margin-bottom:15px;\">Discover our domaines in the Rh\u00f4ne Valley, in the finest terroirs of Ch\u00e2teauneuf-du-Pape, Cairanne and Villages Laudun<\/h2><\/div><div class=\"uvc-heading-spacer line_only\" style=\"margin-bottom:30px;height:3px;\"><span class=\"uvc-headings-line\" style=\"border-style:solid;border-bottom-width:3px;border-color:;width:150px;\"><\/span><\/div><\/div>[vc_empty_space][vc_column_text css=&#8221;.vc_custom_1678441663993{padding-right: 10px !important;padding-bottom: 20px !important;padding-left: 10px !important;}&#8221;]<\/p>\n<p style=\"text-align: justify;\">Established in <strong>Ch\u00e2teauneuf-du-Pape<\/strong> since <strong>1931<\/strong>, the <strong>Brotte<\/strong> family owns three wine domaines &#8211; three contrasting terroirs in the <strong>Southern Rh\u00f4ne Valley<\/strong>.<\/p>\n<p style=\"text-align: justify;\">Here, the top grape variety, <strong>Grenache<\/strong>, is at its very best and expresses all its fruit. In our red wines, this varietal is beautifully complemented by <strong>Syrah<\/strong> and <strong>Mourv\u00e8dre<\/strong> which bring freshness and structure.<\/p>\n<p style=\"text-align: justify;\">At <strong>Domaine Barville, AOC Ch\u00e2teauneuf-du-Pape<\/strong>, the climate is very hot and the soils are varied. Our wines display their power and silky character to the full.<\/p>\n<p style=\"text-align: justify;\">At <strong>Domaine Grosset, AOC Cairanne<\/strong> (since 2016), the climate is hot and dry and the two different types of soil provide both heat and freshness.<\/p>\n<p style=\"text-align: justify;\">At <strong>Ch\u00e2teau de Bord, AOC C\u00f4tes du Rh\u00f4ne Villages Laudun<\/strong>, the soils are deep and the climate cooler. These factors allow our wines to reveal a great deal of softness and finesse.<\/p>\n<p>[\/vc_column_text][\/vc_column][vc_column width=&#8221;1\/6&#8243;][\/vc_column][\/vc_row][vc_row equal_height=&#8221;yes&#8221; content_placement=&#8221;middle&#8221; css=&#8221;.vc_custom_1677588304483{padding-top: 80px !important;padding-right: 10px !important;padding-bottom: 50px !important;padding-left: 10px !important;}&#8221;][vc_column css_animation=&#8221;slideInLeft&#8221; offset=&#8221;vc_col-lg-6 vc_col-md-6 vc_col-xs-12&#8243; css=&#8221;.vc_custom_1677588022573{padding-bottom: 30px !important;}&#8221;]<style type=\"text\/css\" data-type=\"the7_shortcodes-inline-css\">.shortcode-single-image-wrap.shortcode-single-image-d106f47df270211677337b90ad3b31e3.enable-bg-rollover .rollover i,\n.shortcode-single-image-wrap.shortcode-single-image-d106f47df270211677337b90ad3b31e3.enable-bg-rollover .rollover-video i {\n  background: -webkit-linear-gradient();\n  background: linear-gradient();\n}\n.shortcode-single-image-wrap.shortcode-single-image-d106f47df270211677337b90ad3b31e3 .rollover-icon {\n  font-size: 32px;\n  color: #ffffff;\n  min-width: 44px;\n  min-height: 44px;\n  line-height: 44px;\n  border-radius: 100px;\n  border-style: solid;\n  border-width: 0px;\n}\n.dt-icon-bg-on.shortcode-single-image-wrap.shortcode-single-image-d106f47df270211677337b90ad3b31e3 .rollover-icon {\n  background: rgba(255,255,255,0.3);\n  box-shadow: none;\n}\n<\/style><div class=\"shortcode-single-image-wrap shortcode-single-image-d106f47df270211677337b90ad3b31e3 alignnone  enable-bg-rollover dt-icon-bg-off\" style=\"margin-top:0px; margin-bottom:0px; margin-left:0px; margin-right:0px; width:1200px;\"><div class=\"shortcode-single-image\"><div class=\"fancy-media-wrap  layzr-bg\" style=\"\"><img fetchpriority=\"high\" decoding=\"async\" class=\"preload-me lazy-load aspect\" src=\"data:image\/svg+xml,%3Csvg%20xmlns%3D&#39;http%3A%2F%2Fwww.w3.org%2F2000%2Fsvg&#39;%20viewBox%3D&#39;0%200%201200%20900&#39;%2F%3E\" data-src=\"https:\/\/brotte.com\/wp-content\/uploads\/2022\/12\/IMG_20220607_154930-scaled-1200x900.jpg\" data-srcset=\"https:\/\/brotte.com\/wp-content\/uploads\/2022\/12\/IMG_20220607_154930-scaled-1200x900.jpg 1200w, https:\/\/brotte.com\/wp-content\/uploads\/2022\/12\/IMG_20220607_154930-scaled-1536x1152.jpg 1536w\" loading=\"eager\" sizes=\"(max-width: 1200px) 100vw, 1200px\" width=\"1200\" height=\"900\"  data-dt-location=\"https:\/\/brotte.com\/index.php\/domaine-barville\/img_20220607_154930\/\" style=\"--ratio: 1200 \/ 900;\" alt=\"\" \/><\/div><\/div><\/div>[\/vc_column][vc_column css_animation=&#8221;slideInRight&#8221; offset=&#8221;vc_col-lg-6 vc_col-md-6 vc_col-xs-12&#8243; css=&#8221;.vc_custom_1677588047649{padding-bottom: 30px !important;}&#8221;]<div id=\"ultimate-heading-308169e073ad5f064\" class=\"uvc-heading ult-adjust-bottom-margin ultimate-heading-308169e073ad5f064 uvc-7002 accent-border-color\" data-hspacer=\"line_only\"  data-halign=\"left\" style=\"text-align:left\"><div class=\"uvc-main-heading ult-responsive\"  data-ultimate-target='.uvc-heading.ultimate-heading-308169e073ad5f064 h2'  data-responsive-json-new='{\"font-size\":\"mobile_landscape:24px;\",\"line-height\":\"mobile_landscape:34px;\"}' ><h2 style=\"--font-weight:theme;color:#ffffff;margin-bottom:15px;\">Domaine Barville - AOC Ch\u00e2teauneuf-du-Pape<\/h2><\/div><div class=\"uvc-heading-spacer line_only\" style=\"margin-bottom:30px;height:3px;\"><span class=\"uvc-headings-line\" style=\"border-style:solid;border-bottom-width:3px;border-color:;width:150px;\"><\/span><\/div><\/div>[vc_column_text css=&#8221;.vc_custom_1681217673859{padding-right: 10px !important;padding-bottom: 20px !important;padding-left: 10px !important;}&#8221;]<\/p>\n<p style=\"text-align: justify;\"><b>I<\/b>s Laurent Brotte&#8217;s historic family estate bearing the name of the ancestors whose surname was Barville. The 26,5 hectares of vineyards are located west of the village of Ch\u00e2teauneuf-du-Pape&#8230;<\/p>\n<p>[\/vc_column_text]<style type=\"text\/css\" data-type=\"the7_shortcodes-inline-css\">#default-btn-d9e2fedaf7e10be9c06944a5f546e828.ico-right-side > i {\n  margin-right: 0px;\n  margin-left: 5px;\n}\n#default-btn-d9e2fedaf7e10be9c06944a5f546e828 > i {\n  margin-right: 5px;\n}\n<\/style><a href=\"https:\/\/brotte.com\/index.php\/domaine-barville\/\" class=\"default-btn-shortcode dt-btn dt-btn-s link-hover-off ico-right-side btn-inline-left \" id=\"default-btn-d9e2fedaf7e10be9c06944a5f546e828\" title=\"Service \u2013 single page\"><span>+ info<\/span><i class=\"icomoon-the7-font-the7-arrow-09\"><\/i><\/a>[\/vc_column][\/vc_row][vc_row equal_height=&#8221;yes&#8221; content_placement=&#8221;middle&#8221; css=&#8221;.vc_custom_1677588287594{padding-right: 10px !important;padding-bottom: 50px !important;padding-left: 10px !important;}&#8221;][vc_column css_animation=&#8221;slideInLeft&#8221; offset=&#8221;vc_col-lg-6 vc_col-md-6 vc_col-xs-12&#8243; css=&#8221;.vc_custom_1677588065669{padding-bottom: 30px !important;}&#8221;]<style type=\"text\/css\" data-type=\"the7_shortcodes-inline-css\">.shortcode-single-image-wrap.shortcode-single-image-a0f6ec24b113d5fabbaebd2493aaeb2c.enable-bg-rollover .rollover i,\n.shortcode-single-image-wrap.shortcode-single-image-a0f6ec24b113d5fabbaebd2493aaeb2c.enable-bg-rollover .rollover-video i {\n  background: -webkit-linear-gradient();\n  background: linear-gradient();\n}\n.shortcode-single-image-wrap.shortcode-single-image-a0f6ec24b113d5fabbaebd2493aaeb2c .rollover-icon {\n  font-size: 32px;\n  color: #ffffff;\n  min-width: 44px;\n  min-height: 44px;\n  line-height: 44px;\n  border-radius: 100px;\n  border-style: solid;\n  border-width: 0px;\n}\n.dt-icon-bg-on.shortcode-single-image-wrap.shortcode-single-image-a0f6ec24b113d5fabbaebd2493aaeb2c .rollover-icon {\n  background: rgba(255,255,255,0.3);\n  box-shadow: none;\n}\n<\/style><div class=\"shortcode-single-image-wrap shortcode-single-image-a0f6ec24b113d5fabbaebd2493aaeb2c alignnone  enable-bg-rollover dt-icon-bg-off\" style=\"margin-top:0px; margin-bottom:0px; margin-left:0px; margin-right:0px; width:1200px;\"><div class=\"shortcode-single-image\"><div class=\"fancy-media-wrap  layzr-bg\" style=\"\"><img decoding=\"async\" class=\"preload-me lazy-load aspect\" src=\"data:image\/svg+xml,%3Csvg%20xmlns%3D&#39;http%3A%2F%2Fwww.w3.org%2F2000%2Fsvg&#39;%20viewBox%3D&#39;0%200%201200%20900&#39;%2F%3E\" data-src=\"https:\/\/brotte.com\/wp-content\/uploads\/2022\/12\/Domaine-Grosset-001-1200x900.jpg\" data-srcset=\"https:\/\/brotte.com\/wp-content\/uploads\/2022\/12\/Domaine-Grosset-001-1200x900.jpg 1200w, https:\/\/brotte.com\/wp-content\/uploads\/2022\/12\/Domaine-Grosset-001-1777x1333.jpg 1777w\" loading=\"eager\" sizes=\"(max-width: 1200px) 100vw, 1200px\" width=\"1200\" height=\"900\"  data-dt-location=\"https:\/\/brotte.com\/index.php\/domaine-grosset\/domaine-grosset-001\/\" style=\"--ratio: 1200 \/ 900;\" alt=\"\" \/><\/div><\/div><\/div>[\/vc_column][vc_column css_animation=&#8221;slideInRight&#8221; offset=&#8221;vc_col-lg-6 vc_col-md-6 vc_col-xs-12&#8243; css=&#8221;.vc_custom_1677588274857{padding-bottom: 30px !important;}&#8221;]<div id=\"ultimate-heading-104869e073ad5ffca\" class=\"uvc-heading ult-adjust-bottom-margin ultimate-heading-104869e073ad5ffca uvc-6607 accent-border-color\" data-hspacer=\"line_only\"  data-halign=\"left\" style=\"text-align:left\"><div class=\"uvc-main-heading ult-responsive\"  data-ultimate-target='.uvc-heading.ultimate-heading-104869e073ad5ffca h2'  data-responsive-json-new='{\"font-size\":\"mobile_landscape:24px;\",\"line-height\":\"mobile_landscape:34px;\"}' ><h2 style=\"font-weight:bold;color:#ffffff;margin-bottom:15px;\">Domaine Grosset - AOC Cairanne<\/h2><\/div><div class=\"uvc-heading-spacer line_only\" style=\"margin-bottom:30px;height:3px;\"><span class=\"uvc-headings-line\" style=\"border-style:solid;border-bottom-width:3px;border-color:;width:150px;\"><\/span><\/div><\/div>[vc_column_text css=&#8221;.vc_custom_1681217705030{padding-right: 10px !important;padding-bottom: 20px !important;padding-left: 10px !important;}&#8221;]Located in Cairanne, comes from Alain Grosset, Laurent Brotte&#8217;s father-in-law. The Grosset family has always been very active in the village\u2019s community and cultural life and contributes to the development of the AOC&#8230;[\/vc_column_text]<style type=\"text\/css\" data-type=\"the7_shortcodes-inline-css\">#default-btn-faf05d74c78e191f0f6227aa3fb3f319.ico-right-side > i {\n  margin-right: 0px;\n  margin-left: 5px;\n}\n#default-btn-faf05d74c78e191f0f6227aa3fb3f319 > i {\n  margin-right: 5px;\n}\n<\/style><a href=\"https:\/\/brotte.com\/index.php\/domaine-grosset\/\" class=\"default-btn-shortcode dt-btn dt-btn-s link-hover-off ico-right-side btn-inline-left \" id=\"default-btn-faf05d74c78e191f0f6227aa3fb3f319\" title=\"Service \u2013 single page\"><span>+ info<\/span><i class=\"icomoon-the7-font-the7-arrow-09\"><\/i><\/a>[\/vc_column][\/vc_row][vc_row equal_height=&#8221;yes&#8221; content_placement=&#8221;middle&#8221; css=&#8221;.vc_custom_1677588394462{padding-right: 10px !important;padding-bottom: 50px !important;padding-left: 10px !important;}&#8221;][vc_column css_animation=&#8221;slideInLeft&#8221; offset=&#8221;vc_col-lg-6 vc_col-md-6 vc_col-xs-12&#8243; css=&#8221;.vc_custom_1677588083243{padding-bottom: 30px !important;}&#8221;]<style type=\"text\/css\" data-type=\"the7_shortcodes-inline-css\">.shortcode-single-image-wrap.shortcode-single-image-a4751823db53ae2370fcb4a87e5b18ef.enable-bg-rollover .rollover i,\n.shortcode-single-image-wrap.shortcode-single-image-a4751823db53ae2370fcb4a87e5b18ef.enable-bg-rollover .rollover-video i {\n  background: -webkit-linear-gradient();\n  background: linear-gradient();\n}\n.shortcode-single-image-wrap.shortcode-single-image-a4751823db53ae2370fcb4a87e5b18ef .rollover-icon {\n  font-size: 32px;\n  color: #ffffff;\n  min-width: 44px;\n  min-height: 44px;\n  line-height: 44px;\n  border-radius: 100px;\n  border-style: solid;\n  border-width: 0px;\n}\n.dt-icon-bg-on.shortcode-single-image-wrap.shortcode-single-image-a4751823db53ae2370fcb4a87e5b18ef .rollover-icon {\n  background: rgba(255,255,255,0.3);\n  box-shadow: none;\n}\n<\/style><div class=\"shortcode-single-image-wrap shortcode-single-image-a4751823db53ae2370fcb4a87e5b18ef alignnone  enable-bg-rollover dt-icon-bg-off\" style=\"margin-top:0px; margin-bottom:0px; margin-left:0px; margin-right:0px; width:1200px;\"><div class=\"shortcode-single-image\"><div class=\"fancy-media-wrap  layzr-bg\" style=\"\"><img decoding=\"async\" class=\"preload-me lazy-load aspect\" src=\"data:image\/svg+xml,%3Csvg%20xmlns%3D&#39;http%3A%2F%2Fwww.w3.org%2F2000%2Fsvg&#39;%20viewBox%3D&#39;0%200%201042%20782&#39;%2F%3E\" data-src=\"https:\/\/brotte.com\/wp-content\/uploads\/2022\/12\/laudun-004-1042x782.jpg\" data-srcset=\"https:\/\/brotte.com\/wp-content\/uploads\/2022\/12\/laudun-004-1042x782.jpg 1042w\" loading=\"eager\" sizes=\"(max-width: 1042px) 100vw, 1042px\" width=\"1042\" height=\"782\"  data-dt-location=\"https:\/\/brotte.com\/index.php\/chateau-de-bord\/laudun-004\/\" style=\"--ratio: 1042 \/ 782;\" alt=\"\" \/><\/div><\/div><\/div>[\/vc_column][vc_column css_animation=&#8221;slideInRight&#8221; offset=&#8221;vc_col-lg-6 vc_col-md-6 vc_col-xs-12&#8243; css=&#8221;.vc_custom_1677588091956{padding-bottom: 30px !important;}&#8221;]<div id=\"ultimate-heading-457769e073ad60ea2\" class=\"uvc-heading ult-adjust-bottom-margin ultimate-heading-457769e073ad60ea2 uvc-8997 accent-border-color\" data-hspacer=\"line_only\"  data-halign=\"left\" style=\"text-align:left\"><div class=\"uvc-main-heading ult-responsive\"  data-ultimate-target='.uvc-heading.ultimate-heading-457769e073ad60ea2 h2'  data-responsive-json-new='{\"font-size\":\"mobile_landscape:24px;\",\"line-height\":\"mobile_landscape:34px;\"}' ><h2 style=\"font-weight:bold;color:#ffffff;margin-bottom:20px;\">Ch\u00e2teau de Bord - AOC C\u00f4tes du Rh\u00f4ne Villages Laudun<\/h2><\/div><div class=\"uvc-heading-spacer line_only\" style=\"margin-bottom:30px;height:3px;\"><span class=\"uvc-headings-line\" style=\"border-style:solid;border-bottom-width:3px;border-color:;width:150px;\"><\/span><\/div><\/div>[vc_column_text css=&#8221;.vc_custom_1681217730164{padding-bottom: 20px !important;}&#8221;]<\/p>\n<p style=\"text-align: justify;\">Dating back to Roman times, the vineyards of Ch\u00e2teau de Bord in <strong>Laudun<\/strong>\u00a0belonged to the Bishops of Uz\u00e8s in the 11th century. They were then owned by the Count of Toulouse before being abandoned during the French Revolution.<\/p>\n<p>[\/vc_column_text]<style type=\"text\/css\" data-type=\"the7_shortcodes-inline-css\">#default-btn-11f7a5d41b5b268078f663194aae1e97.ico-right-side > i {\n  margin-right: 0px;\n  margin-left: 5px;\n}\n#default-btn-11f7a5d41b5b268078f663194aae1e97 > i {\n  margin-right: 5px;\n}\n<\/style><a href=\"https:\/\/brotte.com\/index.php\/chateau-de-bord\/\" class=\"default-btn-shortcode dt-btn dt-btn-s link-hover-off ico-right-side btn-inline-left \" id=\"default-btn-11f7a5d41b5b268078f663194aae1e97\" title=\"Service \u2013 single page\"><span>+ info<\/span><i class=\"icomoon-the7-font-the7-arrow-09\"><\/i><\/a>[\/vc_column][\/vc_row]<\/p>\n<\/div>","protected":false},"excerpt":{"rendered":"<p>[vc_row][vc_column][vc_empty_space][\/vc_column][\/vc_row][vc_row css=&#8221;.vc_custom_1677588341587{padding-right: 10px !important;padding-left: 10px !important;}&#8221;][vc_column width=&#8221;1\/6&#8243;][\/vc_column][vc_column width=&#8221;2\/3&#8243;][vc_empty_space][vc_column_text css=&#8221;.vc_custom_1678441663993{padding-right: 10px !important;padding-bottom: 20px !important;padding-left: 10px !important;}&#8221;] Established in Ch\u00e2teauneuf-du-Pape since 1931, the Brotte family owns three wine domaines &#8211; three contrasting terroirs in the Southern Rh\u00f4ne Valley. Here, the top grape variety, Grenache, is at its very best and expresses all its fruit. In our red&hellip;<\/p>\n","protected":false},"author":1,"featured_media":52138,"parent":0,"menu_order":16,"comment_status":"closed","ping_status":"closed","template":"","meta":{"footnotes":""},"class_list":["post-52137","page","type-page","status-publish","has-post-thumbnail","hentry","description-off"],"lang":"en","translations":{"en":52137,"fr":3165},"pll_sync_post":[],"_links":{"self":[{"href":"https:\/\/brotte.com\/index.php\/wp-json\/wp\/v2\/pages\/52137","targetHints":{"allow":["GET"]}}],"collection":[{"href":"https:\/\/brotte.com\/index.php\/wp-json\/wp\/v2\/pages"}],"about":[{"href":"https:\/\/brotte.com\/index.php\/wp-json\/wp\/v2\/types\/page"}],"author":[{"embeddable":true,"href":"https:\/\/brotte.com\/index.php\/wp-json\/wp\/v2\/users\/1"}],"replies":[{"embeddable":true,"href":"https:\/\/brotte.com\/index.php\/wp-json\/wp\/v2\/comments?post=52137"}],"version-history":[{"count":4,"href":"https:\/\/brotte.com\/index.php\/wp-json\/wp\/v2\/pages\/52137\/revisions"}],"predecessor-version":[{"id":52383,"href":"https:\/\/brotte.com\/index.php\/wp-json\/wp\/v2\/pages\/52137\/revisions\/52383"}],"wp:featuredmedia":[{"embeddable":true,"href":"https:\/\/brotte.com\/index.php\/wp-json\/wp\/v2\/media\/52138"}],"wp:attachment":[{"href":"https:\/\/brotte.com\/index.php\/wp-json\/wp\/v2\/media?parent=52137"}],"curies":[{"name":"wp","href":"https:\/\/api.w.org\/{rel}","templated":true}]}}