{"id":52131,"date":"2023-03-10T10:43:25","date_gmt":"2023-03-10T09:43:25","guid":{"rendered":"https:\/\/brotte.com\/?page_id=52131"},"modified":"2023-03-21T15:04:42","modified_gmt":"2023-03-21T14:04:42","slug":"la-vallee-du-rhone","status":"publish","type":"page","link":"https:\/\/brotte.com\/index.php\/en\/la-vallee-du-rhone\/","title":{"rendered":"The Rh\u00f4ne Valley"},"content":{"rendered":"<div class=\"wpb-content-wrapper\"><p>[vc_row full_width=&#8221;stretch_row_content_no_spaces&#8221; bg_type=&#8221;image&#8221; parallax_style=&#8221;vcpb-vz-jquery&#8221; bg_image_new=&#8221;id^3267|url^https:\/\/brotte.com\/wp-content\/uploads\/2022\/12\/Vallee-du-Rhone-Nord.jpg|caption^null|alt^null|title^Vall\u00e9\u00e9 du Rh\u00f4ne Nord|description^null&#8221; bg_image_repeat=&#8221;no-repeat&#8221; parallax_sense=&#8221;60&#8243; bg_override=&#8221;full&#8221; disable_on_mobile_img_parallax=&#8221;disable_on_mobile_img_parallax_value&#8221; enable_overlay=&#8221;enable_overlay_value&#8221; overlay_color=&#8221;rgba(0,0,0,0.5)&#8221;][vc_column css_animation=&#8221;fadeIn&#8221; css=&#8221;.vc_custom_1671550810219{padding-top: 13% !important;padding-bottom: 11% !important;background-position: center !important;background-repeat: no-repeat !important;background-size: contain !important;}&#8221;]<div id=\"ultimate-heading-110869de5277b5482\" class=\"uvc-heading ult-adjust-bottom-margin ultimate-heading-110869de5277b5482 uvc-5899 \" data-hspacer=\"no_spacer\"  data-halign=\"center\" style=\"text-align:center\"><div class=\"uvc-heading-spacer no_spacer\" style=\"top\"><\/div><div class=\"uvc-main-heading ult-responsive\"  data-ultimate-target='.uvc-heading.ultimate-heading-110869de5277b5482 h1'  data-responsive-json-new='{\"font-size\":\"desktop:50px;tablet:60px;tablet_portrait:40px;mobile_landscape:30px;\",\"line-height\":\"desktop:78px;tablet:68px;tablet_portrait:44px;mobile_landscape:34px;\"}' ><h1 style=\"font-family:&#039;Heebo&#039;;font-weight:200;color:#ffffff;margin-bottom:5px;\">The Rh\u00f4ne Valley<\/h1><\/div><\/div>[\/vc_column][\/vc_row][vc_row content_placement=&#8221;middle&#8221; css=&#8221;.vc_custom_1677575607172{margin-right: 0px !important;margin-left: 0px !important;padding-top: 0px !important;padding-bottom: 90px !important;}&#8221;][vc_column parallax=&#8221;content-moving&#8221; parallax_image=&#8221;32&#8243; css=&#8221;.vc_custom_1671697161283{margin-top: -60px !important;margin-right: 0px !important;padding-top: 100px !important;padding-right: 0px !important;padding-bottom: 0px !important;background-color: rgba(104,104,104,0.01) !important;*background-color: rgb(104,104,104) !important;}&#8221;][vc_empty_space height=&#8221;64px&#8221;]<div id=\"ultimate-heading-89769de5277b54e2\" class=\"uvc-heading ult-adjust-bottom-margin ultimate-heading-89769de5277b54e2 uvc-3852  uvc-heading-default-font-sizes\" data-hspacer=\"no_spacer\"  data-halign=\"left\" style=\"text-align:left\"><div class=\"uvc-heading-spacer no_spacer\" style=\"top\"><\/div><div class=\"uvc-main-heading ult-responsive\"  data-ultimate-target='.uvc-heading.ultimate-heading-89769de5277b54e2 h2'  data-responsive-json-new='{\"font-size\":\"\",\"line-height\":\"\"}' ><h2 style=\"--font-weight:theme;color:#ffffff;margin-bottom:35px;\">History of the wine region<\/h2><\/div><div class=\"uvc-sub-heading ult-responsive\"  data-ultimate-target='.uvc-heading.ultimate-heading-89769de5277b54e2 .uvc-sub-heading '  data-responsive-json-new='{\"font-size\":\"\",\"line-height\":\"\"}'  style=\"font-weight:normal;color:#d3d3d3;margin-bottom:30px;\"><\/p>\n<p style=\"text-align: justify;\">Established by the Greeks in the 5th century B.C., the Rh\u00f4ne Valley vineyards are among the oldest in France. The Romans played an important role in their development over several centuries and the navigable Rhone River was the main trade route for the wines.<\/p>\n<p style=\"text-align: justify;\">Although the collapse of the Roman Empire suddenly curtailed the wine region&#8217;s commercial growth, the Papacy revived the Rh\u00f4ne Valley wines\u2019 economic growth from the 14th century onwards.<\/p>\n<p style=\"text-align: justify;\">Between the 18th and the end of the 19th century, the wine region suffered from a record-breaking frost and the invasion of Phylloxera.<\/p>\n<p style=\"text-align: justify;\">The turn of the 20th century saw the start of the cooperative movement within the wine industry, which led to the vineyards obtaining AOC status. Baron Leroy, a wine producer in Ch\u00e2teauneuf-du-Pape and co-founder of the Institut National des AOC, was instrumental in the creation of the very first AOC, the Ch\u00e2teauneuf-du-Pape AOC, in 1936. The following year, he also played an important role in the achievement of AOC status for the C\u00f4tes-du-Rh\u00f4ne. Since then, AOC status and the guarantee of quality have given the region&#8217;s wine producers a collective purpose.<\/p>\n<p><\/div><\/div>[\/vc_column][\/vc_row][vc_row full_width=&#8221;stretch_row_content&#8221; full_height=&#8221;yes&#8221; columns_placement=&#8221;top&#8221; content_placement=&#8221;bottom&#8221; bg_type=&#8221;image&#8221; parallax_style=&#8221;vcpb-vz-jquery&#8221; bg_image_new=&#8221;id^3633|url^https:\/\/brotte.com\/wp-content\/uploads\/2022\/12\/IR_05282_A5.jpeg|caption^AOC Gigondas \/ AOC Gigondas|alt^null|title^IR_05282|description^null&#8221; bg_image_repeat=&#8221;no-repeat&#8221; bg_override=&#8221;full&#8221; disable_on_mobile_img_parallax=&#8221;disable_on_mobile_img_parallax_value&#8221; css=&#8221;.vc_custom_1677667152442{padding-top: 0px !important;padding-bottom: 900px !important;}&#8221;][vc_column width=&#8221;1\/2&#8243; offset=&#8221;vc_col-lg-offset-6 vc_col-lg-6 vc_col-md-offset-5 vc_col-md-7 vc_col-sm-offset-4&#8243; css=&#8221;.vc_custom_1568886234691{padding-right: 12% !important;padding-left: 12% !important;}&#8221;]<div id=\"ultimate-heading-344569de5277b550c\" class=\"uvc-heading ult-adjust-bottom-margin ultimate-heading-344569de5277b550c uvc-6143  uvc-heading-default-font-sizes\" data-hspacer=\"no_spacer\"  data-halign=\"right\" style=\"text-align:right\"><div class=\"uvc-heading-spacer no_spacer\" style=\"top\"><\/div><\/div>[\/vc_column][\/vc_row][vc_row full_height=&#8221;yes&#8221; columns_placement=&#8221;top&#8221; bg_type=&#8221;image&#8221; css=&#8221;.vc_custom_1671718432604{margin-right: 0px !important;margin-left: 0px !important;padding-top: 0px !important;padding-bottom: 0px !important;}&#8221;][vc_column parallax=&#8221;content-moving&#8221; width=&#8221;1\/2&#8243; css=&#8221;.vc_custom_1671637906801{margin-top: -60px !important;margin-right: 0px !important;padding-top: 200px !important;padding-right: 0px !important;padding-bottom: 200px !important;background-color: rgba(214,214,214,0) !important;*background-color: rgb(214,214,214) !important;}&#8221;]<div id=\"ultimate-heading-598669de5277b5532\" class=\"uvc-heading ult-adjust-bottom-margin ultimate-heading-598669de5277b5532 uvc-6752  uvc-heading-default-font-sizes\" data-hspacer=\"no_spacer\"  data-halign=\"left\" style=\"text-align:left\"><div class=\"uvc-heading-spacer no_spacer\" style=\"top\"><\/div><div class=\"uvc-main-heading ult-responsive\"  data-ultimate-target='.uvc-heading.ultimate-heading-598669de5277b5532 h2'  data-responsive-json-new='{\"font-size\":\"\",\"line-height\":\"\"}' ><h2 style=\"--font-weight:theme;color:#ffffff;margin-bottom:35px;\">Geographical location<\/h2><\/div><div class=\"uvc-sub-heading ult-responsive\"  data-ultimate-target='.uvc-heading.ultimate-heading-598669de5277b5532 .uvc-sub-heading '  data-responsive-json-new='{\"font-size\":\"\",\"line-height\":\"\"}'  style=\"font-weight:normal;margin-bottom:30px;\"><\/p>\n<p style=\"text-align: justify;\">The Rh\u00f4ne Valley stretches along both banks of the Rh\u00f4ne for about 200 km from Vienne to Avignon. It encompasses six departments, Rh\u00f4ne, Loire, Ard\u00e8che, Dr\u00f4me, Vaucluse and Gard, and is divided into two distinct parts: the northern area, from Vienne to Valence, and the southern area, from Mont\u00e9limar to Avignon.<\/p>\n<p><\/div><\/div>[\/vc_column][vc_column width=&#8221;1\/2&#8243; css=&#8221;.vc_custom_1671718423482{padding-bottom: 0px !important;}&#8221;]<style type=\"text\/css\" data-type=\"the7_shortcodes-inline-css\">.shortcode-single-image-wrap.shortcode-single-image-57899d1ca0e8ae44a66de1b6bd8f1316.enable-bg-rollover .rollover i,\n.shortcode-single-image-wrap.shortcode-single-image-57899d1ca0e8ae44a66de1b6bd8f1316.enable-bg-rollover .rollover-video i {\n  background: -webkit-linear-gradient();\n  background: linear-gradient();\n}\n.shortcode-single-image-wrap.shortcode-single-image-57899d1ca0e8ae44a66de1b6bd8f1316 .rollover-icon {\n  font-size: 32px;\n  color: #ffffff;\n  min-width: 44px;\n  min-height: 44px;\n  line-height: 44px;\n  border-radius: 100px;\n  border-style: solid;\n  border-width: 0px;\n}\n.dt-icon-bg-on.shortcode-single-image-wrap.shortcode-single-image-57899d1ca0e8ae44a66de1b6bd8f1316 .rollover-icon {\n  background: rgba(255,255,255,0.3);\n  box-shadow: none;\n}\n<\/style><div class=\"shortcode-single-image-wrap shortcode-single-image-57899d1ca0e8ae44a66de1b6bd8f1316 alignnone  enable-bg-rollover dt-icon-bg-off\" style=\"margin-top:0px; margin-bottom:0px; margin-left:0px; margin-right:0px; width:500px;\"><div class=\"shortcode-single-image\"><div class=\"fancy-media-wrap\" style=\"\"><a class=\"layzr-bg rollover rollover-zoom dt-pswp-item pswp-image\" href=\"https:\/\/brotte.com\/wp-content\/uploads\/2022\/12\/carte-de-la-vallee-du-rhone-scaled.jpg\" title=\"carte de la vall\u00e9e du rh\u00f4ne\" data-dt-img-description=\"\" data-large_image_width=\"1811\" data-large_image_height = \"2560\"  style=\"\"><img fetchpriority=\"high\" decoding=\"async\" class=\"preload-me lazy-load aspect\" src=\"data:image\/svg+xml,%3Csvg%20xmlns%3D&#39;http%3A%2F%2Fwww.w3.org%2F2000%2Fsvg&#39;%20viewBox%3D&#39;0%200%20500%20706&#39;%2F%3E\" data-src=\"https:\/\/brotte.com\/wp-content\/uploads\/2022\/12\/carte-de-la-vallee-du-rhone-scaled-500x706.jpg\" data-srcset=\"https:\/\/brotte.com\/wp-content\/uploads\/2022\/12\/carte-de-la-vallee-du-rhone-scaled-500x706.jpg 500w, https:\/\/brotte.com\/wp-content\/uploads\/2022\/12\/carte-de-la-vallee-du-rhone-scaled-1000x1412.jpg 1000w\" loading=\"eager\" style=\"--ratio: 500 \/ 706\" sizes=\"(max-width: 500px) 100vw, 500px\" width=\"500\" height=\"706\"  data-dt-location=\"https:\/\/brotte.com\/index.php\/la-vallee-du-rhone\/carte-de-la-vallee-du-rhone\/\" alt=\"\" \/><span class=\" rollover-icon icomoon-the7-font-the7-zoom-01\"><\/span><\/a><\/div><\/div><\/div>[\/vc_column][\/vc_row][vc_row full_width=&#8221;stretch_row_content&#8221; full_height=&#8221;yes&#8221; columns_placement=&#8221;top&#8221; content_placement=&#8221;bottom&#8221; bg_type=&#8221;image&#8221; parallax_style=&#8221;vcpb-vz-jquery&#8221; bg_image_new=&#8221;id^3632|url^https:\/\/brotte.com\/wp-content\/uploads\/2022\/12\/IR_05264_A5.jpeg|caption^AOC Gigondas \/ AOC Gigondas|alt^null|title^IR_05264|description^null&#8221; bg_image_repeat=&#8221;no-repeat&#8221; bg_override=&#8221;full&#8221; disable_on_mobile_img_parallax=&#8221;disable_on_mobile_img_parallax_value&#8221; css=&#8221;.vc_custom_1677583876923{padding-top: 0px !important;padding-bottom: 0px !important;}&#8221;][vc_column width=&#8221;1\/2&#8243; offset=&#8221;vc_col-lg-offset-6 vc_col-lg-6 vc_col-md-offset-5 vc_col-md-7 vc_col-sm-offset-4&#8243; css=&#8221;.vc_custom_1568886234691{padding-right: 12% !important;padding-left: 12% !important;}&#8221;]<div id=\"ultimate-heading-674369de5277b67f0\" class=\"uvc-heading ult-adjust-bottom-margin ultimate-heading-674369de5277b67f0 uvc-169  uvc-heading-default-font-sizes\" data-hspacer=\"no_spacer\"  data-halign=\"right\" style=\"text-align:right\"><div class=\"uvc-heading-spacer no_spacer\" style=\"top\"><\/div><\/div>[\/vc_column][\/vc_row][vc_row equal_height=&#8221;yes&#8221; bg_type=&#8221;bg_color&#8221; css=&#8221;.vc_custom_1671703586932{margin-right: 0px !important;margin-left: 0px !important;padding-bottom: 0px !important;}&#8221; bg_color_value=&#8221;rgba(0,0,0,0.01)&#8221;][vc_column parallax=&#8221;content-moving&#8221; css=&#8221;.vc_custom_1671715746106{margin-top: -60px !important;margin-right: 0px !important;padding-top: 100px !important;padding-right: 0px !important;padding-bottom: 100px !important;background-color: rgba(221,221,221,0) !important;*background-color: rgb(221,221,221) !important;}&#8221;]<div id=\"ultimate-heading-901469de5277b6821\" class=\"uvc-heading ult-adjust-bottom-margin ultimate-heading-901469de5277b6821 uvc-2574  uvc-heading-default-font-sizes\" data-hspacer=\"no_spacer\"  data-halign=\"left\" style=\"text-align:left\"><div class=\"uvc-heading-spacer no_spacer\" style=\"top\"><\/div><div class=\"uvc-main-heading ult-responsive\"  data-ultimate-target='.uvc-heading.ultimate-heading-901469de5277b6821 h2'  data-responsive-json-new='{\"font-size\":\"\",\"line-height\":\"\"}' ><h2 style=\"--font-weight:theme;color:#ffffff;margin-bottom:35px;\">The Rh\u00f4ne Valley climate and soils:<\/h2><\/div><div class=\"uvc-sub-heading ult-responsive\"  data-ultimate-target='.uvc-heading.ultimate-heading-901469de5277b6821 .uvc-sub-heading '  data-responsive-json-new='{\"font-size\":\"\",\"line-height\":\"\"}'  style=\"font-weight:normal;margin-bottom:30px;\"><\/p>\n<p style=\"text-align: justify;\"><span style=\"font-family: arial, helvetica, sans-serif; font-size: 14pt; color: #808080;\">The Rh\u00f4ne Valley wine region is subject to two distinct climatic influences:<\/span><\/p>\n<p style=\"text-align: justify;\"><strong><span style=\"color: #aa2347;\">THE NOTHERN AREA, referred to as the septentrional area:<\/span><\/strong><\/p>\n<p style=\"text-align: justify;\">From Vienne to Valence, the climate is temperate continental, characterised by regular rainfall. The Bise, a cold, dry north wind, purifies the atmosphere and concentrates and accelerates the ripening of the grapes.<\/p>\n<p style=\"text-align: justify;\">The main soils here are clay, gravel and granite.<\/p>\n<p style=\"text-align: justify;\"><strong><span style=\"color: #aa2347;\">THE SOUTHERN AREA, referred to as the meridional area:<\/span><\/strong><\/p>\n<p style=\"text-align: justify;\">South of Mont\u00e9limar, the climate is Mediterranean and characterised by dry summers and winters. The annual rainfall is spread over only 70 days, mainly in autumn, which creates periods of drought. The Mistral, a frequent and particularly strong northerly wind, is beneficial to the vineyards as it removes all the moisture after the storms and clears the sky.<\/p>\n<p style=\"text-align: justify;\">The main soils here are stony clay, limestone and sand.<\/p>\n<p><\/div><\/div>[\/vc_column][\/vc_row][vc_row full_width=&#8221;stretch_row_content&#8221; full_height=&#8221;yes&#8221; columns_placement=&#8221;top&#8221; content_placement=&#8221;bottom&#8221; bg_type=&#8221;image&#8221; parallax_style=&#8221;vcpb-vz-jquery&#8221; bg_image_new=&#8221;id^3630|url^https:\/\/brotte.com\/wp-content\/uploads\/2022\/12\/IR_01346_A5.jpeg|caption^Vacqueyras \/ Vacqueyras|alt^null|title^IR_01346|description^null&#8221; bg_image_repeat=&#8221;no-repeat&#8221; bg_override=&#8221;full&#8221; disable_on_mobile_img_parallax=&#8221;disable_on_mobile_img_parallax_value&#8221; css=&#8221;.vc_custom_1677583915098{padding-top: 20% !important;padding-bottom: 60px !important;}&#8221;][vc_column width=&#8221;1\/2&#8243; offset=&#8221;vc_col-lg-offset-6 vc_col-lg-6 vc_col-md-offset-5 vc_col-md-7 vc_col-sm-offset-4&#8243; css=&#8221;.vc_custom_1568886234691{padding-right: 12% !important;padding-left: 12% !important;}&#8221;]<div id=\"ultimate-heading-241569de5277b684a\" class=\"uvc-heading ult-adjust-bottom-margin ultimate-heading-241569de5277b684a uvc-1174  uvc-heading-default-font-sizes\" data-hspacer=\"no_spacer\"  data-halign=\"right\" style=\"text-align:right\"><div class=\"uvc-heading-spacer no_spacer\" style=\"top\"><\/div><\/div>[\/vc_column][\/vc_row][vc_row equal_height=&#8221;yes&#8221; bg_type=&#8221;bg_color&#8221; css=&#8221;.vc_custom_1671697867283{margin-right: 0px !important;margin-left: 0px !important;padding-bottom: 80px !important;}&#8221; bg_color_value=&#8221;rgba(0,0,0,0.01)&#8221;][vc_column parallax=&#8221;content-moving&#8221; width=&#8221;1\/2&#8243; css=&#8221;.vc_custom_1671715761277{margin-top: -60px !important;margin-right: 0px !important;padding-top: 100px !important;padding-right: 0px !important;padding-bottom: 0px !important;background-color: rgba(214,214,214,0) !important;*background-color: rgb(214,214,214) !important;}&#8221;]<div id=\"ultimate-heading-46669de5277b686b\" class=\"uvc-heading ult-adjust-bottom-margin ultimate-heading-46669de5277b686b uvc-6820  uvc-heading-default-font-sizes\" data-hspacer=\"no_spacer\"  data-halign=\"left\" style=\"text-align:left\"><div class=\"uvc-heading-spacer no_spacer\" style=\"top\"><\/div><div class=\"uvc-main-heading ult-responsive\"  data-ultimate-target='.uvc-heading.ultimate-heading-46669de5277b686b h2'  data-responsive-json-new='{\"font-size\":\"\",\"line-height\":\"\"}' ><h2 style=\"--font-weight:theme;color:#ffffff;margin-bottom:35px;\">The Rh\u00f4ne Valley grape varieties<\/h2><\/div><div class=\"uvc-sub-heading ult-responsive\"  data-ultimate-target='.uvc-heading.ultimate-heading-46669de5277b686b .uvc-sub-heading '  data-responsive-json-new='{\"font-size\":\"\",\"line-height\":\"\"}'  style=\"font-weight:normal;margin-bottom:30px;\"><\/p>\n<p style=\"text-align: justify;\">The <strong>Rh\u00f4ne Valley grape varieties<\/strong> fall into two main categories: red grape varieties and white grape varieties. The red grape varieties most commonly grown in the Rh\u00f4ne Valley are <strong>Grenache, Syrah, Mourv\u00e8dre and Carignan<\/strong>. These varieties produce powerful and aromatic red wines with red fruit and spice aromas.<\/p>\n<p style=\"text-align: justify;\">Among the white grape varieties most commonly grown in the Rh\u00f4ne Valley are <strong>Viognier, Roussanne, Marsanne and Grenache Blanc. <\/strong>These varieties produce dry, aromatic white wines with floral and exotic fruit aromas.<\/p>\n<p style=\"text-align: justify;\">In addition to these red and white varieties, the Rh\u00f4ne Valley also produces ros\u00e9 wines from <strong>Grenache, Syrah and Cinsault<\/strong>.<\/p>\n<p style=\"text-align: justify;\">The Rh\u00f4ne Valley has been renowned for the quality of its wines since ancient times and it remains one of France\u2019s top wine regions today. The Rh\u00f4ne Valley grape varieties are highly appreciated for their unique character and ability to produce high-quality wines.<\/p>\n<p><\/div><\/div>[\/vc_column][vc_column width=&#8221;1\/2&#8243; css=&#8221;.vc_custom_1671712244135{padding-top: 150px !important;}&#8221;][\/vc_column][\/vc_row]<\/p>\n<\/div>","protected":false},"excerpt":{"rendered":"<p>[vc_row full_width=&#8221;stretch_row_content_no_spaces&#8221; bg_type=&#8221;image&#8221; parallax_style=&#8221;vcpb-vz-jquery&#8221; bg_image_new=&#8221;id^3267|url^https:\/\/brotte.com\/wp-content\/uploads\/2022\/12\/Vallee-du-Rhone-Nord.jpg|caption^null|alt^null|title^Vall\u00e9\u00e9 du Rh\u00f4ne Nord|description^null&#8221; bg_image_repeat=&#8221;no-repeat&#8221; parallax_sense=&#8221;60&#8243; bg_override=&#8221;full&#8221; disable_on_mobile_img_parallax=&#8221;disable_on_mobile_img_parallax_value&#8221; enable_overlay=&#8221;enable_overlay_value&#8221; overlay_color=&#8221;rgba(0,0,0,0.5)&#8221;][vc_column css_animation=&#8221;fadeIn&#8221; css=&#8221;.vc_custom_1671550810219{padding-top: 13% !important;padding-bottom: 11% !important;background-position: center !important;background-repeat: no-repeat !important;background-size: contain !important;}&#8221;][\/vc_column][\/vc_row][vc_row content_placement=&#8221;middle&#8221; css=&#8221;.vc_custom_1677575607172{margin-right: 0px !important;margin-left: 0px !important;padding-top: 0px !important;padding-bottom: 90px !important;}&#8221;][vc_column parallax=&#8221;content-moving&#8221; parallax_image=&#8221;32&#8243; css=&#8221;.vc_custom_1671697161283{margin-top: -60px !important;margin-right: 0px !important;padding-top: 100px !important;padding-right: 0px !important;padding-bottom: 0px !important;background-color: rgba(104,104,104,0.01) !important;*background-color: rgb(104,104,104) !important;}&#8221;][vc_empty_space height=&#8221;64px&#8221;][\/vc_column][\/vc_row][vc_row full_width=&#8221;stretch_row_content&#8221;&hellip;<\/p>\n","protected":false},"author":1,"featured_media":0,"parent":0,"menu_order":0,"comment_status":"closed","ping_status":"closed","template":"","meta":{"footnotes":""},"class_list":["post-52131","page","type-page","status-publish","hentry","description-off"],"lang":"en","translations":{"en":52131,"fr":6},"pll_sync_post":[],"_links":{"self":[{"href":"https:\/\/brotte.com\/index.php\/wp-json\/wp\/v2\/pages\/52131","targetHints":{"allow":["GET"]}}],"collection":[{"href":"https:\/\/brotte.com\/index.php\/wp-json\/wp\/v2\/pages"}],"about":[{"href":"https:\/\/brotte.com\/index.php\/wp-json\/wp\/v2\/types\/page"}],"author":[{"embeddable":true,"href":"https:\/\/brotte.com\/index.php\/wp-json\/wp\/v2\/users\/1"}],"replies":[{"embeddable":true,"href":"https:\/\/brotte.com\/index.php\/wp-json\/wp\/v2\/comments?post=52131"}],"version-history":[{"count":4,"href":"https:\/\/brotte.com\/index.php\/wp-json\/wp\/v2\/pages\/52131\/revisions"}],"predecessor-version":[{"id":52135,"href":"https:\/\/brotte.com\/index.php\/wp-json\/wp\/v2\/pages\/52131\/revisions\/52135"}],"wp:attachment":[{"href":"https:\/\/brotte.com\/index.php\/wp-json\/wp\/v2\/media?parent=52131"}],"curies":[{"name":"wp","href":"https:\/\/api.w.org\/{rel}","templated":true}]}}