{"id":3671,"date":"2022-12-22T16:30:10","date_gmt":"2022-12-22T15:30:10","guid":{"rendered":"https:\/\/brotte.com\/?page_id=3671"},"modified":"2023-03-07T10:47:09","modified_gmt":"2023-03-07T09:47:09","slug":"conversion-bio","status":"publish","type":"page","link":"https:\/\/brotte.com\/index.php\/conversion-bio\/","title":{"rendered":"Conversion Bio"},"content":{"rendered":"<div class=\"wpb-content-wrapper\"><p>[vc_row][vc_column width=&#8221;1\/2&#8243;][vc_empty_space]<div id=\"ultimate-heading-941369d77c510b207\" class=\"uvc-heading ult-adjust-bottom-margin ultimate-heading-941369d77c510b207 uvc-5891  uvc-heading-default-font-sizes\" data-hspacer=\"no_spacer\"  data-halign=\"center\" style=\"text-align:center\"><div class=\"uvc-heading-spacer no_spacer\" style=\"top\"><\/div><div class=\"uvc-sub-heading ult-responsive\"  data-ultimate-target='.uvc-heading.ultimate-heading-941369d77c510b207 .uvc-sub-heading '  data-responsive-json-new='{\"font-size\":\"\",\"line-height\":\"\"}'  style=\"font-weight:normal;\"><\/p>\n<h4 style=\"text-align: justify;\"><span style=\"color: #ffffff; font-size: 18pt;\">Certification Agriculture Biologique<\/span><\/h4>\n<p style=\"text-align: justify;\">Nos vignobles sont en conversion vers l&#8217;agriculture biologique depuis 2020 \u00e0 Ch\u00e2teauneuf-du-Pape et depuis 2022 \u00e0 Laudun et Cairanne.<\/p>\n<p style=\"text-align: justify;\">L\u2019agriculture biologique est une certification sur plusieurs points cl\u00e9s\u00a0:<\/p>\n<ul style=\"text-align: justify;\">\n<li style=\"text-align: justify;\">Interdiction totale des pesticides de synth\u00e8se\u00a0: en agriculture biologique, les traitements phytosanitaires sont n\u00e9cessaires comme en agriculture conventionnelle mais ils ne peuvent \u00eatre r\u00e9alis\u00e9s qu\u2019avec des produits naturels comme le cuivre ou le soufre qui ont des effets moindres sur la nature et la sant\u00e9 humaine.<\/li>\n<li style=\"text-align: justify;\">Cette pr\u00e9c\u00e9dente interdiction conduit l\u2019agriculteur biologique \u00e0 ne plus utiliser de d\u00e9sherbants. Les herbes sont ainsi dans la quasi-totalit\u00e9 des cas \u00e9limin\u00e9es par des labours du sol plus ou moins superficiels autour des cultures.<\/li>\n<li style=\"text-align: justify;\">Les engrais min\u00e9raux sont interdits. L\u2019agriculture biologique n\u2019utilise que des engrais organiques (fumiers d\u2019animaux transform\u00e9s). Cela permet d\u2019am\u00e9liorer la qualit\u00e9 et la vie des sols et de rejeter moins de nitrates dans les eaux naturelles.<\/li>\n<li>La quantit\u00e9 de soufre dans les vins est limit\u00e9e (100mg\/l)<\/li>\n<\/ul>\n<p style=\"text-align: justify;\">Nous sommes d\u00e9j\u00e0 certifi\u00e9s Bio pour nos activit\u00e9s de vinification \u00e0 partir de raisins biologiques depuis 2020 ainsi que pour notre cha\u00eene d\u2019embouteillage depuis 2019.<\/p>\n<p><\/div><\/div>[\/vc_column][vc_column width=&#8221;1\/2&#8243;][vc_empty_space][\/vc_column][\/vc_row]<\/p>\n<\/div>","protected":false},"excerpt":{"rendered":"<p>[vc_row][vc_column width=&#8221;1\/2&#8243;][vc_empty_space][\/vc_column][vc_column width=&#8221;1\/2&#8243;][vc_empty_space][\/vc_column][\/vc_row]<\/p>\n","protected":false},"author":1,"featured_media":51622,"parent":0,"menu_order":17,"comment_status":"closed","ping_status":"closed","template":"","meta":{"footnotes":""},"class_list":["post-3671","page","type-page","status-publish","has-post-thumbnail","hentry","description-off"],"lang":"fr","translations":{"fr":3671,"en":52159},"pll_sync_post":[],"_links":{"self":[{"href":"https:\/\/brotte.com\/index.php\/wp-json\/wp\/v2\/pages\/3671","targetHints":{"allow":["GET"]}}],"collection":[{"href":"https:\/\/brotte.com\/index.php\/wp-json\/wp\/v2\/pages"}],"about":[{"href":"https:\/\/brotte.com\/index.php\/wp-json\/wp\/v2\/types\/page"}],"author":[{"embeddable":true,"href":"https:\/\/brotte.com\/index.php\/wp-json\/wp\/v2\/users\/1"}],"replies":[{"embeddable":true,"href":"https:\/\/brotte.com\/index.php\/wp-json\/wp\/v2\/comments?post=3671"}],"version-history":[{"count":14,"href":"https:\/\/brotte.com\/index.php\/wp-json\/wp\/v2\/pages\/3671\/revisions"}],"predecessor-version":[{"id":51966,"href":"https:\/\/brotte.com\/index.php\/wp-json\/wp\/v2\/pages\/3671\/revisions\/51966"}],"wp:featuredmedia":[{"embeddable":true,"href":"https:\/\/brotte.com\/index.php\/wp-json\/wp\/v2\/media\/51622"}],"wp:attachment":[{"href":"https:\/\/brotte.com\/index.php\/wp-json\/wp\/v2\/media?parent=3671"}],"curies":[{"name":"wp","href":"https:\/\/api.w.org\/{rel}","templated":true}]}}