{"id":3657,"date":"2022-12-22T15:53:47","date_gmt":"2022-12-22T14:53:47","guid":{"rendered":"https:\/\/brotte.com\/?page_id=3657"},"modified":"2024-01-22T13:15:43","modified_gmt":"2024-01-22T12:15:43","slug":"hve","status":"publish","type":"page","link":"https:\/\/brotte.com\/index.php\/hve\/","title":{"rendered":"Haute Valeur Environnementale"},"content":{"rendered":"<div class=\"wpb-content-wrapper\"><p>[vc_row equal_height=&#8221;yes&#8221; content_placement=&#8221;middle&#8221; css=&#8221;.vc_custom_1580055585962{padding-top: 80px !important;padding-bottom: 50px !important;}&#8221; el_class=&#8221;phone-reverse-col&#8221;][vc_column width=&#8221;1\/2&#8243; offset=&#8221;vc_col-lg-6 vc_col-md-6 vc_col-xs-12&#8243; css=&#8221;.vc_custom_1580055289499{padding-bottom: 30px !important;}&#8221;]<div id=\"ultimate-heading-816769e11bdd79b47\" class=\"uvc-heading ult-adjust-bottom-margin ultimate-heading-816769e11bdd79b47 uvc-9160 accent-border-color\" data-hspacer=\"line_only\"  data-halign=\"left\" style=\"text-align:left\"><div class=\"uvc-main-heading ult-responsive\"  data-ultimate-target='.uvc-heading.ultimate-heading-816769e11bdd79b47 h2'  data-responsive-json-new='{\"font-size\":\"mobile_landscape:24px;\",\"line-height\":\"mobile_landscape:34px;\"}' ><h2 style=\"--font-weight:theme;color:#ffffff;margin-bottom:15px;\">Un Engagement social, \u00e9thique et environnemental<\/h2><\/div><div class=\"uvc-sub-heading ult-responsive\"  data-ultimate-target='.uvc-heading.ultimate-heading-816769e11bdd79b47 .uvc-sub-heading '  data-responsive-json-new='{\"font-size\":\"\",\"line-height\":\"\"}'  style=\"font-weight:bold;color:#ffffff;\"><\/p>\n<h4><span style=\"color: #ffffff;\"><strong>Nous sommes certifi\u00e9s Haute Valeur Environnementale niveau 3 depuis 2018 sur nos propri\u00e9t\u00e9s :<\/strong><\/span><\/h4>\n<p><span style=\"color: #808080;\">Domaine Barville Ch\u00e2teauneuf-du-Pape<\/span><\/p>\n<p><span style=\"color: #808080;\">Domaine Grosset Cairanne<\/span><\/p>\n<p><span style=\"color: #808080;\">Ch\u00e2teau de Bord C\u00f4tes du Rh\u00f4ne Villages Laudun<\/span><\/div><div class=\"uvc-heading-spacer line_only\" style=\"margin-bottom:30px;height:3px;\"><span class=\"uvc-headings-line\" style=\"border-style:solid;border-bottom-width:3px;border-color:;width:150px;\"><\/span><\/div><\/div>[vc_column_text css_animation=&#8221;fadeInUp&#8221; css=&#8221;.vc_custom_1677842090724{padding-bottom: 20px !important;}&#8221;]<\/p>\n<ul>\n<li style=\"text-align: justify;\">Protection de la biodiversit\u00e9 : Pr\u00e9sence \u00a0d\u2019arbres, \u00a0de \u00a0haies, \u00a0de \u00a0talus, \u00a0de cabanons sur les domaines, enherbement autour de la vigne<\/li>\n<li style=\"text-align: justify;\">Strat\u00e9gie phytosanitaire : Limitation des produits phytosanitaires. Pratique sur nos terres du d\u00e9sherbage m\u00e9canique.<\/li>\n<li style=\"text-align: justify;\">Gestion de la fertilisation :\u00a0Nos engrais sont organiques et Bio.<\/li>\n<li style=\"text-align: justify;\">Gestion de la ressource en eau : Nous assurons la tra\u00e7abilit\u00e9 de la quantit\u00e9 d\u2019eau utilis\u00e9e lors de notre irrigation en goutte \u00e0 goutte (pratiqu\u00e9e sur autorisation et sur une p\u00e9riode limit\u00e9e). Nous utilisons des c\u00e9pages r\u00e9sistants \u00e0 la s\u00e9cheresse, le plus r\u00e9sistant est le Carignan.<\/li>\n<\/ul>\n<p>[\/vc_column_text][\/vc_column][vc_column width=&#8221;1\/2&#8243; offset=&#8221;vc_col-lg-6 vc_col-md-6 vc_col-xs-12&#8243; css=&#8221;.vc_custom_1580055295063{padding-bottom: 30px !important;}&#8221;][\/vc_column][\/vc_row]<\/p>\n<\/div>","protected":false},"excerpt":{"rendered":"<p>[vc_row equal_height=&#8221;yes&#8221; content_placement=&#8221;middle&#8221; css=&#8221;.vc_custom_1580055585962{padding-top: 80px !important;padding-bottom: 50px !important;}&#8221; el_class=&#8221;phone-reverse-col&#8221;][vc_column width=&#8221;1\/2&#8243; offset=&#8221;vc_col-lg-6 vc_col-md-6 vc_col-xs-12&#8243; css=&#8221;.vc_custom_1580055289499{padding-bottom: 30px !important;}&#8221;][vc_column_text css_animation=&#8221;fadeInUp&#8221; css=&#8221;.vc_custom_1677842090724{padding-bottom: 20px !important;}&#8221;] Protection de la biodiversit\u00e9 : Pr\u00e9sence \u00a0d\u2019arbres, \u00a0de \u00a0haies, \u00a0de \u00a0talus, \u00a0de cabanons sur les domaines, enherbement autour de la vigne Strat\u00e9gie phytosanitaire : Limitation des produits phytosanitaires. Pratique sur nos terres du d\u00e9sherbage m\u00e9canique.&hellip;<\/p>\n","protected":false},"author":1,"featured_media":51623,"parent":0,"menu_order":17,"comment_status":"closed","ping_status":"closed","template":"","meta":{"footnotes":""},"class_list":["post-3657","page","type-page","status-publish","has-post-thumbnail","hentry","description-off"],"lang":"fr","translations":{"fr":3657,"en":52155},"pll_sync_post":[],"_links":{"self":[{"href":"https:\/\/brotte.com\/index.php\/wp-json\/wp\/v2\/pages\/3657","targetHints":{"allow":["GET"]}}],"collection":[{"href":"https:\/\/brotte.com\/index.php\/wp-json\/wp\/v2\/pages"}],"about":[{"href":"https:\/\/brotte.com\/index.php\/wp-json\/wp\/v2\/types\/page"}],"author":[{"embeddable":true,"href":"https:\/\/brotte.com\/index.php\/wp-json\/wp\/v2\/users\/1"}],"replies":[{"embeddable":true,"href":"https:\/\/brotte.com\/index.php\/wp-json\/wp\/v2\/comments?post=3657"}],"version-history":[{"count":20,"href":"https:\/\/brotte.com\/index.php\/wp-json\/wp\/v2\/pages\/3657\/revisions"}],"predecessor-version":[{"id":52590,"href":"https:\/\/brotte.com\/index.php\/wp-json\/wp\/v2\/pages\/3657\/revisions\/52590"}],"wp:featuredmedia":[{"embeddable":true,"href":"https:\/\/brotte.com\/index.php\/wp-json\/wp\/v2\/media\/51623"}],"wp:attachment":[{"href":"https:\/\/brotte.com\/index.php\/wp-json\/wp\/v2\/media?parent=3657"}],"curies":[{"name":"wp","href":"https:\/\/api.w.org\/{rel}","templated":true}]}}