{"id":3351,"date":"2022-12-19T16:15:34","date_gmt":"2022-12-19T15:15:34","guid":{"rendered":"https:\/\/brotte.com\/?page_id=3351"},"modified":"2023-04-11T15:40:34","modified_gmt":"2023-04-11T13:40:34","slug":"domaine-grosset","status":"publish","type":"page","link":"https:\/\/brotte.com\/index.php\/domaine-grosset\/","title":{"rendered":"Domaine Grosset"},"content":{"rendered":"<div class=\"wpb-content-wrapper\"><p>[vc_row][vc_column][vc_empty_space][\/vc_column][\/vc_row][vc_row][vc_column width=&#8221;1\/6&#8243;][\/vc_column][vc_column width=&#8221;2\/3&#8243;]<div id=\"ultimate-heading-934869e072abd301a\" class=\"uvc-heading ult-adjust-bottom-margin ultimate-heading-934869e072abd301a uvc-63 accent-border-color\" data-hspacer=\"line_only\"  data-halign=\"left\" style=\"text-align:left\"><div class=\"uvc-main-heading ult-responsive\"  data-ultimate-target='.uvc-heading.ultimate-heading-934869e072abd301a h2'  data-responsive-json-new='{\"font-size\":\"mobile_landscape:24px;\",\"line-height\":\"mobile_landscape:34px;\"}' ><h2 style=\"font-weight:bold;color:#ffffff;margin-bottom:15px;\">Domaine Grosset<\/h2><\/div><div class=\"uvc-heading-spacer line_only\" style=\"margin-bottom:30px;height:3px;\"><span class=\"uvc-headings-line\" style=\"border-style:solid;border-bottom-width:3px;border-color:;width:150px;\"><\/span><\/div><\/div>[vc_column_text css=&#8221;.vc_custom_1681220363321{padding-right: 10px !important;padding-bottom: 20px !important;padding-left: 10px !important;}&#8221;]<\/p>\n<p style=\"text-align: justify;\">Situ\u00e9 \u00e0 Cairanne, le\u00a0<strong>Domaine Grosset<\/strong> provient d&#8217; Alain Grosset, beau-p\u00e8re de Laurent Brotte. La famille Grosset a toujours \u00e9t\u00e9 tr\u00e8s active dans la vie culturelle et associative du village et contribue au d\u00e9veloppement de l\u2019AOC.<\/p>\n<p style=\"text-align: justify;\">Le Domaine Grosset, situ\u00e9 au pied du vieux village proven\u00e7al de <strong>Cairanne<\/strong>, couvre une superficie de 27,5 ha et poss\u00e8de des grenaches centenaires sur 1ha.<\/p>\n<p style=\"text-align: justify;\">Le Domaine est constitu\u00e9\u00a0de deux types de sols tr\u00e8s diff\u00e9rents\u00a0: des marnes grises et sables, donnant fraicheur du fruit et structure, et des terrasses argilo-sableuses caillouteuses, offrant une\u00a0belle puissance aromatique. Le climat de type m\u00e9diterran\u00e9en, chaud et sec, est id\u00e9al pour la maturit\u00e9 des c\u00e9pages de notre terroir :\u00a0<strong>Grenache,\u00a0<\/strong><strong>Syrah et\u00a0Mourv\u00e8dre.<\/strong><\/p>\n<p style=\"text-align: justify;\">Notre rendement de 35hl\/ha, tr\u00e8s contr\u00f4l\u00e9 et inf\u00e9rieur \u00e0 celui de l&#8217;AOC (38hl\/ha) favorise la concentration.<\/p>\n<p style=\"text-align: justify;\">Les sols en culture raisonn\u00e9e sont labour\u00e9s durant l\u2019ann\u00e9e. Les travaux en vert sont s\u00e9v\u00e8res (\u00e9bourgeonnage, effeuillage, taille en vert) pour limiter les rendements et ainsi am\u00e9liorer la qualit\u00e9. La vendange est r\u00e9alis\u00e9e\u00a0 manuellement et transport\u00e9e rapidement en petits contenants pour \u00e9viter le tassement du raisin et son oxydation. On proc\u00e8de alors \u00e0 un \u00e9grappage total, au foulage puis la fermentation est maintenue \u00e0 28\u00b0C et suivie d\u2019une mac\u00e9ration de 3 semaines. Les vins de syrah, mourv\u00e8dre et grenache, taniques, sont \u00e9lev\u00e9s en f\u00fbts de ch\u00eane fran\u00e7ais (1\/3 neuf, 1\/3 un vin, 1\/3 deux vins), les grenaches, plus souples, en cuves b\u00e9ton, amphores et foudres de ch\u00eane centenaires pour conserver le fruit. La mise en bouteille est r\u00e9alis\u00e9e en avril apr\u00e8s plus d\u2019une ann\u00e9e d\u2019\u00e9levage et une l\u00e9g\u00e8re filtration.<\/p>\n<p style=\"text-align: justify;\"><strong>G\u00e9n\u00e9rosit\u00e9 et harmonie<\/strong> caract\u00e9risent notre cuv\u00e9e.<\/p>\n<p>[\/vc_column_text]<style type=\"text\/css\" data-type=\"the7_shortcodes-inline-css\">.gallery-carousel-shortcode.gallery-carousel-shortcode-id-3e18f0d4c3daaf74b94fdf46b7f27f9d.owl-carousel .owl-nav div {\n  width: 36px;\n  height: 36px;\n  border-radius: 500px;\n}\n.dt-arrow-border-on.gallery-carousel-shortcode.gallery-carousel-shortcode-id-3e18f0d4c3daaf74b94fdf46b7f27f9d.owl-carousel .owl-nav div:not(:hover):before {\n  border-width: 0px;\n}\n.dt-arrow-hover-border-on.gallery-carousel-shortcode.gallery-carousel-shortcode-id-3e18f0d4c3daaf74b94fdf46b7f27f9d.owl-carousel .owl-nav div:hover:after {\n  border-width: 0px;\n}\n.gallery-carousel-shortcode.gallery-carousel-shortcode-id-3e18f0d4c3daaf74b94fdf46b7f27f9d.owl-carousel .owl-nav div.owl-prev {\n  top: 50%;\n  transform: translateY(calc(-50% + 0px));\n  left: -43px;\n}\n@media all and (-ms-high-contrast: none) {\n  .gallery-carousel-shortcode.gallery-carousel-shortcode-id-3e18f0d4c3daaf74b94fdf46b7f27f9d.owl-carousel .owl-nav div.owl-prev {\n    transform: translateY(-50%);\n    margin-top: 0px;\n  }\n}\n.gallery-carousel-shortcode.gallery-carousel-shortcode-id-3e18f0d4c3daaf74b94fdf46b7f27f9d.owl-carousel .owl-nav div.owl-prev i {\n  padding: 0px 0px 0px 0px;\n}\n.gallery-carousel-shortcode.gallery-carousel-shortcode-id-3e18f0d4c3daaf74b94fdf46b7f27f9d.owl-carousel .owl-nav div.owl-next {\n  top: 50%;\n  transform: translateY(calc(-50% + 0px));\n  right: -43px;\n}\n@media all and (-ms-high-contrast: none) {\n  .gallery-carousel-shortcode.gallery-carousel-shortcode-id-3e18f0d4c3daaf74b94fdf46b7f27f9d.owl-carousel .owl-nav div.owl-next {\n    transform: translateY(-50%);\n    margin-top: 0px;\n  }\n}\n.gallery-carousel-shortcode.gallery-carousel-shortcode-id-3e18f0d4c3daaf74b94fdf46b7f27f9d.owl-carousel .owl-nav div.owl-next i {\n  padding: 0px 0px 0px 0px;\n}\n.gallery-carousel-shortcode.gallery-carousel-shortcode-id-3e18f0d4c3daaf74b94fdf46b7f27f9d.owl-carousel .owl-nav i {\n  font-size: 18px;\n}\n.gallery-carousel-shortcode.gallery-carousel-shortcode-id-3e18f0d4c3daaf74b94fdf46b7f27f9d.owl-carousel .owl-nav div:not(:hover) i,\n.gallery-carousel-shortcode.gallery-carousel-shortcode-id-3e18f0d4c3daaf74b94fdf46b7f27f9d.owl-carousel .owl-nav div:not(:hover) i:before {\n  color: #ffffff;\n  background: none;\n}\n.gallery-carousel-shortcode.gallery-carousel-shortcode-id-3e18f0d4c3daaf74b94fdf46b7f27f9d.owl-carousel .owl-nav div:hover i,\n.gallery-carousel-shortcode.gallery-carousel-shortcode-id-3e18f0d4c3daaf74b94fdf46b7f27f9d.owl-carousel .owl-nav div:hover i:before {\n  color: rgba(255,255,255,0.75);\n  background: none;\n}\n.gallery-carousel-shortcode.gallery-carousel-shortcode-id-3e18f0d4c3daaf74b94fdf46b7f27f9d .owl-dots {\n  top: calc(100% + 20px);\n  left: 50%;\n  transform: translateX(calc(-50% + 0px));\n}\n@media all and (-ms-high-contrast: none) {\n  .gallery-carousel-shortcode.gallery-carousel-shortcode-id-3e18f0d4c3daaf74b94fdf46b7f27f9d .owl-dots {\n    transform: translateX(-50%);\n    margin-left: 0px;\n  }\n}\n.gallery-carousel-shortcode.gallery-carousel-shortcode-id-3e18f0d4c3daaf74b94fdf46b7f27f9d .owl-dot {\n  width: 10px;\n  height: 10px;\n  margin: 0 8px;\n}\n@media screen and (max-width: 778px) {\n  .gallery-carousel-shortcode.gallery-carousel-shortcode-id-3e18f0d4c3daaf74b94fdf46b7f27f9d.hide-arrows .owl-nav a {\n    display: none;\n  }\n}\n@media screen and (max-width: 778px) {\n  .gallery-carousel-shortcode.gallery-carousel-shortcode-id-3e18f0d4c3daaf74b94fdf46b7f27f9d.reposition-arrows .owl-nav .owl-prev {\n    top: 50%;\n    transform: translateY(calc(-50% + 0px));\n    left: 10px;\n  }\n  .gallery-carousel-shortcode.gallery-carousel-shortcode-id-3e18f0d4c3daaf74b94fdf46b7f27f9d.reposition-arrows .owl-nav .owl-next {\n    top: 50%;\n    transform: translateY(calc(-50% + 0px));\n    right: 10px;\n  }\n}\n@media screen and (max-width: 778px) and all and (-ms-high-contrast: none) {\n  .gallery-carousel-shortcode.gallery-carousel-shortcode-id-3e18f0d4c3daaf74b94fdf46b7f27f9d.reposition-arrows .owl-nav .owl-prev {\n    transform: translateY(-50%);\n    margin-top: 0px;\n  }\n}\n@media screen and (max-width: 778px) and all and (-ms-high-contrast: none) {\n  .gallery-carousel-shortcode.gallery-carousel-shortcode-id-3e18f0d4c3daaf74b94fdf46b7f27f9d.reposition-arrows .owl-nav .owl-next {\n    transform: translateY(-50%);\n    margin-top: 0px;\n  }\n}\n.gallery-carousel-shortcode.gallery-carousel-shortcode-id-3e18f0d4c3daaf74b94fdf46b7f27f9d figure,\n.gallery-carousel-shortcode.gallery-carousel-shortcode-id-3e18f0d4c3daaf74b94fdf46b7f27f9d .rollover,\n.gallery-carousel-shortcode.gallery-carousel-shortcode-id-3e18f0d4c3daaf74b94fdf46b7f27f9d img,\n.gallery-carousel-shortcode.gallery-carousel-shortcode-id-3e18f0d4c3daaf74b94fdf46b7f27f9d .gallery-rollover {\n  border-radius: 0px;\n}\n.gallery-carousel-shortcode.gallery-carousel-shortcode-id-3e18f0d4c3daaf74b94fdf46b7f27f9d.enable-bg-rollover .gallery-rollover {\n  background: -webkit-linear-gradient();\n  background: linear-gradient();\n}\n.gallery-carousel-shortcode.gallery-carousel-shortcode-id-3e18f0d4c3daaf74b94fdf46b7f27f9d.enable-img-shadow .owl-stage-outer {\n  padding: 14px 0;\n}\n.gallery-carousel-shortcode.gallery-carousel-shortcode-id-3e18f0d4c3daaf74b94fdf46b7f27f9d.enable-bg-rollover.hover-scale figure .rollover:after {\n  background: -webkit-linear-gradient();\n  background: linear-gradient();\n}\n.gallery-carousel-shortcode.gallery-carousel-shortcode-id-3e18f0d4c3daaf74b94fdf46b7f27f9d.gallery-shortcode .gallery-zoom-ico {\n  width: 44px;\n  height: 44px;\n  line-height: 44px;\n  border-radius: 100px;\n  margin: -22px 0 0 -22px;\n  border-width: 0px;\n}\n.dt-icon-bg-on.gallery-carousel-shortcode.gallery-carousel-shortcode-id-3e18f0d4c3daaf74b94fdf46b7f27f9d.gallery-shortcode .gallery-zoom-ico {\n  background: rgba(255,255,255,0.3);\n  box-shadow: none;\n}\n.gallery-carousel-shortcode.gallery-carousel-shortcode-id-3e18f0d4c3daaf74b94fdf46b7f27f9d.gallery-shortcode .gallery-zoom-ico:before,\n.gallery-carousel-shortcode.gallery-carousel-shortcode-id-3e18f0d4c3daaf74b94fdf46b7f27f9d.gallery-shortcode .gallery-zoom-ico span {\n  font-size: 32px;\n  line-height: 44px;\n  color: #ffffff;\n  background: none;\n}\n<\/style><div class=\"owl-carousel gallery-carousel-shortcode gallery-shortcode  dt-gallery-container dt-owl-carousel-call gallery-carousel-shortcode-id-3e18f0d4c3daaf74b94fdf46b7f27f9d quick-scale-img enable-bg-rollover meta-info-off dt-arrow-border-on dt-arrow-hover-border-on bullets-small-dot-stroke reposition-arrows dt-icon-bg-off arrows-bg-off disable-arrows-hover-bg arrows-hover-bg-on  hover-fade \" data-scroll-mode=\"1\" data-col-num=\"6\" data-wide-col-num=\"6\" data-laptop-col=\"5\" data-h-tablet-columns-num=\"4\" data-v-tablet-columns-num=\"3\" data-phone-columns-num=\"1\" data-col-gap=\"10\" data-stage-padding=\"0\" data-speed=\"600\" data-autoplay=\"true\" data-autoplay_speed=\"5000\" data-arrows=\"true\" data-bullet=\"false\" data-next-icon=\"icon-ar-021-r\" data-prev-icon=\"icon-ar-021-l\" data-img-shadow-size=\"12px\" data-img-shadow-spread=\"3px\"><div data-post-id=\"3360\" data-date=\"2022-12-19T16:23:42+01:00\" data-name=\"Domaine Grosset\"><figure class=\"post\"><a href=\"https:\/\/brotte.com\/wp-content\/uploads\/2022\/12\/Domaine-Grosset-005.jpg\" class=\"rollover dt-pswp-item layzr-bg\" data-large_image_width=\"2000\" data-large_image_height=\"1500\" data-dt-img-description=\"\" title=\"Domaine Grosset\"><img fetchpriority=\"high\" decoding=\"async\" class=\"preload-me owl-lazy-load aspect\" src=\"data:image\/svg+xml,%3Csvg%20xmlns%3D&#39;http%3A%2F%2Fwww.w3.org%2F2000%2Fsvg&#39;%20viewBox%3D&#39;0%200%201500%201500&#39;%2F%3E\" data-src=\"https:\/\/brotte.com\/wp-content\/uploads\/2022\/12\/Domaine-Grosset-005-1500x1500.jpg\" data-srcset=\"https:\/\/brotte.com\/wp-content\/uploads\/2022\/12\/Domaine-Grosset-005-1500x1500.jpg 1500w\" loading=\"eager\" style=\"--ratio: 1500 \/ 1500\" sizes=\"(max-width: 1500px) 100vw, 1500px\" alt=\"\" width=\"1500\" height=\"1500\"  \/><span class=\"gallery-rollover\"><span class=\"gallery-zoom-ico icomoon-the7-font-the7-zoom-06\"><span><\/span><\/span><\/span><\/a><\/figure><\/div><div data-post-id=\"3361\" data-date=\"2022-12-19T16:23:43+01:00\" data-name=\"Domaine Grosset\"><figure class=\"post\"><a href=\"https:\/\/brotte.com\/wp-content\/uploads\/2022\/12\/Domaine-Grosset-001.jpg\" class=\"rollover dt-pswp-item layzr-bg\" data-large_image_width=\"2000\" data-large_image_height=\"1333\" data-dt-img-description=\"\" title=\"Domaine Grosset\"><img decoding=\"async\" class=\"preload-me owl-lazy-load aspect\" src=\"data:image\/svg+xml,%3Csvg%20xmlns%3D&#39;http%3A%2F%2Fwww.w3.org%2F2000%2Fsvg&#39;%20viewBox%3D&#39;0%200%201333%201333&#39;%2F%3E\" data-src=\"https:\/\/brotte.com\/wp-content\/uploads\/2022\/12\/Domaine-Grosset-001-1333x1333.jpg\" data-srcset=\"https:\/\/brotte.com\/wp-content\/uploads\/2022\/12\/Domaine-Grosset-001-1333x1333.jpg 1333w\" loading=\"eager\" style=\"--ratio: 1333 \/ 1333\" sizes=\"(max-width: 1333px) 100vw, 1333px\" alt=\"\" width=\"1333\" height=\"1333\"  \/><span class=\"gallery-rollover\"><span class=\"gallery-zoom-ico icomoon-the7-font-the7-zoom-06\"><span><\/span><\/span><\/span><\/a><\/figure><\/div><div data-post-id=\"3362\" data-date=\"2022-12-19T16:23:44+01:00\" data-name=\"Domaine Grosset\"><figure class=\"post\"><a href=\"https:\/\/brotte.com\/wp-content\/uploads\/2022\/12\/Domaine-Grosset-002.jpg\" class=\"rollover dt-pswp-item layzr-bg\" data-large_image_width=\"2000\" data-large_image_height=\"1333\" data-dt-img-description=\"\" title=\"Domaine Grosset\"><img decoding=\"async\" class=\"preload-me owl-lazy-load aspect\" src=\"data:image\/svg+xml,%3Csvg%20xmlns%3D&#39;http%3A%2F%2Fwww.w3.org%2F2000%2Fsvg&#39;%20viewBox%3D&#39;0%200%201333%201333&#39;%2F%3E\" data-src=\"https:\/\/brotte.com\/wp-content\/uploads\/2022\/12\/Domaine-Grosset-002-1333x1333.jpg\" data-srcset=\"https:\/\/brotte.com\/wp-content\/uploads\/2022\/12\/Domaine-Grosset-002-1333x1333.jpg 1333w\" loading=\"eager\" style=\"--ratio: 1333 \/ 1333\" sizes=\"(max-width: 1333px) 100vw, 1333px\" alt=\"\" width=\"1333\" height=\"1333\"  \/><span class=\"gallery-rollover\"><span class=\"gallery-zoom-ico icomoon-the7-font-the7-zoom-06\"><span><\/span><\/span><\/span><\/a><\/figure><\/div><div data-post-id=\"3363\" data-date=\"2022-12-19T16:23:45+01:00\" data-name=\"Domaine Grosset\"><figure class=\"post\"><a href=\"https:\/\/brotte.com\/wp-content\/uploads\/2022\/12\/Domaine-Grosset-003.jpg\" class=\"rollover dt-pswp-item layzr-bg\" data-large_image_width=\"2000\" data-large_image_height=\"1333\" data-dt-img-description=\"\" title=\"Domaine Grosset\"><img decoding=\"async\" class=\"preload-me owl-lazy-load aspect\" src=\"data:image\/svg+xml,%3Csvg%20xmlns%3D&#39;http%3A%2F%2Fwww.w3.org%2F2000%2Fsvg&#39;%20viewBox%3D&#39;0%200%201333%201333&#39;%2F%3E\" data-src=\"https:\/\/brotte.com\/wp-content\/uploads\/2022\/12\/Domaine-Grosset-003-1333x1333.jpg\" data-srcset=\"https:\/\/brotte.com\/wp-content\/uploads\/2022\/12\/Domaine-Grosset-003-1333x1333.jpg 1333w\" loading=\"eager\" style=\"--ratio: 1333 \/ 1333\" sizes=\"(max-width: 1333px) 100vw, 1333px\" alt=\"\" width=\"1333\" height=\"1333\"  \/><span class=\"gallery-rollover\"><span class=\"gallery-zoom-ico icomoon-the7-font-the7-zoom-06\"><span><\/span><\/span><\/span><\/a><\/figure><\/div><div data-post-id=\"3364\" data-date=\"2022-12-19T16:23:46+01:00\" data-name=\"Domaine Grosset\"><figure class=\"post\"><a href=\"https:\/\/brotte.com\/wp-content\/uploads\/2022\/12\/Domaine-Grosset-004.jpg\" class=\"rollover dt-pswp-item layzr-bg\" data-large_image_width=\"2000\" data-large_image_height=\"1500\" data-dt-img-description=\"\" title=\"Domaine Grosset\"><img decoding=\"async\" class=\"preload-me owl-lazy-load aspect\" src=\"data:image\/svg+xml,%3Csvg%20xmlns%3D&#39;http%3A%2F%2Fwww.w3.org%2F2000%2Fsvg&#39;%20viewBox%3D&#39;0%200%201500%201500&#39;%2F%3E\" data-src=\"https:\/\/brotte.com\/wp-content\/uploads\/2022\/12\/Domaine-Grosset-004-1500x1500.jpg\" data-srcset=\"https:\/\/brotte.com\/wp-content\/uploads\/2022\/12\/Domaine-Grosset-004-1500x1500.jpg 1500w\" loading=\"eager\" style=\"--ratio: 1500 \/ 1500\" sizes=\"(max-width: 1500px) 100vw, 1500px\" alt=\"\" width=\"1500\" height=\"1500\"  \/><span class=\"gallery-rollover\"><span class=\"gallery-zoom-ico icomoon-the7-font-the7-zoom-06\"><span><\/span><\/span><\/span><\/a><\/figure><\/div><div data-post-id=\"3366\" data-date=\"2022-12-19T16:51:58+01:00\" data-name=\"sol sableux\"><figure class=\"post\"><a href=\"https:\/\/brotte.com\/wp-content\/uploads\/2022\/12\/sol-sableux.jpg\" class=\"rollover dt-pswp-item layzr-bg\" data-large_image_width=\"2000\" data-large_image_height=\"1333\" data-dt-img-description=\"\" title=\"sol sableux\"><img decoding=\"async\" class=\"preload-me owl-lazy-load aspect\" src=\"data:image\/svg+xml,%3Csvg%20xmlns%3D&#39;http%3A%2F%2Fwww.w3.org%2F2000%2Fsvg&#39;%20viewBox%3D&#39;0%200%201333%201333&#39;%2F%3E\" data-src=\"https:\/\/brotte.com\/wp-content\/uploads\/2022\/12\/sol-sableux-1333x1333.jpg\" data-srcset=\"https:\/\/brotte.com\/wp-content\/uploads\/2022\/12\/sol-sableux-1333x1333.jpg 1333w\" loading=\"eager\" style=\"--ratio: 1333 \/ 1333\" sizes=\"(max-width: 1333px) 100vw, 1333px\" alt=\"\" width=\"1333\" height=\"1333\"  \/><span class=\"gallery-rollover\"><span class=\"gallery-zoom-ico icomoon-the7-font-the7-zoom-06\"><span><\/span><\/span><\/span><\/a><\/figure><\/div><div data-post-id=\"3372\" data-date=\"2022-12-19T16:57:29+01:00\" data-name=\"Domaine Grosset\"><figure class=\"post\"><a href=\"https:\/\/brotte.com\/wp-content\/uploads\/2022\/12\/Domaine-Grosset-006.jpg\" class=\"rollover dt-pswp-item layzr-bg\" data-large_image_width=\"2000\" data-large_image_height=\"1333\" data-dt-img-description=\"\" title=\"Domaine Grosset\"><img decoding=\"async\" class=\"preload-me owl-lazy-load aspect\" src=\"data:image\/svg+xml,%3Csvg%20xmlns%3D&#39;http%3A%2F%2Fwww.w3.org%2F2000%2Fsvg&#39;%20viewBox%3D&#39;0%200%201333%201333&#39;%2F%3E\" data-src=\"https:\/\/brotte.com\/wp-content\/uploads\/2022\/12\/Domaine-Grosset-006-1333x1333.jpg\" data-srcset=\"https:\/\/brotte.com\/wp-content\/uploads\/2022\/12\/Domaine-Grosset-006-1333x1333.jpg 1333w\" loading=\"eager\" style=\"--ratio: 1333 \/ 1333\" sizes=\"(max-width: 1333px) 100vw, 1333px\" alt=\"\" width=\"1333\" height=\"1333\"  \/><span class=\"gallery-rollover\"><span class=\"gallery-zoom-ico icomoon-the7-font-the7-zoom-06\"><span><\/span><\/span><\/span><\/a><\/figure><\/div><div data-post-id=\"3374\" data-date=\"2022-12-19T16:59:26+01:00\" data-name=\"Domaine Grosset 007\"><figure class=\"post\"><a href=\"https:\/\/brotte.com\/wp-content\/uploads\/2022\/12\/Domaine-Grosset-007.jpg\" class=\"rollover dt-pswp-item layzr-bg\" data-large_image_width=\"2000\" data-large_image_height=\"1333\" data-dt-img-description=\"\" title=\"Domaine Grosset 007\"><img decoding=\"async\" class=\"preload-me owl-lazy-load aspect\" src=\"data:image\/svg+xml,%3Csvg%20xmlns%3D&#39;http%3A%2F%2Fwww.w3.org%2F2000%2Fsvg&#39;%20viewBox%3D&#39;0%200%201333%201333&#39;%2F%3E\" data-src=\"https:\/\/brotte.com\/wp-content\/uploads\/2022\/12\/Domaine-Grosset-007-1333x1333.jpg\" data-srcset=\"https:\/\/brotte.com\/wp-content\/uploads\/2022\/12\/Domaine-Grosset-007-1333x1333.jpg 1333w\" loading=\"eager\" style=\"--ratio: 1333 \/ 1333\" sizes=\"(max-width: 1333px) 100vw, 1333px\" alt=\"\" width=\"1333\" height=\"1333\"  \/><span class=\"gallery-rollover\"><span class=\"gallery-zoom-ico icomoon-the7-font-the7-zoom-06\"><span><\/span><\/span><\/span><\/a><\/figure><\/div><\/div>[\/vc_column][vc_column width=&#8221;1\/6&#8243;][\/vc_column][\/vc_row][vc_row][vc_column][vc_empty_space][\/vc_column][\/vc_row]<\/p>\n<\/div>","protected":false},"excerpt":{"rendered":"<p>[vc_row][vc_column][vc_empty_space][\/vc_column][\/vc_row][vc_row][vc_column width=&#8221;1\/6&#8243;][\/vc_column][vc_column width=&#8221;2\/3&#8243;][vc_column_text css=&#8221;.vc_custom_1681220363321{padding-right: 10px !important;padding-bottom: 20px !important;padding-left: 10px !important;}&#8221;] Situ\u00e9 \u00e0 Cairanne, le\u00a0Domaine Grosset provient d&#8217; Alain Grosset, beau-p\u00e8re de Laurent Brotte. La famille Grosset a toujours \u00e9t\u00e9 tr\u00e8s active dans la vie culturelle et associative du village et contribue au d\u00e9veloppement de l\u2019AOC. Le Domaine Grosset, situ\u00e9 au pied du vieux village proven\u00e7al&hellip;<\/p>\n","protected":false},"author":1,"featured_media":3361,"parent":0,"menu_order":16,"comment_status":"closed","ping_status":"closed","template":"","meta":{"footnotes":""},"class_list":["post-3351","page","type-page","status-publish","has-post-thumbnail","hentry","description-off"],"lang":"fr","translations":{"fr":3351,"en":52147},"pll_sync_post":[],"_links":{"self":[{"href":"https:\/\/brotte.com\/index.php\/wp-json\/wp\/v2\/pages\/3351","targetHints":{"allow":["GET"]}}],"collection":[{"href":"https:\/\/brotte.com\/index.php\/wp-json\/wp\/v2\/pages"}],"about":[{"href":"https:\/\/brotte.com\/index.php\/wp-json\/wp\/v2\/types\/page"}],"author":[{"embeddable":true,"href":"https:\/\/brotte.com\/index.php\/wp-json\/wp\/v2\/users\/1"}],"replies":[{"embeddable":true,"href":"https:\/\/brotte.com\/index.php\/wp-json\/wp\/v2\/comments?post=3351"}],"version-history":[{"count":20,"href":"https:\/\/brotte.com\/index.php\/wp-json\/wp\/v2\/pages\/3351\/revisions"}],"predecessor-version":[{"id":52387,"href":"https:\/\/brotte.com\/index.php\/wp-json\/wp\/v2\/pages\/3351\/revisions\/52387"}],"wp:featuredmedia":[{"embeddable":true,"href":"https:\/\/brotte.com\/index.php\/wp-json\/wp\/v2\/media\/3361"}],"wp:attachment":[{"href":"https:\/\/brotte.com\/index.php\/wp-json\/wp\/v2\/media?parent=3351"}],"curies":[{"name":"wp","href":"https:\/\/api.w.org\/{rel}","templated":true}]}}