{"id":3279,"date":"2022-12-19T11:52:19","date_gmt":"2022-12-19T10:52:19","guid":{"rendered":"https:\/\/brotte.com\/?page_id=3279"},"modified":"2023-03-03T09:52:13","modified_gmt":"2023-03-03T08:52:13","slug":"notre-histoire","status":"publish","type":"page","link":"https:\/\/brotte.com\/index.php\/notre-histoire\/","title":{"rendered":"Notre Histoire"},"content":{"rendered":"<div class=\"wpb-content-wrapper\"><p>[vc_row equal_height=&#8221;yes&#8221; content_placement=&#8221;middle&#8221; css=&#8221;.vc_custom_1580055585962{padding-top: 80px !important;padding-bottom: 50px !important;}&#8221; el_class=&#8221;phone-reverse-col&#8221;][vc_column width=&#8221;1\/2&#8243; offset=&#8221;vc_col-lg-6 vc_col-md-6 vc_col-xs-12&#8243; css=&#8221;.vc_custom_1580055289499{padding-bottom: 30px !important;}&#8221;]<div id=\"ultimate-heading-815869d74269c1b8b\" class=\"uvc-heading ult-adjust-bottom-margin ultimate-heading-815869d74269c1b8b uvc-2980 accent-border-color\" data-hspacer=\"line_only\"  data-halign=\"left\" style=\"text-align:left\"><div class=\"uvc-main-heading ult-responsive\"  data-ultimate-target='.uvc-heading.ultimate-heading-815869d74269c1b8b h2'  data-responsive-json-new='{\"font-size\":\"mobile_landscape:24px;\",\"line-height\":\"mobile_landscape:34px;\"}' ><h2 style=\"--font-weight:theme;color:#ffffff;margin-bottom:15px;\">1880<\/h2><\/div><div class=\"uvc-heading-spacer line_only\" style=\"margin-bottom:30px;height:3px;\"><span class=\"uvc-headings-line\" style=\"border-style:solid;border-bottom-width:3px;border-color:;width:150px;\"><\/span><\/div><\/div><style type=\"text\/css\" data-type=\"the7_shortcodes-inline-css\">.shortcode-single-image-wrap.shortcode-single-image-f36c56507c210b6faad10e761ea1c7eb.enable-bg-rollover .rollover i,\n.shortcode-single-image-wrap.shortcode-single-image-f36c56507c210b6faad10e761ea1c7eb.enable-bg-rollover .rollover-video i {\n  background: -webkit-linear-gradient();\n  background: linear-gradient();\n}\n.shortcode-single-image-wrap.shortcode-single-image-f36c56507c210b6faad10e761ea1c7eb .rollover-icon {\n  font-size: 32px;\n  color: #ffffff;\n  min-width: 44px;\n  min-height: 44px;\n  line-height: 44px;\n  border-radius: 100px;\n  border-style: solid;\n  border-width: 0px;\n}\n.dt-icon-bg-on.shortcode-single-image-wrap.shortcode-single-image-f36c56507c210b6faad10e761ea1c7eb .rollover-icon {\n  background: rgba(255,255,255,0.3);\n  box-shadow: none;\n}\n<\/style><div class=\"shortcode-single-image-wrap shortcode-single-image-f36c56507c210b6faad10e761ea1c7eb alignnone fadeInUp animate-element  enable-bg-rollover dt-icon-bg-off\" style=\"margin-top:0px; margin-bottom:0px; margin-left:0px; margin-right:0px; width:600px;\"><div class=\"shortcode-single-image\"><div class=\"fancy-media-wrap  layzr-bg\" style=\"\"><img fetchpriority=\"high\" decoding=\"async\" class=\"preload-me lazy-load aspect\" src=\"data:image\/svg+xml,%3Csvg%20xmlns%3D&#39;http%3A%2F%2Fwww.w3.org%2F2000%2Fsvg&#39;%20viewBox%3D&#39;0%200%20600%20600&#39;%2F%3E\" data-src=\"https:\/\/brotte.com\/wp-content\/uploads\/2023\/01\/Vendanges-famille-1200x1200-2-600x600.jpg\" data-srcset=\"https:\/\/brotte.com\/wp-content\/uploads\/2023\/01\/Vendanges-famille-1200x1200-2-600x600.jpg 600w, https:\/\/brotte.com\/wp-content\/uploads\/2023\/01\/Vendanges-famille-1200x1200-2.jpg 1200w\" loading=\"eager\" sizes=\"(max-width: 600px) 100vw, 600px\" width=\"600\" height=\"600\"  data-dt-location=\"https:\/\/brotte.com\/index.php\/notre-histoire\/vendanges-famille-1200x1200\/\" style=\"--ratio: 600 \/ 600;\" alt=\"\" \/><\/div><\/div><\/div>[vc_empty_space][vc_column_text css_animation=&#8221;fadeInUp&#8221; css=&#8221;.vc_custom_1677831706378{padding-bottom: 0px !important;}&#8221;]<\/p>\n<p style=\"text-align: justify;\">Le vin occupe une place de taille au sein de la famille Brotte depuis deux si\u00e8cles d\u00e9j\u00e0. En 1880, M. Amouroux et M. Clouplet, anc\u00eatres respectifs de Laurent et Christine Brotte, s\u2019affairaient d\u00e9j\u00e0 dans les vignes. L\u2019un \u00e0 Ch\u00e2teauneuf-du-Pape, l\u2019autre \u00e0 Cairanne. Ces deux viticulteurs qui repr\u00e9sentent la 1<sup>\u00e8re<\/sup> g\u00e9n\u00e9ration de la Maison ont plant\u00e9 et permis de p\u00e9renniser des vignes qui deviendront plus tard les Domaines Barville et Grosset.<\/p>\n<p>[\/vc_column_text][\/vc_column][vc_column width=&#8221;1\/2&#8243; offset=&#8221;vc_col-lg-6 vc_col-md-6 vc_col-xs-12&#8243; css=&#8221;.vc_custom_1580055295063{padding-bottom: 30px !important;}&#8221;][\/vc_column][\/vc_row][vc_row equal_height=&#8221;yes&#8221; content_placement=&#8221;middle&#8221; css=&#8221;.vc_custom_1580036899711{padding-bottom: 50px !important;}&#8221;][vc_column width=&#8221;1\/2&#8243; offset=&#8221;vc_col-lg-6 vc_col-md-6 vc_col-xs-12&#8243; css=&#8221;.vc_custom_1580055305584{padding-bottom: 30px !important;}&#8221;][\/vc_column][vc_column width=&#8221;1\/2&#8243; offset=&#8221;vc_col-lg-6 vc_col-md-6 vc_col-xs-12&#8243; css=&#8221;.vc_custom_1580055299973{padding-bottom: 30px !important;}&#8221;]<div id=\"ultimate-heading-399869d74269c2620\" class=\"uvc-heading ult-adjust-bottom-margin ultimate-heading-399869d74269c2620 uvc-2880 accent-border-color\" data-hspacer=\"line_only\"  data-halign=\"left\" style=\"text-align:left\"><div class=\"uvc-main-heading ult-responsive\"  data-ultimate-target='.uvc-heading.ultimate-heading-399869d74269c2620 h2'  data-responsive-json-new='{\"font-size\":\"mobile_landscape:24px;\",\"line-height\":\"mobile_landscape:34px;\"}' ><h2 style=\"font-weight:bold;color:#ffffff;margin-bottom:15px;\">1931<\/h2><\/div><div class=\"uvc-heading-spacer line_only\" style=\"margin-bottom:30px;height:3px;\"><span class=\"uvc-headings-line\" style=\"border-style:solid;border-bottom-width:3px;border-color:;width:150px;\"><\/span><\/div><\/div><style type=\"text\/css\" data-type=\"the7_shortcodes-inline-css\">.shortcode-single-image-wrap.shortcode-single-image-29d93dd1234fb7b1225541081fb43fe1.enable-bg-rollover .rollover i,\n.shortcode-single-image-wrap.shortcode-single-image-29d93dd1234fb7b1225541081fb43fe1.enable-bg-rollover .rollover-video i {\n  background: -webkit-linear-gradient();\n  background: linear-gradient();\n}\n.shortcode-single-image-wrap.shortcode-single-image-29d93dd1234fb7b1225541081fb43fe1 .rollover-icon {\n  font-size: 32px;\n  color: #ffffff;\n  min-width: 44px;\n  min-height: 44px;\n  line-height: 44px;\n  border-radius: 100px;\n  border-style: solid;\n  border-width: 0px;\n}\n.dt-icon-bg-on.shortcode-single-image-wrap.shortcode-single-image-29d93dd1234fb7b1225541081fb43fe1 .rollover-icon {\n  background: rgba(255,255,255,0.3);\n  box-shadow: none;\n}\n<\/style><div class=\"shortcode-single-image-wrap shortcode-single-image-29d93dd1234fb7b1225541081fb43fe1 alignnone fadeInUp animate-element  enable-bg-rollover dt-icon-bg-off\" style=\"margin-top:0px; margin-bottom:0px; margin-left:0px; margin-right:0px; width:600px;\"><div class=\"shortcode-single-image\"><div class=\"fancy-media-wrap  layzr-bg\" style=\"\"><img decoding=\"async\" class=\"preload-me lazy-load aspect\" src=\"data:image\/svg+xml,%3Csvg%20xmlns%3D&#39;http%3A%2F%2Fwww.w3.org%2F2000%2Fsvg&#39;%20viewBox%3D&#39;0%200%20600%20600&#39;%2F%3E\" data-src=\"https:\/\/brotte.com\/wp-content\/uploads\/2023\/03\/Charles-Brotte-colorise-1200x1200-1-600x600.jpg\" data-srcset=\"https:\/\/brotte.com\/wp-content\/uploads\/2023\/03\/Charles-Brotte-colorise-1200x1200-1-600x600.jpg 600w, https:\/\/brotte.com\/wp-content\/uploads\/2023\/03\/Charles-Brotte-colorise-1200x1200-1.jpg 1200w\" loading=\"eager\" sizes=\"(max-width: 600px) 100vw, 600px\" width=\"600\" height=\"600\"  data-dt-location=\"https:\/\/brotte.com\/index.php\/notre-histoire\/charles-brotte-colorise-1200x1200\/\" style=\"--ratio: 600 \/ 600;\" alt=\"\" \/><\/div><\/div><\/div>[vc_empty_space][vc_column_text css_animation=&#8221;fadeInUp&#8221; css=&#8221;.vc_custom_1677833259966{padding-bottom: 20px !important;}&#8221;]<\/p>\n<p style=\"text-align: justify;\">La Maison Brotte est officiellement cr\u00e9\u00e9e en 1931 lorsque Charles Brotte (2<sup>\u00e8me<\/sup> g\u00e9n\u00e9ration), fraichement dipl\u00f4m\u00e9 d\u2019une \u00e9cole de commerce de Marseille, d\u00e9cide de cr\u00e9er sa propre soci\u00e9t\u00e9 \u00e0 Ch\u00e2teauneuf-du-Pape. La Maison Brotte commence ainsi \u00e0 proposer une large gamme de vins de la Vall\u00e9e du Rh\u00f4ne et se place parmi les pionniers en la mati\u00e8re.<\/p>\n<p>[\/vc_column_text][\/vc_column][\/vc_row][vc_row equal_height=&#8221;yes&#8221; content_placement=&#8221;middle&#8221; css=&#8221;.vc_custom_1580055591186{padding-bottom: 50px !important;}&#8221; el_class=&#8221;phone-reverse-col&#8221;][vc_column width=&#8221;1\/2&#8243; offset=&#8221;vc_col-lg-6 vc_col-md-6 vc_col-xs-12&#8243; css=&#8221;.vc_custom_1580055324015{padding-bottom: 30px !important;}&#8221;]<div id=\"ultimate-heading-12369d74269c2cc0\" class=\"uvc-heading ult-adjust-bottom-margin ultimate-heading-12369d74269c2cc0 uvc-825 accent-border-color\" data-hspacer=\"line_only\"  data-halign=\"left\" style=\"text-align:left\"><div class=\"uvc-main-heading ult-responsive\"  data-ultimate-target='.uvc-heading.ultimate-heading-12369d74269c2cc0 h2'  data-responsive-json-new='{\"font-size\":\"mobile_landscape:24px;\",\"line-height\":\"mobile_landscape:34px;\"}' ><h2 style=\"font-weight:bold;color:#ffffff;margin-bottom:20px;\">1970<\/h2><\/div><div class=\"uvc-heading-spacer line_only\" style=\"margin-bottom:30px;height:3px;\"><span class=\"uvc-headings-line\" style=\"border-style:solid;border-bottom-width:3px;border-color:;width:150px;\"><\/span><\/div><\/div><style type=\"text\/css\" data-type=\"the7_shortcodes-inline-css\">.shortcode-single-image-wrap.shortcode-single-image-0c5f5d47b72a7b30cd2b499c1a12a9dc.enable-bg-rollover .rollover i,\n.shortcode-single-image-wrap.shortcode-single-image-0c5f5d47b72a7b30cd2b499c1a12a9dc.enable-bg-rollover .rollover-video i {\n  background: -webkit-linear-gradient();\n  background: linear-gradient();\n}\n.shortcode-single-image-wrap.shortcode-single-image-0c5f5d47b72a7b30cd2b499c1a12a9dc .rollover-icon {\n  font-size: 32px;\n  color: #ffffff;\n  min-width: 44px;\n  min-height: 44px;\n  line-height: 44px;\n  border-radius: 100px;\n  border-style: solid;\n  border-width: 0px;\n}\n.dt-icon-bg-on.shortcode-single-image-wrap.shortcode-single-image-0c5f5d47b72a7b30cd2b499c1a12a9dc .rollover-icon {\n  background: rgba(255,255,255,0.3);\n  box-shadow: none;\n}\n<\/style><div class=\"shortcode-single-image-wrap shortcode-single-image-0c5f5d47b72a7b30cd2b499c1a12a9dc alignnone fadeInUp animate-element  enable-bg-rollover dt-icon-bg-off\" style=\"margin-top:0px; margin-bottom:0px; margin-left:0px; margin-right:0px; width:600px;\"><div class=\"shortcode-single-image\"><div class=\"fancy-media-wrap  layzr-bg\" style=\"\"><img decoding=\"async\" class=\"preload-me lazy-load aspect\" src=\"data:image\/svg+xml,%3Csvg%20xmlns%3D&#39;http%3A%2F%2Fwww.w3.org%2F2000%2Fsvg&#39;%20viewBox%3D&#39;0%200%20600%20600&#39;%2F%3E\" data-src=\"https:\/\/brotte.com\/wp-content\/uploads\/2023\/01\/jean-pierre-brotte-1200x1200-1-600x600.jpg\" data-srcset=\"https:\/\/brotte.com\/wp-content\/uploads\/2023\/01\/jean-pierre-brotte-1200x1200-1-600x600.jpg 600w, https:\/\/brotte.com\/wp-content\/uploads\/2023\/01\/jean-pierre-brotte-1200x1200-1.jpg 1200w\" loading=\"eager\" sizes=\"(max-width: 600px) 100vw, 600px\" width=\"600\" height=\"600\"  data-dt-location=\"https:\/\/brotte.com\/index.php\/notre-histoire\/jean-pierre-brotte-1200x1200\/\" style=\"--ratio: 600 \/ 600;\" alt=\"\" \/><\/div><\/div><\/div>[vc_empty_space][vc_column_text css_animation=&#8221;fadeInUp&#8221; css=&#8221;.vc_custom_1677833530610{padding-bottom: 20px !important;}&#8221;]<\/p>\n<p style=\"text-align: justify;\">Son fils Jean-Pierre Brotte (3<sup>\u00e8me<\/sup> g\u00e9n\u00e9ration) reprend l\u2019affaire en 1970 et d\u00e9veloppe les march\u00e9s exports. Il est l\u2019un des premiers de la vall\u00e9e du Rh\u00f4ne \u00e0 promouvoir ses vins outre-Atlantique, au Canada et aux Etats-Unis, mais aussi au Japon. Gr\u00e2ce \u00e0 lui, nos vins sont aujourd\u2019hui pr\u00e9sents dans plus de 100 pays.<\/p>\n<p>[\/vc_column_text][\/vc_column][vc_column width=&#8221;1\/2&#8243; offset=&#8221;vc_col-lg-6 vc_col-md-6 vc_col-xs-12&#8243; css=&#8221;.vc_custom_1580055317839{padding-bottom: 30px !important;}&#8221;][\/vc_column][\/vc_row][vc_row equal_height=&#8221;yes&#8221; content_placement=&#8221;middle&#8221; css=&#8221;.vc_custom_1580036899711{padding-bottom: 50px !important;}&#8221;][vc_column width=&#8221;1\/2&#8243; offset=&#8221;vc_col-lg-6 vc_col-md-6 vc_col-xs-12&#8243; css=&#8221;.vc_custom_1580055305584{padding-bottom: 30px !important;}&#8221;][\/vc_column][vc_column width=&#8221;1\/2&#8243; offset=&#8221;vc_col-lg-6 vc_col-md-6 vc_col-xs-12&#8243; css=&#8221;.vc_custom_1580055299973{padding-bottom: 30px !important;}&#8221;]<div id=\"ultimate-heading-285769d74269c3294\" class=\"uvc-heading ult-adjust-bottom-margin ultimate-heading-285769d74269c3294 uvc-8582 accent-border-color\" data-hspacer=\"line_only\"  data-halign=\"left\" style=\"text-align:left\"><div class=\"uvc-main-heading ult-responsive\"  data-ultimate-target='.uvc-heading.ultimate-heading-285769d74269c3294 h2'  data-responsive-json-new='{\"font-size\":\"mobile_landscape:24px;\",\"line-height\":\"mobile_landscape:34px;\"}' ><h2 style=\"font-weight:bold;color:#ffffff;margin-bottom:15px;\">2001<\/h2><\/div><div class=\"uvc-heading-spacer line_only\" style=\"margin-bottom:30px;height:3px;\"><span class=\"uvc-headings-line\" style=\"border-style:solid;border-bottom-width:3px;border-color:;width:150px;\"><\/span><\/div><\/div><style type=\"text\/css\" data-type=\"the7_shortcodes-inline-css\">.shortcode-single-image-wrap.shortcode-single-image-b3011a67d2395aef9a517d55afff1fc1.enable-bg-rollover .rollover i,\n.shortcode-single-image-wrap.shortcode-single-image-b3011a67d2395aef9a517d55afff1fc1.enable-bg-rollover .rollover-video i {\n  background: -webkit-linear-gradient();\n  background: linear-gradient();\n}\n.shortcode-single-image-wrap.shortcode-single-image-b3011a67d2395aef9a517d55afff1fc1 .rollover-icon {\n  font-size: 32px;\n  color: #ffffff;\n  min-width: 44px;\n  min-height: 44px;\n  line-height: 44px;\n  border-radius: 100px;\n  border-style: solid;\n  border-width: 0px;\n}\n.dt-icon-bg-on.shortcode-single-image-wrap.shortcode-single-image-b3011a67d2395aef9a517d55afff1fc1 .rollover-icon {\n  background: rgba(255,255,255,0.3);\n  box-shadow: none;\n}\n<\/style><div class=\"shortcode-single-image-wrap shortcode-single-image-b3011a67d2395aef9a517d55afff1fc1 alignnone fadeInUp animate-element  enable-bg-rollover dt-icon-bg-off\" style=\"margin-top:0px; margin-bottom:0px; margin-left:0px; margin-right:0px; width:600px;\"><div class=\"shortcode-single-image\"><div class=\"fancy-media-wrap  layzr-bg\" style=\"\"><img decoding=\"async\" class=\"preload-me lazy-load aspect\" src=\"data:image\/svg+xml,%3Csvg%20xmlns%3D&#39;http%3A%2F%2Fwww.w3.org%2F2000%2Fsvg&#39;%20viewBox%3D&#39;0%200%20600%20600&#39;%2F%3E\" data-src=\"https:\/\/brotte.com\/wp-content\/uploads\/2023\/01\/UMVR_brotte-1200x1200-1-600x600.jpg\" data-srcset=\"https:\/\/brotte.com\/wp-content\/uploads\/2023\/01\/UMVR_brotte-1200x1200-1-600x600.jpg 600w, https:\/\/brotte.com\/wp-content\/uploads\/2023\/01\/UMVR_brotte-1200x1200-1.jpg 1200w\" loading=\"eager\" sizes=\"(max-width: 600px) 100vw, 600px\" width=\"600\" height=\"600\"  data-dt-location=\"https:\/\/brotte.com\/index.php\/notre-histoire\/umvr_brotte-1200x1200\/\" style=\"--ratio: 600 \/ 600;\" alt=\"\" \/><\/div><\/div><\/div>[vc_empty_space][vc_column_text css_animation=&#8221;fadeInUp&#8221; css=&#8221;.vc_custom_1677831773849{padding-bottom: 20px !important;}&#8221;]<\/p>\n<p style=\"text-align: justify;\">A partir de 2001, Laurent Brotte et son \u00e9pouse Christine prennent le relais de l\u2019entreprise familiale. Ensemble, ils am\u00e9liorent les m\u00e9thodes de vinification, d\u00e9veloppent le vignoble et subliment la qualit\u00e9 de leurs vins tout en fa\u00e7onnant le nom Brotte \u00e0 travers le monde. Ils sont la 4<sup>\u00e8me<\/sup> g\u00e9n\u00e9ration.<\/p>\n<p>[\/vc_column_text][\/vc_column][\/vc_row][vc_row equal_height=&#8221;yes&#8221; content_placement=&#8221;middle&#8221; css=&#8221;.vc_custom_1580055591186{padding-bottom: 50px !important;}&#8221; el_class=&#8221;phone-reverse-col&#8221;][vc_column width=&#8221;1\/2&#8243; offset=&#8221;vc_col-lg-6 vc_col-md-6 vc_col-xs-12&#8243; css=&#8221;.vc_custom_1580055324015{padding-bottom: 30px !important;}&#8221;]<div id=\"ultimate-heading-561769d74269c381e\" class=\"uvc-heading ult-adjust-bottom-margin ultimate-heading-561769d74269c381e uvc-7874 accent-border-color\" data-hspacer=\"line_only\"  data-halign=\"left\" style=\"text-align:left\"><div class=\"uvc-main-heading ult-responsive\"  data-ultimate-target='.uvc-heading.ultimate-heading-561769d74269c381e h2'  data-responsive-json-new='{\"font-size\":\"mobile_landscape:24px;\",\"line-height\":\"mobile_landscape:34px;\"}' ><h2 style=\"font-weight:bold;color:#ffffff;margin-bottom:20px;\">2015<\/h2><\/div><div class=\"uvc-heading-spacer line_only\" style=\"margin-bottom:30px;height:3px;\"><span class=\"uvc-headings-line\" style=\"border-style:solid;border-bottom-width:3px;border-color:;width:150px;\"><\/span><\/div><\/div><style type=\"text\/css\" data-type=\"the7_shortcodes-inline-css\">.shortcode-single-image-wrap.shortcode-single-image-1bae99fa01ba8307830dcbd1330a0a9f.enable-bg-rollover .rollover i,\n.shortcode-single-image-wrap.shortcode-single-image-1bae99fa01ba8307830dcbd1330a0a9f.enable-bg-rollover .rollover-video i {\n  background: -webkit-linear-gradient();\n  background: linear-gradient();\n}\n.shortcode-single-image-wrap.shortcode-single-image-1bae99fa01ba8307830dcbd1330a0a9f .rollover-icon {\n  font-size: 32px;\n  color: #ffffff;\n  min-width: 44px;\n  min-height: 44px;\n  line-height: 44px;\n  border-radius: 100px;\n  border-style: solid;\n  border-width: 0px;\n}\n.dt-icon-bg-on.shortcode-single-image-wrap.shortcode-single-image-1bae99fa01ba8307830dcbd1330a0a9f .rollover-icon {\n  background: rgba(255,255,255,0.3);\n  box-shadow: none;\n}\n<\/style><div class=\"shortcode-single-image-wrap shortcode-single-image-1bae99fa01ba8307830dcbd1330a0a9f alignnone fadeInUp animate-element  enable-bg-rollover dt-icon-bg-off\" style=\"margin-top:0px; margin-bottom:0px; margin-left:0px; margin-right:0px; width:600px;\"><div class=\"shortcode-single-image\"><div class=\"fancy-media-wrap  layzr-bg\" style=\"\"><img decoding=\"async\" class=\"preload-me lazy-load aspect\" src=\"data:image\/svg+xml,%3Csvg%20xmlns%3D&#39;http%3A%2F%2Fwww.w3.org%2F2000%2Fsvg&#39;%20viewBox%3D&#39;0%200%20600%20600&#39;%2F%3E\" data-src=\"https:\/\/brotte.com\/wp-content\/uploads\/2023\/01\/Thibault-et-Benoit-Brotte-1200x1200-1-600x600.jpg\" data-srcset=\"https:\/\/brotte.com\/wp-content\/uploads\/2023\/01\/Thibault-et-Benoit-Brotte-1200x1200-1-600x600.jpg 600w, https:\/\/brotte.com\/wp-content\/uploads\/2023\/01\/Thibault-et-Benoit-Brotte-1200x1200-1.jpg 1200w\" loading=\"eager\" sizes=\"(max-width: 600px) 100vw, 600px\" width=\"600\" height=\"600\"  data-dt-location=\"https:\/\/brotte.com\/index.php\/notre-histoire\/thibault-et-benoit-brotte-1200x1200\/\" style=\"--ratio: 600 \/ 600;\" alt=\"\" \/><\/div><\/div><\/div>[vc_empty_space][vc_column_text css_animation=&#8221;fadeInUp&#8221; css=&#8221;.vc_custom_1677831792464{padding-bottom: 20px !important;}&#8221;]<\/p>\n<p style=\"text-align: justify;\">L\u2019ann\u00e9e 2015 a \u00e9t\u00e9 marqu\u00e9e par l\u2019arriv\u00e9e au domaine de la 5<sup>\u00e8me<\/sup> g\u00e9n\u00e9ration\u00a0: Thibault et Beno\u00eet \u00a0travaillent \u00e0 pr\u00e9sent aux c\u00f4t\u00e9s de leurs parents et viennent apporter fra\u00eecheur et dynamisme \u00e0 l\u2019entreprise. Aujourd\u2019hui, ce sont trois g\u00e9n\u00e9rations qui coop\u00e8rent au d\u00e9veloppement de la maison.<\/p>\n<p>[\/vc_column_text][\/vc_column][vc_column width=&#8221;1\/2&#8243; offset=&#8221;vc_col-lg-6 vc_col-md-6 vc_col-xs-12&#8243; css=&#8221;.vc_custom_1580055317839{padding-bottom: 30px !important;}&#8221;][\/vc_column][\/vc_row]<\/p>\n<\/div>","protected":false},"excerpt":{"rendered":"<p>[vc_row equal_height=&#8221;yes&#8221; content_placement=&#8221;middle&#8221; css=&#8221;.vc_custom_1580055585962{padding-top: 80px !important;padding-bottom: 50px !important;}&#8221; el_class=&#8221;phone-reverse-col&#8221;][vc_column width=&#8221;1\/2&#8243; offset=&#8221;vc_col-lg-6 vc_col-md-6 vc_col-xs-12&#8243; css=&#8221;.vc_custom_1580055289499{padding-bottom: 30px !important;}&#8221;][vc_empty_space][vc_column_text css_animation=&#8221;fadeInUp&#8221; css=&#8221;.vc_custom_1677831706378{padding-bottom: 0px !important;}&#8221;] Le vin occupe une place de taille au sein de la famille Brotte depuis deux si\u00e8cles d\u00e9j\u00e0. En 1880, M. Amouroux et M. Clouplet, anc\u00eatres respectifs de Laurent et Christine Brotte, s\u2019affairaient d\u00e9j\u00e0 dans les&hellip;<\/p>\n","protected":false},"author":1,"featured_media":51392,"parent":0,"menu_order":17,"comment_status":"closed","ping_status":"closed","template":"","meta":{"footnotes":""},"class_list":["post-3279","page","type-page","status-publish","has-post-thumbnail","hentry","description-off"],"lang":"fr","translations":{"fr":3279,"en":52121},"pll_sync_post":[],"_links":{"self":[{"href":"https:\/\/brotte.com\/index.php\/wp-json\/wp\/v2\/pages\/3279","targetHints":{"allow":["GET"]}}],"collection":[{"href":"https:\/\/brotte.com\/index.php\/wp-json\/wp\/v2\/pages"}],"about":[{"href":"https:\/\/brotte.com\/index.php\/wp-json\/wp\/v2\/types\/page"}],"author":[{"embeddable":true,"href":"https:\/\/brotte.com\/index.php\/wp-json\/wp\/v2\/users\/1"}],"replies":[{"embeddable":true,"href":"https:\/\/brotte.com\/index.php\/wp-json\/wp\/v2\/comments?post=3279"}],"version-history":[{"count":39,"href":"https:\/\/brotte.com\/index.php\/wp-json\/wp\/v2\/pages\/3279\/revisions"}],"predecessor-version":[{"id":52120,"href":"https:\/\/brotte.com\/index.php\/wp-json\/wp\/v2\/pages\/3279\/revisions\/52120"}],"wp:featuredmedia":[{"embeddable":true,"href":"https:\/\/brotte.com\/index.php\/wp-json\/wp\/v2\/media\/51392"}],"wp:attachment":[{"href":"https:\/\/brotte.com\/index.php\/wp-json\/wp\/v2\/media?parent=3279"}],"curies":[{"name":"wp","href":"https:\/\/api.w.org\/{rel}","templated":true}]}}