{"id":3243,"date":"2022-12-16T13:40:30","date_gmt":"2022-12-16T12:40:30","guid":{"rendered":"https:\/\/brotte.com\/?page_id=3243"},"modified":"2023-03-03T10:18:49","modified_gmt":"2023-03-03T09:18:49","slug":"notre-savoir-faire","status":"publish","type":"page","link":"https:\/\/brotte.com\/index.php\/notre-savoir-faire\/","title":{"rendered":"Notre Savoir-Faire"},"content":{"rendered":"<div class=\"wpb-content-wrapper\"><p>[vc_row equal_height=&#8221;yes&#8221; content_placement=&#8221;middle&#8221; css=&#8221;.vc_custom_1675094635308{padding-top: 80px !important;padding-bottom: 50px !important;}&#8221;][vc_column width=&#8221;1\/2&#8243; offset=&#8221;vc_col-lg-6 vc_col-md-6 vc_col-xs-12&#8243; css=&#8221;.vc_custom_1580055289499{padding-bottom: 30px !important;}&#8221;]<div id=\"ultimate-heading-788569e60e4c6162b\" class=\"uvc-heading ult-adjust-bottom-margin ultimate-heading-788569e60e4c6162b uvc-1152 accent-border-color\" data-hspacer=\"line_only\"  data-halign=\"left\" style=\"text-align:left\"><div class=\"uvc-main-heading ult-responsive\"  data-ultimate-target='.uvc-heading.ultimate-heading-788569e60e4c6162b h2'  data-responsive-json-new='{\"font-size\":\"mobile_landscape:24px;\",\"line-height\":\"mobile_landscape:34px;\"}' ><h2 style=\"--font-weight:theme;color:#ffffff;margin-bottom:15px;\">Un Savoir-Faire Ch\u00e2teauneuvois<\/h2><\/div><div class=\"uvc-heading-spacer line_only\" style=\"margin-bottom:30px;height:3px;\"><span class=\"uvc-headings-line\" style=\"border-style:solid;border-bottom-width:3px;border-color:;width:150px;\"><\/span><\/div><\/div>[vc_column_text css_animation=&#8221;fadeInUp&#8221; css=&#8221;.vc_custom_1677834894306{padding-bottom: 20px !important;}&#8221;]<\/p>\n<p style=\"text-align: justify;\"><b><\/b>La ma\u00eetrise d&#8217;un <strong>climat complexe<\/strong> (chaleur, s\u00e9cheresse) et de <strong>sols vari\u00e9s<\/strong> (galets roul\u00e9s, calcaires \u00e9clat\u00e9s et sables).<\/p>\n<p style=\"text-align: justify;\">Une AOC <strong>exigeante<\/strong> : vendanges manuelles, tri au vignoble et en cave, faibles rendements.<\/p>\n<p>[\/vc_column_text][\/vc_column][vc_column width=&#8221;1\/2&#8243; offset=&#8221;vc_col-lg-6 vc_col-md-6 vc_col-xs-12&#8243; css=&#8221;.vc_custom_1580055295063{padding-bottom: 30px !important;}&#8221;]<style type=\"text\/css\" data-type=\"the7_shortcodes-inline-css\">.shortcode-single-image-wrap.shortcode-single-image-d1ffd56f918cf41d7bbeb2c07cb6ee1f.enable-bg-rollover .rollover i,\n.shortcode-single-image-wrap.shortcode-single-image-d1ffd56f918cf41d7bbeb2c07cb6ee1f.enable-bg-rollover .rollover-video i {\n  background: -webkit-linear-gradient();\n  background: linear-gradient();\n}\n.shortcode-single-image-wrap.shortcode-single-image-d1ffd56f918cf41d7bbeb2c07cb6ee1f .rollover-icon {\n  font-size: 32px;\n  color: #ffffff;\n  min-width: 44px;\n  min-height: 44px;\n  line-height: 44px;\n  border-radius: 100px;\n  border-style: solid;\n  border-width: 0px;\n}\n.dt-icon-bg-on.shortcode-single-image-wrap.shortcode-single-image-d1ffd56f918cf41d7bbeb2c07cb6ee1f .rollover-icon {\n  background: rgba(255,255,255,0.3);\n  box-shadow: none;\n}\n<\/style><div class=\"shortcode-single-image-wrap shortcode-single-image-d1ffd56f918cf41d7bbeb2c07cb6ee1f alignnone fadeInUp animate-element  enable-bg-rollover dt-icon-bg-off\" style=\"margin-top:0px; margin-bottom:0px; margin-left:0px; margin-right:0px; width:600px;\"><div class=\"shortcode-single-image\"><div class=\"fancy-media-wrap  layzr-bg\" style=\"\"><img fetchpriority=\"high\" decoding=\"async\" class=\"preload-me lazy-load aspect\" src=\"data:image\/svg+xml,%3Csvg%20xmlns%3D&#39;http%3A%2F%2Fwww.w3.org%2F2000%2Fsvg&#39;%20viewBox%3D&#39;0%200%20600%20600&#39;%2F%3E\" data-src=\"https:\/\/brotte.com\/wp-content\/uploads\/2022\/12\/Vin-en-fermentation-600x600.jpg\" data-srcset=\"https:\/\/brotte.com\/wp-content\/uploads\/2022\/12\/Vin-en-fermentation-600x600.jpg 600w, https:\/\/brotte.com\/wp-content\/uploads\/2022\/12\/Vin-en-fermentation-667x667.jpg 667w\" loading=\"eager\" sizes=\"(max-width: 600px) 100vw, 600px\" width=\"600\" height=\"600\"  data-dt-location=\"https:\/\/brotte.com\/index.php\/notre-savoir-faire\/vin-en-fermentation\/\" style=\"--ratio: 600 \/ 600;\" alt=\"\" \/><\/div><\/div><\/div>[\/vc_column][\/vc_row][vc_row equal_height=&#8221;yes&#8221; content_placement=&#8221;middle&#8221; css=&#8221;.vc_custom_1580036899711{padding-bottom: 50px !important;}&#8221;][vc_column width=&#8221;1\/2&#8243; offset=&#8221;vc_col-lg-6 vc_col-md-6 vc_col-xs-12&#8243; css=&#8221;.vc_custom_1580055305584{padding-bottom: 30px !important;}&#8221;]<style type=\"text\/css\" data-type=\"the7_shortcodes-inline-css\">.shortcode-single-image-wrap.shortcode-single-image-d8128402c77ba75900180005d8f5935e.enable-bg-rollover .rollover i,\n.shortcode-single-image-wrap.shortcode-single-image-d8128402c77ba75900180005d8f5935e.enable-bg-rollover .rollover-video i {\n  background: -webkit-linear-gradient();\n  background: linear-gradient();\n}\n.shortcode-single-image-wrap.shortcode-single-image-d8128402c77ba75900180005d8f5935e .rollover-icon {\n  font-size: 32px;\n  color: #ffffff;\n  min-width: 44px;\n  min-height: 44px;\n  line-height: 44px;\n  border-radius: 100px;\n  border-style: solid;\n  border-width: 0px;\n}\n.dt-icon-bg-on.shortcode-single-image-wrap.shortcode-single-image-d8128402c77ba75900180005d8f5935e .rollover-icon {\n  background: rgba(255,255,255,0.3);\n  box-shadow: none;\n}\n<\/style><div class=\"shortcode-single-image-wrap shortcode-single-image-d8128402c77ba75900180005d8f5935e alignnone fadeInUp animate-element  enable-bg-rollover dt-icon-bg-off\" style=\"margin-top:0px; margin-bottom:0px; margin-left:0px; margin-right:0px; width:600px;\"><div class=\"shortcode-single-image\"><div class=\"fancy-media-wrap  layzr-bg\" style=\"\"><img decoding=\"async\" class=\"preload-me lazy-load aspect\" src=\"data:image\/svg+xml,%3Csvg%20xmlns%3D&#39;http%3A%2F%2Fwww.w3.org%2F2000%2Fsvg&#39;%20viewBox%3D&#39;0%200%20600%20600&#39;%2F%3E\" data-src=\"https:\/\/brotte.com\/wp-content\/uploads\/2022\/12\/grenache-Raisin-3-600x600.jpg\" data-srcset=\"https:\/\/brotte.com\/wp-content\/uploads\/2022\/12\/grenache-Raisin-3-600x600.jpg 600w, https:\/\/brotte.com\/wp-content\/uploads\/2022\/12\/grenache-Raisin-3-667x667.jpg 667w\" loading=\"eager\" sizes=\"(max-width: 600px) 100vw, 600px\" width=\"600\" height=\"600\"  data-dt-location=\"https:\/\/brotte.com\/index.php\/notre-savoir-faire\/grenache-raisin-3\/\" style=\"--ratio: 600 \/ 600;\" alt=\"\" \/><\/div><\/div><\/div>[\/vc_column][vc_column width=&#8221;1\/2&#8243; offset=&#8221;vc_col-lg-6 vc_col-md-6 vc_col-xs-12&#8243; css=&#8221;.vc_custom_1580055299973{padding-bottom: 30px !important;}&#8221;]<div id=\"ultimate-heading-704869e60e4c6382b\" class=\"uvc-heading ult-adjust-bottom-margin ultimate-heading-704869e60e4c6382b uvc-189 accent-border-color\" data-hspacer=\"line_only\"  data-halign=\"left\" style=\"text-align:left\"><div class=\"uvc-main-heading ult-responsive\"  data-ultimate-target='.uvc-heading.ultimate-heading-704869e60e4c6382b h2'  data-responsive-json-new='{\"font-size\":\"mobile_landscape:24px;\",\"line-height\":\"mobile_landscape:34px;\"}' ><h2 style=\"font-weight:bold;color:#ffffff;margin-bottom:15px;\">Un Fort Attachement au C\u00e9page Grenache<\/h2><\/div><div class=\"uvc-heading-spacer line_only\" style=\"margin-bottom:30px;height:3px;\"><span class=\"uvc-headings-line\" style=\"border-style:solid;border-bottom-width:3px;border-color:;width:150px;\"><\/span><\/div><\/div>[vc_column_text css_animation=&#8221;fadeInUp&#8221; css=&#8221;.vc_custom_1677835053926{padding-bottom: 20px !important;}&#8221;]<\/p>\n<p style=\"text-align: justify;\">Pour la <b>noblesse <\/b>et la <b>franchise <\/b>de son fruit, son <b>soyeux<\/b>. Des pratiques pour le r\u00e9v\u00e9ler sans le masquer :<\/p>\n<ul>\n<li style=\"text-align: justify;\">Vendange \u00e0 l\u2019\u00e9quilibre id\u00e9al de concentration.<\/li>\n<li style=\"text-align: justify;\">B\u00e2tonnage des lies (rouge) pour plus de rondeur.<\/li>\n<li style=\"text-align: justify;\">\u00c9levage majoritaire en foudres de ch\u00eane centenaires et cuves b\u00e9ton.<\/li>\n<li style=\"text-align: justify;\">Usage de f\u00fbts de un, deux et trois vins sur la Syrah.<\/li>\n<li style=\"text-align: justify;\">L\u00e9g\u00e8re filtration.<\/li>\n<\/ul>\n<p>[\/vc_column_text][\/vc_column][\/vc_row][vc_row equal_height=&#8221;yes&#8221; content_placement=&#8221;middle&#8221; css=&#8221;.vc_custom_1580055591186{padding-bottom: 50px !important;}&#8221; el_class=&#8221;phone-reverse-col&#8221;][vc_column width=&#8221;1\/2&#8243; offset=&#8221;vc_col-lg-6 vc_col-md-6 vc_col-xs-12&#8243; css=&#8221;.vc_custom_1580055324015{padding-bottom: 30px !important;}&#8221;]<div id=\"ultimate-heading-944569e60e4c63862\" class=\"uvc-heading ult-adjust-bottom-margin ultimate-heading-944569e60e4c63862 uvc-3945 accent-border-color\" data-hspacer=\"line_only\"  data-halign=\"left\" style=\"text-align:left\"><div class=\"uvc-main-heading ult-responsive\"  data-ultimate-target='.uvc-heading.ultimate-heading-944569e60e4c63862 h2'  data-responsive-json-new='{\"font-size\":\"mobile_landscape:24px;\",\"line-height\":\"mobile_landscape:34px;\"}' ><h2 style=\"font-weight:bold;color:#ffffff;margin-bottom:20px;\">Un Attrait pour les Vins Blancs de la Vall\u00e9e du Rh\u00f4ne<\/h2><\/div><div class=\"uvc-heading-spacer line_only\" style=\"margin-bottom:30px;height:3px;\"><span class=\"uvc-headings-line\" style=\"border-style:solid;border-bottom-width:3px;border-color:;width:150px;\"><\/span><\/div><\/div>[vc_column_text css_animation=&#8221;fadeInUp&#8221; css=&#8221;.vc_custom_1677835125115{padding-bottom: 20px !important;}&#8221;]<\/p>\n<p style=\"text-align: justify;\">Une forte inclination et une grande expertise pour la promotion des vins blancs de la Vall\u00e9e du Rh\u00f4ne, encore peu connus et \u00e0 fort potentiel : <strong>fruit<\/strong><b>\u00a0&amp;<\/b><b> fra\u00eecheur<\/b><b>. <\/b>Vendanges t\u00f4t le matin &amp; absence de fermentation malolactique pour conserver l\u2019acidit\u00e9.<\/p>\n<p>[\/vc_column_text][\/vc_column][vc_column width=&#8221;1\/2&#8243; offset=&#8221;vc_col-lg-6 vc_col-md-6 vc_col-xs-12&#8243; css=&#8221;.vc_custom_1580055317839{padding-bottom: 30px !important;}&#8221;]<style type=\"text\/css\" data-type=\"the7_shortcodes-inline-css\">.shortcode-single-image-wrap.shortcode-single-image-fb7cca92c7709a033512794349e9b4cd.enable-bg-rollover .rollover i,\n.shortcode-single-image-wrap.shortcode-single-image-fb7cca92c7709a033512794349e9b4cd.enable-bg-rollover .rollover-video i {\n  background: -webkit-linear-gradient();\n  background: linear-gradient();\n}\n.shortcode-single-image-wrap.shortcode-single-image-fb7cca92c7709a033512794349e9b4cd .rollover-icon {\n  font-size: 32px;\n  color: #ffffff;\n  min-width: 44px;\n  min-height: 44px;\n  line-height: 44px;\n  border-radius: 100px;\n  border-style: solid;\n  border-width: 0px;\n}\n.dt-icon-bg-on.shortcode-single-image-wrap.shortcode-single-image-fb7cca92c7709a033512794349e9b4cd .rollover-icon {\n  background: rgba(255,255,255,0.3);\n  box-shadow: none;\n}\n<\/style><div class=\"shortcode-single-image-wrap shortcode-single-image-fb7cca92c7709a033512794349e9b4cd alignnone fadeInUp animate-element  enable-bg-rollover dt-icon-bg-off\" style=\"margin-top:0px; margin-bottom:0px; margin-left:0px; margin-right:0px; width:600px;\"><div class=\"shortcode-single-image\"><div class=\"fancy-media-wrap  layzr-bg\" style=\"\"><img decoding=\"async\" class=\"preload-me lazy-load aspect\" src=\"data:image\/svg+xml,%3Csvg%20xmlns%3D&#39;http%3A%2F%2Fwww.w3.org%2F2000%2Fsvg&#39;%20viewBox%3D&#39;0%200%20600%20600&#39;%2F%3E\" data-src=\"https:\/\/brotte.com\/wp-content\/uploads\/2022\/12\/Vallee-du-Rhone-Nord-600x600.jpg\" data-srcset=\"https:\/\/brotte.com\/wp-content\/uploads\/2022\/12\/Vallee-du-Rhone-Nord-600x600.jpg 600w, https:\/\/brotte.com\/wp-content\/uploads\/2022\/12\/Vallee-du-Rhone-Nord-1200x1200.jpg 1200w\" loading=\"eager\" sizes=\"(max-width: 600px) 100vw, 600px\" width=\"600\" height=\"600\"  data-dt-location=\"https:\/\/brotte.com\/index.php\/notre-savoir-faire\/vallee-du-rhone-nord\/\" style=\"--ratio: 600 \/ 600;\" alt=\"\" \/><\/div><\/div><\/div>[\/vc_column][\/vc_row]<\/p>\n<\/div>","protected":false},"excerpt":{"rendered":"<p>[vc_row equal_height=&#8221;yes&#8221; content_placement=&#8221;middle&#8221; css=&#8221;.vc_custom_1675094635308{padding-top: 80px !important;padding-bottom: 50px !important;}&#8221;][vc_column width=&#8221;1\/2&#8243; offset=&#8221;vc_col-lg-6 vc_col-md-6 vc_col-xs-12&#8243; css=&#8221;.vc_custom_1580055289499{padding-bottom: 30px !important;}&#8221;][vc_column_text css_animation=&#8221;fadeInUp&#8221; css=&#8221;.vc_custom_1677834894306{padding-bottom: 20px !important;}&#8221;] La ma\u00eetrise d&#8217;un climat complexe (chaleur, s\u00e9cheresse) et de sols vari\u00e9s (galets roul\u00e9s, calcaires \u00e9clat\u00e9s et sables). Une AOC exigeante : vendanges manuelles, tri au vignoble et en cave, faibles rendements. [\/vc_column_text][\/vc_column][vc_column width=&#8221;1\/2&#8243; offset=&#8221;vc_col-lg-6 vc_col-md-6 vc_col-xs-12&#8243;&hellip;<\/p>\n","protected":false},"author":1,"featured_media":3255,"parent":0,"menu_order":17,"comment_status":"closed","ping_status":"closed","template":"","meta":{"footnotes":""},"class_list":["post-3243","page","type-page","status-publish","has-post-thumbnail","hentry","description-off"],"lang":"fr","translations":{"fr":3243,"en":52128},"pll_sync_post":[],"_links":{"self":[{"href":"https:\/\/brotte.com\/index.php\/wp-json\/wp\/v2\/pages\/3243","targetHints":{"allow":["GET"]}}],"collection":[{"href":"https:\/\/brotte.com\/index.php\/wp-json\/wp\/v2\/pages"}],"about":[{"href":"https:\/\/brotte.com\/index.php\/wp-json\/wp\/v2\/types\/page"}],"author":[{"embeddable":true,"href":"https:\/\/brotte.com\/index.php\/wp-json\/wp\/v2\/users\/1"}],"replies":[{"embeddable":true,"href":"https:\/\/brotte.com\/index.php\/wp-json\/wp\/v2\/comments?post=3243"}],"version-history":[{"count":29,"href":"https:\/\/brotte.com\/index.php\/wp-json\/wp\/v2\/pages\/3243\/revisions"}],"predecessor-version":[{"id":51850,"href":"https:\/\/brotte.com\/index.php\/wp-json\/wp\/v2\/pages\/3243\/revisions\/51850"}],"wp:featuredmedia":[{"embeddable":true,"href":"https:\/\/brotte.com\/index.php\/wp-json\/wp\/v2\/media\/3255"}],"wp:attachment":[{"href":"https:\/\/brotte.com\/index.php\/wp-json\/wp\/v2\/media?parent=3243"}],"curies":[{"name":"wp","href":"https:\/\/api.w.org\/{rel}","templated":true}]}}