{"id":3165,"date":"2022-12-15T13:32:42","date_gmt":"2022-12-15T12:32:42","guid":{"rendered":"https:\/\/brotte.com\/?page_id=3165"},"modified":"2023-04-11T14:53:54","modified_gmt":"2023-04-11T12:53:54","slug":"nos-domaines","status":"publish","type":"page","link":"https:\/\/brotte.com\/index.php\/nos-domaines\/","title":{"rendered":"Nos Domaines"},"content":{"rendered":"<div class=\"wpb-content-wrapper\"><p>[vc_row][vc_column][vc_empty_space][\/vc_column][\/vc_row][vc_row css=&#8221;.vc_custom_1677588341587{padding-right: 10px !important;padding-left: 10px !important;}&#8221;][vc_column width=&#8221;1\/6&#8243;][\/vc_column][vc_column width=&#8221;2\/3&#8243;]<div id=\"ultimate-heading-315869e44c5c46ebf\" class=\"uvc-heading ult-adjust-bottom-margin ultimate-heading-315869e44c5c46ebf uvc-2778 accent-border-color\" data-hspacer=\"line_only\"  data-halign=\"left\" style=\"text-align:left\"><div class=\"uvc-main-heading ult-responsive\"  data-ultimate-target='.uvc-heading.ultimate-heading-315869e44c5c46ebf h2'  data-responsive-json-new='{\"font-size\":\"mobile_landscape:24px;\",\"line-height\":\"mobile_landscape:34px;\"}' ><h2 style=\"--font-weight:theme;color:#ffffff;margin-bottom:15px;\">D\u00e9couvrez nos domaines en Vall\u00e9e du Rh\u00f4ne, sur les beaux terroirs de Ch\u00e2teauneuf-du-Pape, Cairanne et Villages Laudun<\/h2><\/div><div class=\"uvc-heading-spacer line_only\" style=\"margin-bottom:30px;height:3px;\"><span class=\"uvc-headings-line\" style=\"border-style:solid;border-bottom-width:3px;border-color:;width:150px;\"><\/span><\/div><\/div>[vc_empty_space][vc_column_text css=&#8221;.vc_custom_1677840772615{padding-right: 10px !important;padding-bottom: 20px !important;padding-left: 10px !important;}&#8221;]<\/p>\n<p style=\"text-align: justify;\">Implant\u00e9e \u00e0 <strong>Ch\u00e2teauneuf-du-Pape<\/strong> depuis <strong>1931<\/strong> la Maison familiale\u00a0<strong>Brotte\u00a0<\/strong>est propri\u00e9taire sur trois domaines de famille &#8211; trois terroirs contrast\u00e9s de la <strong>Vall\u00e9e du Rh\u00f4ne sud<\/strong>.<\/p>\n<p style=\"text-align: justify;\">Le <strong>Grenache<\/strong>, c\u00e9page roi,\u00a0s&#8217;y \u00e9panouit et y exprime tout son fruit. Sur\u00a0nos cuv\u00e9es rouges, <strong>Syrah<\/strong> et <strong>Mourv\u00e8dre<\/strong> le subliment avec leur fra\u00eecheur et leur structure.<\/p>\n<p style=\"text-align: justify;\">Sur le<strong> Domaine Barville AOC Ch\u00e2teauneuf-du-Pape<\/strong>, le climat est tr\u00e8s chaud et les sols vari\u00e9s. Nos vins expriment pleinement puissance et soyeux.<\/p>\n<p style=\"text-align: justify;\">Sur le <strong>Domaine Grosset, AOC Cairanne<\/strong>, le climat est chaud et sec, les sols de deux types diff\u00e9rents apportent tant chaleur que fra\u00eecheur.<\/p>\n<p style=\"text-align: justify;\">Sur le <strong>Ch\u00e2teau de Bord AOC C\u00f4tes du Rh\u00f4ne Villages Laudun<\/strong>, les sols sont profonds, le climat plus frais. Ils permettent \u00e0 nos cuv\u00e9es de r\u00e9v\u00e9ler beaucoup de souplesse et finesse.<\/p>\n<p>[\/vc_column_text][\/vc_column][vc_column width=&#8221;1\/6&#8243;][\/vc_column][\/vc_row][vc_row equal_height=&#8221;yes&#8221; content_placement=&#8221;middle&#8221; css=&#8221;.vc_custom_1677588304483{padding-top: 80px !important;padding-right: 10px !important;padding-bottom: 50px !important;padding-left: 10px !important;}&#8221;][vc_column css_animation=&#8221;slideInLeft&#8221; offset=&#8221;vc_col-lg-6 vc_col-md-6 vc_col-xs-12&#8243; css=&#8221;.vc_custom_1677588022573{padding-bottom: 30px !important;}&#8221;]<style type=\"text\/css\" data-type=\"the7_shortcodes-inline-css\">.shortcode-single-image-wrap.shortcode-single-image-d106f47df270211677337b90ad3b31e3.enable-bg-rollover .rollover i,\n.shortcode-single-image-wrap.shortcode-single-image-d106f47df270211677337b90ad3b31e3.enable-bg-rollover .rollover-video i {\n  background: -webkit-linear-gradient();\n  background: linear-gradient();\n}\n.shortcode-single-image-wrap.shortcode-single-image-d106f47df270211677337b90ad3b31e3 .rollover-icon {\n  font-size: 32px;\n  color: #ffffff;\n  min-width: 44px;\n  min-height: 44px;\n  line-height: 44px;\n  border-radius: 100px;\n  border-style: solid;\n  border-width: 0px;\n}\n.dt-icon-bg-on.shortcode-single-image-wrap.shortcode-single-image-d106f47df270211677337b90ad3b31e3 .rollover-icon {\n  background: rgba(255,255,255,0.3);\n  box-shadow: none;\n}\n<\/style><div class=\"shortcode-single-image-wrap shortcode-single-image-d106f47df270211677337b90ad3b31e3 alignnone  enable-bg-rollover dt-icon-bg-off\" style=\"margin-top:0px; margin-bottom:0px; margin-left:0px; margin-right:0px; width:1200px;\"><div class=\"shortcode-single-image\"><div class=\"fancy-media-wrap  layzr-bg\" style=\"\"><img fetchpriority=\"high\" decoding=\"async\" class=\"preload-me lazy-load aspect\" src=\"data:image\/svg+xml,%3Csvg%20xmlns%3D&#39;http%3A%2F%2Fwww.w3.org%2F2000%2Fsvg&#39;%20viewBox%3D&#39;0%200%201200%20900&#39;%2F%3E\" data-src=\"https:\/\/brotte.com\/wp-content\/uploads\/2022\/12\/IMG_20220607_154930-scaled-1200x900.jpg\" data-srcset=\"https:\/\/brotte.com\/wp-content\/uploads\/2022\/12\/IMG_20220607_154930-scaled-1200x900.jpg 1200w, https:\/\/brotte.com\/wp-content\/uploads\/2022\/12\/IMG_20220607_154930-scaled-1536x1152.jpg 1536w\" loading=\"eager\" sizes=\"(max-width: 1200px) 100vw, 1200px\" width=\"1200\" height=\"900\"  data-dt-location=\"https:\/\/brotte.com\/index.php\/domaine-barville\/img_20220607_154930\/\" style=\"--ratio: 1200 \/ 900;\" alt=\"\" \/><\/div><\/div><\/div>[\/vc_column][vc_column css_animation=&#8221;slideInRight&#8221; offset=&#8221;vc_col-lg-6 vc_col-md-6 vc_col-xs-12&#8243; css=&#8221;.vc_custom_1677588047649{padding-bottom: 30px !important;}&#8221;]<div id=\"ultimate-heading-749569e44c5c481b2\" class=\"uvc-heading ult-adjust-bottom-margin ultimate-heading-749569e44c5c481b2 uvc-8314 accent-border-color\" data-hspacer=\"line_only\"  data-halign=\"left\" style=\"text-align:left\"><div class=\"uvc-main-heading ult-responsive\"  data-ultimate-target='.uvc-heading.ultimate-heading-749569e44c5c481b2 h2'  data-responsive-json-new='{\"font-size\":\"mobile_landscape:24px;\",\"line-height\":\"mobile_landscape:34px;\"}' ><h2 style=\"--font-weight:theme;color:#ffffff;margin-bottom:15px;\">Domaine Barville - AOC Ch\u00e2teauneuf-du-Pape<\/h2><\/div><div class=\"uvc-heading-spacer line_only\" style=\"margin-bottom:30px;height:3px;\"><span class=\"uvc-headings-line\" style=\"border-style:solid;border-bottom-width:3px;border-color:;width:150px;\"><\/span><\/div><\/div>[vc_column_text css=&#8221;.vc_custom_1681217570937{padding-right: 10px !important;padding-bottom: 20px !important;padding-left: 10px !important;}&#8221;]<\/p>\n<p style=\"text-align: justify;\">Le Domaine Barville est la propri\u00e9t\u00e9 familiale de Laurent Brotte. Vignoble de 26,5 ha \u00e0 l\u2019ouest du village, il est constitu\u00e9 de sept parcelles s\u2019\u00e9tendant sur deux des plus anciens et meilleurs terroirs de l\u2019AOC&#8230;<\/p>\n<p>[\/vc_column_text]<style type=\"text\/css\" data-type=\"the7_shortcodes-inline-css\">#default-btn-d9e2fedaf7e10be9c06944a5f546e828.ico-right-side > i {\n  margin-right: 0px;\n  margin-left: 5px;\n}\n#default-btn-d9e2fedaf7e10be9c06944a5f546e828 > i {\n  margin-right: 5px;\n}\n<\/style><a href=\"https:\/\/brotte.com\/index.php\/domaine-barville\/\" class=\"default-btn-shortcode dt-btn dt-btn-s link-hover-off ico-right-side btn-inline-left \" id=\"default-btn-d9e2fedaf7e10be9c06944a5f546e828\" title=\"Service \u2013 single page\"><span>+ d&#8217;infos<\/span><i class=\"icomoon-the7-font-the7-arrow-09\"><\/i><\/a>[\/vc_column][\/vc_row][vc_row equal_height=&#8221;yes&#8221; content_placement=&#8221;middle&#8221; css=&#8221;.vc_custom_1677588287594{padding-right: 10px !important;padding-bottom: 50px !important;padding-left: 10px !important;}&#8221;][vc_column css_animation=&#8221;slideInLeft&#8221; offset=&#8221;vc_col-lg-6 vc_col-md-6 vc_col-xs-12&#8243; css=&#8221;.vc_custom_1677588065669{padding-bottom: 30px !important;}&#8221;]<style type=\"text\/css\" data-type=\"the7_shortcodes-inline-css\">.shortcode-single-image-wrap.shortcode-single-image-a0f6ec24b113d5fabbaebd2493aaeb2c.enable-bg-rollover .rollover i,\n.shortcode-single-image-wrap.shortcode-single-image-a0f6ec24b113d5fabbaebd2493aaeb2c.enable-bg-rollover .rollover-video i {\n  background: -webkit-linear-gradient();\n  background: linear-gradient();\n}\n.shortcode-single-image-wrap.shortcode-single-image-a0f6ec24b113d5fabbaebd2493aaeb2c .rollover-icon {\n  font-size: 32px;\n  color: #ffffff;\n  min-width: 44px;\n  min-height: 44px;\n  line-height: 44px;\n  border-radius: 100px;\n  border-style: solid;\n  border-width: 0px;\n}\n.dt-icon-bg-on.shortcode-single-image-wrap.shortcode-single-image-a0f6ec24b113d5fabbaebd2493aaeb2c .rollover-icon {\n  background: rgba(255,255,255,0.3);\n  box-shadow: none;\n}\n<\/style><div class=\"shortcode-single-image-wrap shortcode-single-image-a0f6ec24b113d5fabbaebd2493aaeb2c alignnone  enable-bg-rollover dt-icon-bg-off\" style=\"margin-top:0px; margin-bottom:0px; margin-left:0px; margin-right:0px; width:1200px;\"><div class=\"shortcode-single-image\"><div class=\"fancy-media-wrap  layzr-bg\" style=\"\"><img decoding=\"async\" class=\"preload-me lazy-load aspect\" src=\"data:image\/svg+xml,%3Csvg%20xmlns%3D&#39;http%3A%2F%2Fwww.w3.org%2F2000%2Fsvg&#39;%20viewBox%3D&#39;0%200%201200%20900&#39;%2F%3E\" data-src=\"https:\/\/brotte.com\/wp-content\/uploads\/2022\/12\/Domaine-Grosset-001-1200x900.jpg\" data-srcset=\"https:\/\/brotte.com\/wp-content\/uploads\/2022\/12\/Domaine-Grosset-001-1200x900.jpg 1200w, https:\/\/brotte.com\/wp-content\/uploads\/2022\/12\/Domaine-Grosset-001-1777x1333.jpg 1777w\" loading=\"eager\" sizes=\"(max-width: 1200px) 100vw, 1200px\" width=\"1200\" height=\"900\"  data-dt-location=\"https:\/\/brotte.com\/index.php\/domaine-grosset\/domaine-grosset-001\/\" style=\"--ratio: 1200 \/ 900;\" alt=\"\" \/><\/div><\/div><\/div>[\/vc_column][vc_column css_animation=&#8221;slideInRight&#8221; offset=&#8221;vc_col-lg-6 vc_col-md-6 vc_col-xs-12&#8243; css=&#8221;.vc_custom_1677588274857{padding-bottom: 30px !important;}&#8221;]<div id=\"ultimate-heading-703369e44c5c48e02\" class=\"uvc-heading ult-adjust-bottom-margin ultimate-heading-703369e44c5c48e02 uvc-5840 accent-border-color\" data-hspacer=\"line_only\"  data-halign=\"left\" style=\"text-align:left\"><div class=\"uvc-main-heading ult-responsive\"  data-ultimate-target='.uvc-heading.ultimate-heading-703369e44c5c48e02 h2'  data-responsive-json-new='{\"font-size\":\"mobile_landscape:24px;\",\"line-height\":\"mobile_landscape:34px;\"}' ><h2 style=\"font-weight:bold;color:#ffffff;margin-bottom:15px;\">Domaine Grosset - AOC Cairanne<\/h2><\/div><div class=\"uvc-heading-spacer line_only\" style=\"margin-bottom:30px;height:3px;\"><span class=\"uvc-headings-line\" style=\"border-style:solid;border-bottom-width:3px;border-color:;width:150px;\"><\/span><\/div><\/div>[vc_column_text css=&#8221;.vc_custom_1681217585929{padding-right: 10px !important;padding-bottom: 20px !important;padding-left: 10px !important;}&#8221;]<\/p>\n<p class=\"resume\" style=\"text-align: justify;\">Situ\u00e9 \u00e0 Cairanne, le Domaine Grosset appartenait \u00e0 Alain Grosset, beau-p\u00e8re de Laurent Brotte. Situ\u00e9 au pied du vieux et joli village proven\u00e7al, Il couvre une superficie de 27,5 ha et abrite des grenaches centenaires&#8230;<\/p>\n<p>[\/vc_column_text]<style type=\"text\/css\" data-type=\"the7_shortcodes-inline-css\">#default-btn-faf05d74c78e191f0f6227aa3fb3f319.ico-right-side > i {\n  margin-right: 0px;\n  margin-left: 5px;\n}\n#default-btn-faf05d74c78e191f0f6227aa3fb3f319 > i {\n  margin-right: 5px;\n}\n<\/style><a href=\"https:\/\/brotte.com\/index.php\/domaine-grosset\/\" class=\"default-btn-shortcode dt-btn dt-btn-s link-hover-off ico-right-side btn-inline-left \" id=\"default-btn-faf05d74c78e191f0f6227aa3fb3f319\" title=\"Service \u2013 single page\"><span>+ d&#8217;infos<\/span><i class=\"icomoon-the7-font-the7-arrow-09\"><\/i><\/a>[\/vc_column][\/vc_row][vc_row equal_height=&#8221;yes&#8221; content_placement=&#8221;middle&#8221; css=&#8221;.vc_custom_1677588394462{padding-right: 10px !important;padding-bottom: 50px !important;padding-left: 10px !important;}&#8221;][vc_column css_animation=&#8221;slideInLeft&#8221; offset=&#8221;vc_col-lg-6 vc_col-md-6 vc_col-xs-12&#8243; css=&#8221;.vc_custom_1677588083243{padding-bottom: 30px !important;}&#8221;]<style type=\"text\/css\" data-type=\"the7_shortcodes-inline-css\">.shortcode-single-image-wrap.shortcode-single-image-a4751823db53ae2370fcb4a87e5b18ef.enable-bg-rollover .rollover i,\n.shortcode-single-image-wrap.shortcode-single-image-a4751823db53ae2370fcb4a87e5b18ef.enable-bg-rollover .rollover-video i {\n  background: -webkit-linear-gradient();\n  background: linear-gradient();\n}\n.shortcode-single-image-wrap.shortcode-single-image-a4751823db53ae2370fcb4a87e5b18ef .rollover-icon {\n  font-size: 32px;\n  color: #ffffff;\n  min-width: 44px;\n  min-height: 44px;\n  line-height: 44px;\n  border-radius: 100px;\n  border-style: solid;\n  border-width: 0px;\n}\n.dt-icon-bg-on.shortcode-single-image-wrap.shortcode-single-image-a4751823db53ae2370fcb4a87e5b18ef .rollover-icon {\n  background: rgba(255,255,255,0.3);\n  box-shadow: none;\n}\n<\/style><div class=\"shortcode-single-image-wrap shortcode-single-image-a4751823db53ae2370fcb4a87e5b18ef alignnone  enable-bg-rollover dt-icon-bg-off\" style=\"margin-top:0px; margin-bottom:0px; margin-left:0px; margin-right:0px; width:1200px;\"><div class=\"shortcode-single-image\"><div class=\"fancy-media-wrap  layzr-bg\" style=\"\"><img decoding=\"async\" class=\"preload-me lazy-load aspect\" src=\"data:image\/svg+xml,%3Csvg%20xmlns%3D&#39;http%3A%2F%2Fwww.w3.org%2F2000%2Fsvg&#39;%20viewBox%3D&#39;0%200%201042%20782&#39;%2F%3E\" data-src=\"https:\/\/brotte.com\/wp-content\/uploads\/2022\/12\/laudun-004-1042x782.jpg\" data-srcset=\"https:\/\/brotte.com\/wp-content\/uploads\/2022\/12\/laudun-004-1042x782.jpg 1042w\" loading=\"eager\" sizes=\"(max-width: 1042px) 100vw, 1042px\" width=\"1042\" height=\"782\"  data-dt-location=\"https:\/\/brotte.com\/index.php\/chateau-de-bord\/laudun-004\/\" style=\"--ratio: 1042 \/ 782;\" alt=\"\" \/><\/div><\/div><\/div>[\/vc_column][vc_column css_animation=&#8221;slideInRight&#8221; offset=&#8221;vc_col-lg-6 vc_col-md-6 vc_col-xs-12&#8243; css=&#8221;.vc_custom_1677588091956{padding-bottom: 30px !important;}&#8221;]<div id=\"ultimate-heading-723969e44c5c498db\" class=\"uvc-heading ult-adjust-bottom-margin ultimate-heading-723969e44c5c498db uvc-2267 accent-border-color\" data-hspacer=\"line_only\"  data-halign=\"left\" style=\"text-align:left\"><div class=\"uvc-main-heading ult-responsive\"  data-ultimate-target='.uvc-heading.ultimate-heading-723969e44c5c498db h2'  data-responsive-json-new='{\"font-size\":\"mobile_landscape:24px;\",\"line-height\":\"mobile_landscape:34px;\"}' ><h2 style=\"font-weight:bold;color:#ffffff;margin-bottom:20px;\">Ch\u00e2teau de Bord - AOC C\u00f4tes du Rh\u00f4ne Villages Laudun<\/h2><\/div><div class=\"uvc-heading-spacer line_only\" style=\"margin-bottom:30px;height:3px;\"><span class=\"uvc-headings-line\" style=\"border-style:solid;border-bottom-width:3px;border-color:;width:150px;\"><\/span><\/div><\/div>[vc_column_text css=&#8221;.vc_custom_1681217620137{padding-bottom: 20px !important;}&#8221;]<\/p>\n<p class=\"resume\">Situ\u00e9 \u00e0 Laudun dans le Gard, le Ch\u00e2teau de Bord est la propri\u00e9t\u00e9 de Laurent Brotte et de son p\u00e8re Jean -Pierre. Achet\u00e9 en 1991, cette propri\u00e9t\u00e9 de 33 ha se distingue par ses cultures en terrasse et la qualit\u00e9 exceptionnelle de son terroir&#8230;<\/p>\n<p>[\/vc_column_text]<style type=\"text\/css\" data-type=\"the7_shortcodes-inline-css\">#default-btn-11f7a5d41b5b268078f663194aae1e97.ico-right-side > i {\n  margin-right: 0px;\n  margin-left: 5px;\n}\n#default-btn-11f7a5d41b5b268078f663194aae1e97 > i {\n  margin-right: 5px;\n}\n<\/style><a href=\"https:\/\/brotte.com\/index.php\/chateau-de-bord\/\" class=\"default-btn-shortcode dt-btn dt-btn-s link-hover-off ico-right-side btn-inline-left \" id=\"default-btn-11f7a5d41b5b268078f663194aae1e97\" title=\"Service \u2013 single page\"><span>+ d&#8217;infos<\/span><i class=\"icomoon-the7-font-the7-arrow-09\"><\/i><\/a>[\/vc_column][\/vc_row]<\/p>\n<\/div>","protected":false},"excerpt":{"rendered":"<p>[vc_row][vc_column][vc_empty_space][\/vc_column][\/vc_row][vc_row css=&#8221;.vc_custom_1677588341587{padding-right: 10px !important;padding-left: 10px !important;}&#8221;][vc_column width=&#8221;1\/6&#8243;][\/vc_column][vc_column width=&#8221;2\/3&#8243;][vc_empty_space][vc_column_text css=&#8221;.vc_custom_1677840772615{padding-right: 10px !important;padding-bottom: 20px !important;padding-left: 10px !important;}&#8221;] Implant\u00e9e \u00e0 Ch\u00e2teauneuf-du-Pape depuis 1931 la Maison familiale\u00a0Brotte\u00a0est propri\u00e9taire sur trois domaines de famille &#8211; trois terroirs contrast\u00e9s de la Vall\u00e9e du Rh\u00f4ne sud. Le Grenache, c\u00e9page roi,\u00a0s&#8217;y \u00e9panouit et y exprime tout son fruit. Sur\u00a0nos cuv\u00e9es rouges, Syrah et&hellip;<\/p>\n","protected":false},"author":1,"featured_media":3309,"parent":0,"menu_order":16,"comment_status":"closed","ping_status":"closed","template":"","meta":{"footnotes":""},"class_list":["post-3165","page","type-page","status-publish","has-post-thumbnail","hentry","description-off"],"lang":"fr","translations":{"fr":3165,"en":52137},"pll_sync_post":[],"_links":{"self":[{"href":"https:\/\/brotte.com\/index.php\/wp-json\/wp\/v2\/pages\/3165","targetHints":{"allow":["GET"]}}],"collection":[{"href":"https:\/\/brotte.com\/index.php\/wp-json\/wp\/v2\/pages"}],"about":[{"href":"https:\/\/brotte.com\/index.php\/wp-json\/wp\/v2\/types\/page"}],"author":[{"embeddable":true,"href":"https:\/\/brotte.com\/index.php\/wp-json\/wp\/v2\/users\/1"}],"replies":[{"embeddable":true,"href":"https:\/\/brotte.com\/index.php\/wp-json\/wp\/v2\/comments?post=3165"}],"version-history":[{"count":39,"href":"https:\/\/brotte.com\/index.php\/wp-json\/wp\/v2\/pages\/3165\/revisions"}],"predecessor-version":[{"id":52382,"href":"https:\/\/brotte.com\/index.php\/wp-json\/wp\/v2\/pages\/3165\/revisions\/52382"}],"wp:featuredmedia":[{"embeddable":true,"href":"https:\/\/brotte.com\/index.php\/wp-json\/wp\/v2\/media\/3309"}],"wp:attachment":[{"href":"https:\/\/brotte.com\/index.php\/wp-json\/wp\/v2\/media?parent=3165"}],"curies":[{"name":"wp","href":"https:\/\/api.w.org\/{rel}","templated":true}]}}