{"id":3113,"date":"2022-12-15T08:53:01","date_gmt":"2022-12-15T07:53:01","guid":{"rendered":"https:\/\/brotte.com\/?page_id=3113"},"modified":"2023-03-21T15:50:07","modified_gmt":"2023-03-21T14:50:07","slug":"mentions-legales","status":"publish","type":"page","link":"https:\/\/brotte.com\/index.php\/mentions-legales\/","title":{"rendered":"Mentions L\u00e9gales"},"content":{"rendered":"\r\n<h2 class=\"wp-block-heading\">Brotte SAS<\/h2>\r\n\r\n\r\n\r\n<ul class=\"wp-block-list\">\r\n<li>D\u00e9nomination sociale : BROTTE SAS<\/li>\r\n\r\n\r\n\r\n<li>Noms des dirigeants de l\u2019entreprise : M BROTTE Jean Pierre : Pr\u00e9sident du conseil de surveillance : M BROTTE Laurent : Directeur G\u00e9n\u00e9ral<\/li>\r\n\r\n\r\n\r\n<li>SIRET : 705 920 221 00011<\/li>\r\n\r\n\r\n\r\n<li>Num\u00e9ro d\u2019identification fiscale FR27 705 920 221<\/li>\r\n\r\n\r\n\r\n<li>Code APE : 4634Z<\/li>\r\n\r\n\r\n\r\n<li>Forme Juridique de l\u2019entreprise : Soci\u00e9t\u00e9 Anonyme<\/li>\r\n\r\n\r\n\r\n<li>Montant du Capital Social : 133 560 \u20ac<\/li>\r\n\r\n\r\n\r\n<li>H\u00e9bergeur : OVH\u00a0<\/li>\r\n<\/ul>\r\n\r\n\r\n\r\n<p>\u200b<\/p>\r\n\r\n\r\n\r\n<p>E-mail :\u00a0<a href=\"mailto:brotte@brotte.com\">brotte@brotte.com<\/a><\/p>\r\n\r\n\r\n\r\n<p><a href=\"mailto:brotte@brotte.com\">\u200b<\/a>\u200b\u200b<\/p>\r\n\r\n\r\n\r\n<p>T\u00e9l : 04 90 83 70 07\u00a0<\/p>\r\n\r\n\r\n\r\n<p>\u200b<\/p>\r\n\r\n\r\n\r\n<p>Fax : 04 90 83 74 34<\/p>\r\n\r\n\r\n\r\n<p>\u200b<\/p>\r\n\r\n\r\n\r\n<p>Adresse du si\u00e8ge social : Avenue Pierre de Luxembourg BP1 84230 CHATEAUNEUF DU PAPE<\/p>\r\n","protected":false},"excerpt":{"rendered":"<p>Brotte SAS \u200b E-mail :\u00a0brotte@brotte.com \u200b\u200b\u200b T\u00e9l : 04 90 83 70 07\u00a0 \u200b Fax : 04 90 83 74 34 \u200b Adresse du si\u00e8ge social : Avenue Pierre de Luxembourg BP1 84230 CHATEAUNEUF DU PAPE<\/p>\n","protected":false},"author":1,"featured_media":52312,"parent":0,"menu_order":0,"comment_status":"closed","ping_status":"open","template":"","meta":{"footnotes":""},"class_list":["post-3113","page","type-page","status-publish","has-post-thumbnail","hentry","description-off"],"lang":"fr","translations":{"fr":3113,"en":52065},"pll_sync_post":[],"_links":{"self":[{"href":"https:\/\/brotte.com\/index.php\/wp-json\/wp\/v2\/pages\/3113","targetHints":{"allow":["GET"]}}],"collection":[{"href":"https:\/\/brotte.com\/index.php\/wp-json\/wp\/v2\/pages"}],"about":[{"href":"https:\/\/brotte.com\/index.php\/wp-json\/wp\/v2\/types\/page"}],"author":[{"embeddable":true,"href":"https:\/\/brotte.com\/index.php\/wp-json\/wp\/v2\/users\/1"}],"replies":[{"embeddable":true,"href":"https:\/\/brotte.com\/index.php\/wp-json\/wp\/v2\/comments?post=3113"}],"version-history":[{"count":10,"href":"https:\/\/brotte.com\/index.php\/wp-json\/wp\/v2\/pages\/3113\/revisions"}],"predecessor-version":[{"id":52317,"href":"https:\/\/brotte.com\/index.php\/wp-json\/wp\/v2\/pages\/3113\/revisions\/52317"}],"wp:featuredmedia":[{"embeddable":true,"href":"https:\/\/brotte.com\/index.php\/wp-json\/wp\/v2\/media\/52312"}],"wp:attachment":[{"href":"https:\/\/brotte.com\/index.php\/wp-json\/wp\/v2\/media?parent=3113"}],"curies":[{"name":"wp","href":"https:\/\/api.w.org\/{rel}","templated":true}]}}