{"id":3081,"date":"2022-12-14T11:19:42","date_gmt":"2022-12-14T10:19:42","guid":{"rendered":"https:\/\/brotte.com\/?page_id=3081"},"modified":"2023-03-03T10:13:24","modified_gmt":"2023-03-03T09:13:24","slug":"nos-valeurs","status":"publish","type":"page","link":"https:\/\/brotte.com\/index.php\/nos-valeurs\/","title":{"rendered":"Nos Valeurs"},"content":{"rendered":"<div class=\"wpb-content-wrapper\"><p>[vc_row][vc_column][vc_empty_space]<div id=\"ultimate-heading-889869e460577f4eb\" class=\"uvc-heading ult-adjust-bottom-margin ultimate-heading-889869e460577f4eb uvc-5010 accent-border-color\" data-hspacer=\"line_only\"  data-halign=\"left\" style=\"text-align:left\"><div class=\"uvc-main-heading ult-responsive\"  data-ultimate-target='.uvc-heading.ultimate-heading-889869e460577f4eb h2'  data-responsive-json-new='{\"font-size\":\"mobile_landscape:24px;\",\"line-height\":\"mobile_landscape:34px;\"}' ><h2 style=\"font-weight:bold;color:#ffffff;margin-bottom:15px;\">Famille<\/h2><\/div><div class=\"uvc-heading-spacer line_only\" style=\"margin-bottom:30px;height:3px;\"><span class=\"uvc-headings-line\" style=\"border-style:solid;border-bottom-width:3px;border-color:;width:150px;\"><\/span><\/div><\/div><style type=\"text\/css\" data-type=\"the7_shortcodes-inline-css\">.shortcode-single-image-wrap.shortcode-single-image-1d5602a038ee7a90e452f467d38dfa22.enable-bg-rollover .rollover i,\n.shortcode-single-image-wrap.shortcode-single-image-1d5602a038ee7a90e452f467d38dfa22.enable-bg-rollover .rollover-video i {\n  background: -webkit-linear-gradient();\n  background: linear-gradient();\n}\n.shortcode-single-image-wrap.shortcode-single-image-1d5602a038ee7a90e452f467d38dfa22 .rollover-icon {\n  font-size: 32px;\n  color: #ffffff;\n  min-width: 44px;\n  min-height: 44px;\n  line-height: 44px;\n  border-radius: 100px;\n  border-style: solid;\n  border-width: 0px;\n}\n.dt-icon-bg-on.shortcode-single-image-wrap.shortcode-single-image-1d5602a038ee7a90e452f467d38dfa22 .rollover-icon {\n  background: rgba(255,255,255,0.3);\n  box-shadow: none;\n}\n<\/style><div class=\"shortcode-single-image-wrap shortcode-single-image-1d5602a038ee7a90e452f467d38dfa22 alignnone fadeInUp animate-element  enable-bg-rollover dt-icon-bg-off\" style=\"margin-top:0px; margin-bottom:0px; margin-left:0px; margin-right:0px; width:1200px;\"><div class=\"shortcode-single-image\"><div class=\"fancy-media-wrap  layzr-bg\" style=\"\"><img fetchpriority=\"high\" decoding=\"async\" class=\"preload-me lazy-load aspect\" src=\"data:image\/svg+xml,%3Csvg%20xmlns%3D&#39;http%3A%2F%2Fwww.w3.org%2F2000%2Fsvg&#39;%20viewBox%3D&#39;0%200%201200%20600&#39;%2F%3E\" data-src=\"https:\/\/brotte.com\/wp-content\/uploads\/2023\/01\/famille-brotte-1200x600-1.jpg\" data-srcset=\"https:\/\/brotte.com\/wp-content\/uploads\/2023\/01\/famille-brotte-1200x600-1.jpg 1200w\" loading=\"eager\" sizes=\"(max-width: 1200px) 100vw, 1200px\" width=\"1200\" height=\"600\"  data-dt-location=\"https:\/\/brotte.com\/index.php\/nos-valeurs\/famille-brotte-1200x600\/\" style=\"--ratio: 1200 \/ 600;\" alt=\"\" \/><\/div><\/div><\/div>[vc_empty_space][vc_column_text css_animation=&#8221;fadeInUp&#8221; css=&#8221;.vc_custom_1677831844243{padding-bottom: 30px !important;}&#8221;]<\/p>\n<ul>\n<li style=\"text-align: justify;\">5 G\u00e9n\u00e9rations de Ch\u00e2teauneuf-du-Pape<\/li>\n<li style=\"text-align: justify;\">Transmission &amp; \u00e9volution d&#8217;un savoir-faire expert.<\/li>\n<li style=\"text-align: justify;\">3 g\u00e9n\u00e9rations sont actuellement aux commandes<\/li>\n<\/ul>\n<p>[\/vc_column_text][\/vc_column][\/vc_row][vc_row][vc_column]<div id=\"ultimate-heading-453769e4605780348\" class=\"uvc-heading ult-adjust-bottom-margin ultimate-heading-453769e4605780348 uvc-6895 accent-border-color\" data-hspacer=\"line_only\"  data-halign=\"left\" style=\"text-align:left\"><div class=\"uvc-main-heading ult-responsive\"  data-ultimate-target='.uvc-heading.ultimate-heading-453769e4605780348 h2'  data-responsive-json-new='{\"font-size\":\"mobile_landscape:24px;\",\"line-height\":\"mobile_landscape:34px;\"}' ><h2 style=\"font-weight:bold;color:#ffffff;margin-bottom:15px;\">Respect &amp; Engagement<\/h2><\/div><div class=\"uvc-heading-spacer line_only\" style=\"margin-bottom:30px;height:3px;\"><span class=\"uvc-headings-line\" style=\"border-style:solid;border-bottom-width:3px;border-color:;width:150px;\"><\/span><\/div><\/div><style type=\"text\/css\" data-type=\"the7_shortcodes-inline-css\">.shortcode-single-image-wrap.shortcode-single-image-bc8c292fb3d1baba36c20de0ac1fb64e.enable-bg-rollover .rollover i,\n.shortcode-single-image-wrap.shortcode-single-image-bc8c292fb3d1baba36c20de0ac1fb64e.enable-bg-rollover .rollover-video i {\n  background: -webkit-linear-gradient();\n  background: linear-gradient();\n}\n.shortcode-single-image-wrap.shortcode-single-image-bc8c292fb3d1baba36c20de0ac1fb64e .rollover-icon {\n  font-size: 32px;\n  color: #ffffff;\n  min-width: 44px;\n  min-height: 44px;\n  line-height: 44px;\n  border-radius: 100px;\n  border-style: solid;\n  border-width: 0px;\n}\n.dt-icon-bg-on.shortcode-single-image-wrap.shortcode-single-image-bc8c292fb3d1baba36c20de0ac1fb64e .rollover-icon {\n  background: rgba(255,255,255,0.3);\n  box-shadow: none;\n}\n<\/style><div class=\"shortcode-single-image-wrap shortcode-single-image-bc8c292fb3d1baba36c20de0ac1fb64e alignnone fadeInUp animate-element  enable-bg-rollover dt-icon-bg-off\" style=\"margin-top:0px; margin-bottom:0px; margin-left:0px; margin-right:0px; width:1200px;\"><div class=\"shortcode-single-image\"><div class=\"fancy-media-wrap  layzr-bg\" style=\"\"><img decoding=\"async\" class=\"preload-me lazy-load aspect\" src=\"data:image\/svg+xml,%3Csvg%20xmlns%3D&#39;http%3A%2F%2Fwww.w3.org%2F2000%2Fsvg&#39;%20viewBox%3D&#39;0%200%201200%20600&#39;%2F%3E\" data-src=\"https:\/\/brotte.com\/wp-content\/uploads\/2023\/01\/VUE-RHONE-2.jpg\" data-srcset=\"https:\/\/brotte.com\/wp-content\/uploads\/2023\/01\/VUE-RHONE-2.jpg 1200w\" loading=\"eager\" sizes=\"(max-width: 1200px) 100vw, 1200px\" width=\"1200\" height=\"600\"  data-dt-location=\"https:\/\/brotte.com\/index.php\/nos-valeurs\/vue-rhone-2\/\" style=\"--ratio: 1200 \/ 600;\" alt=\"\" \/><\/div><\/div><\/div>[vc_empty_space][vc_column_text css_animation=&#8221;fadeInUp&#8221; css=&#8221;.vc_custom_1677831862436{padding-bottom: 30px !important;}&#8221;]<\/p>\n<ul>\n<li style=\"text-align: justify;\">Passion &amp; d\u00e9vouement pour les grands terroirs (authenticit\u00e9 gustative).<\/li>\n<li style=\"text-align: justify;\">Un respect des hommes (<a href=\"https:\/\/brotte.com\/index.php\/notre-engagement-rse\/\">voir notre brochure RSE<\/a>).<\/li>\n<\/ul>\n<p>[\/vc_column_text][\/vc_column][\/vc_row][vc_row][vc_column]<div id=\"ultimate-heading-990969e460578099e\" class=\"uvc-heading ult-adjust-bottom-margin ultimate-heading-990969e460578099e uvc-6203 accent-border-color\" data-hspacer=\"line_only\"  data-halign=\"left\" style=\"text-align:left\"><div class=\"uvc-main-heading ult-responsive\"  data-ultimate-target='.uvc-heading.ultimate-heading-990969e460578099e h2'  data-responsive-json-new='{\"font-size\":\"mobile_landscape:24px;\",\"line-height\":\"mobile_landscape:34px;\"}' ><h2 style=\"font-weight:bold;color:#ffffff;margin-bottom:15px;\">Attachement \u00e0 la nature<\/h2><\/div><div class=\"uvc-heading-spacer line_only\" style=\"margin-bottom:30px;height:3px;\"><span class=\"uvc-headings-line\" style=\"border-style:solid;border-bottom-width:3px;border-color:;width:150px;\"><\/span><\/div><\/div><style type=\"text\/css\" data-type=\"the7_shortcodes-inline-css\">.shortcode-single-image-wrap.shortcode-single-image-a6cd818361d393ab93f504caadb71287.enable-bg-rollover .rollover i,\n.shortcode-single-image-wrap.shortcode-single-image-a6cd818361d393ab93f504caadb71287.enable-bg-rollover .rollover-video i {\n  background: -webkit-linear-gradient();\n  background: linear-gradient();\n}\n.shortcode-single-image-wrap.shortcode-single-image-a6cd818361d393ab93f504caadb71287 .rollover-icon {\n  font-size: 32px;\n  color: #ffffff;\n  min-width: 44px;\n  min-height: 44px;\n  line-height: 44px;\n  border-radius: 100px;\n  border-style: solid;\n  border-width: 0px;\n}\n.dt-icon-bg-on.shortcode-single-image-wrap.shortcode-single-image-a6cd818361d393ab93f504caadb71287 .rollover-icon {\n  background: rgba(255,255,255,0.3);\n  box-shadow: none;\n}\n<\/style><div class=\"shortcode-single-image-wrap shortcode-single-image-a6cd818361d393ab93f504caadb71287 alignnone fadeInUp animate-element  enable-bg-rollover dt-icon-bg-off\" style=\"margin-top:0px; margin-bottom:0px; margin-left:0px; margin-right:0px; width:1200px;\"><div class=\"shortcode-single-image\"><div class=\"fancy-media-wrap  layzr-bg\" style=\"\"><img decoding=\"async\" class=\"preload-me lazy-load aspect\" src=\"data:image\/svg+xml,%3Csvg%20xmlns%3D&#39;http%3A%2F%2Fwww.w3.org%2F2000%2Fsvg&#39;%20viewBox%3D&#39;0%200%201200%20600&#39;%2F%3E\" data-src=\"https:\/\/brotte.com\/wp-content\/uploads\/2023\/01\/hands-protect-growing-green-plants-on-fertile-soil-2022-11-18-03-46-20-utc.jpg\" data-srcset=\"https:\/\/brotte.com\/wp-content\/uploads\/2023\/01\/hands-protect-growing-green-plants-on-fertile-soil-2022-11-18-03-46-20-utc.jpg 1200w\" loading=\"eager\" sizes=\"(max-width: 1200px) 100vw, 1200px\" width=\"1200\" height=\"600\"  data-dt-location=\"https:\/\/brotte.com\/index.php\/nos-valeurs\/hands-protect-growing-green-plants-on-fertile-soil-2022-11-18-03-46-20-utc\/\" style=\"--ratio: 1200 \/ 600;\" alt=\"\" \/><\/div><\/div><\/div>[vc_empty_space][vc_column_text css_animation=&#8221;fadeInUp&#8221; css=&#8221;.vc_custom_1677833807497{padding-bottom: 30px !important;}&#8221;]<\/p>\n<ul>\n<li>Labellisation <strong>H<\/strong>aute <strong>V<\/strong>aleur <strong>E<\/strong>nvironnementale niveau 3 :\n<ul>\n<li style=\"text-align: justify;\">Sur les domaines : viticulture et paysages<\/li>\n<li style=\"text-align: justify;\">Au sein de l&#8217;entreprise : recyclage, \u00e9conomies d&#8217;\u00e9nergies&#8230;<\/li>\n<\/ul>\n<\/li>\n<\/ul>\n<p>[\/vc_column_text][\/vc_column][\/vc_row][vc_row][vc_column]<div id=\"ultimate-heading-219669e4605780fa2\" class=\"uvc-heading ult-adjust-bottom-margin ultimate-heading-219669e4605780fa2 uvc-2202 accent-border-color\" data-hspacer=\"line_only\"  data-halign=\"left\" style=\"text-align:left\"><div class=\"uvc-main-heading ult-responsive\"  data-ultimate-target='.uvc-heading.ultimate-heading-219669e4605780fa2 h2'  data-responsive-json-new='{\"font-size\":\"mobile_landscape:24px;\",\"line-height\":\"mobile_landscape:34px;\"}' ><h2 style=\"font-weight:bold;color:#ffffff;margin-bottom:15px;\">Accessibilit\u00e9<\/h2><\/div><div class=\"uvc-heading-spacer line_only\" style=\"margin-bottom:30px;height:3px;\"><span class=\"uvc-headings-line\" style=\"border-style:solid;border-bottom-width:3px;border-color:;width:150px;\"><\/span><\/div><\/div><style type=\"text\/css\" data-type=\"the7_shortcodes-inline-css\">.shortcode-single-image-wrap.shortcode-single-image-ca8ec1188071a492a643d9b66ad531a7.enable-bg-rollover .rollover i,\n.shortcode-single-image-wrap.shortcode-single-image-ca8ec1188071a492a643d9b66ad531a7.enable-bg-rollover .rollover-video i {\n  background: -webkit-linear-gradient();\n  background: linear-gradient();\n}\n.shortcode-single-image-wrap.shortcode-single-image-ca8ec1188071a492a643d9b66ad531a7 .rollover-icon {\n  font-size: 32px;\n  color: #ffffff;\n  min-width: 44px;\n  min-height: 44px;\n  line-height: 44px;\n  border-radius: 100px;\n  border-style: solid;\n  border-width: 0px;\n}\n.dt-icon-bg-on.shortcode-single-image-wrap.shortcode-single-image-ca8ec1188071a492a643d9b66ad531a7 .rollover-icon {\n  background: rgba(255,255,255,0.3);\n  box-shadow: none;\n}\n<\/style><div class=\"shortcode-single-image-wrap shortcode-single-image-ca8ec1188071a492a643d9b66ad531a7 alignnone fadeInUp animate-element  enable-bg-rollover dt-icon-bg-off\" style=\"margin-top:0px; margin-bottom:0px; margin-left:0px; margin-right:0px; width:1200px;\"><div class=\"shortcode-single-image\"><div class=\"fancy-media-wrap  layzr-bg\" style=\"\"><img decoding=\"async\" class=\"preload-me lazy-load aspect\" src=\"data:image\/svg+xml,%3Csvg%20xmlns%3D&#39;http%3A%2F%2Fwww.w3.org%2F2000%2Fsvg&#39;%20viewBox%3D&#39;0%200%201200%20600&#39;%2F%3E\" data-src=\"https:\/\/brotte.com\/wp-content\/uploads\/2023\/01\/caveau-01-1200x600.jpg\" data-srcset=\"https:\/\/brotte.com\/wp-content\/uploads\/2023\/01\/caveau-01-1200x600.jpg 1200w\" loading=\"eager\" sizes=\"(max-width: 1200px) 100vw, 1200px\" width=\"1200\" height=\"600\"  data-dt-location=\"https:\/\/brotte.com\/index.php\/nos-valeurs\/caveau-01\/\" style=\"--ratio: 1200 \/ 600;\" alt=\"\" \/><\/div><\/div><\/div>[vc_empty_space][vc_column_text css_animation=&#8221;fadeInUp&#8221; css=&#8221;.vc_custom_1677833844646{padding-bottom: 30px !important;}&#8221;]<\/p>\n<ul>\n<li>Un bon rapport qualit\u00e9\/prix\/plaisir et un large choix de vins s&#8217;adressant \u00e0 diff\u00e9rents palais<\/li>\n<\/ul>\n<p>[\/vc_column_text][\/vc_column][\/vc_row][vc_row][vc_column]<div id=\"ultimate-heading-307569e4605781571\" class=\"uvc-heading ult-adjust-bottom-margin ultimate-heading-307569e4605781571 uvc-9347 accent-border-color\" data-hspacer=\"line_only\"  data-halign=\"left\" style=\"text-align:left\"><div class=\"uvc-main-heading ult-responsive\"  data-ultimate-target='.uvc-heading.ultimate-heading-307569e4605781571 h2'  data-responsive-json-new='{\"font-size\":\"mobile_landscape:24px;\",\"line-height\":\"mobile_landscape:34px;\"}' ><h2 style=\"font-weight:bold;color:#ffffff;margin-bottom:15px;\">Qualit\u00e9<\/h2><\/div><div class=\"uvc-heading-spacer line_only\" style=\"margin-bottom:30px;height:3px;\"><span class=\"uvc-headings-line\" style=\"border-style:solid;border-bottom-width:3px;border-color:;width:150px;\"><\/span><\/div><\/div><style type=\"text\/css\" data-type=\"the7_shortcodes-inline-css\">.shortcode-single-image-wrap.shortcode-single-image-3e2cea512b665fd154debc0930d4bb7c.enable-bg-rollover .rollover i,\n.shortcode-single-image-wrap.shortcode-single-image-3e2cea512b665fd154debc0930d4bb7c.enable-bg-rollover .rollover-video i {\n  background: -webkit-linear-gradient();\n  background: linear-gradient();\n}\n.shortcode-single-image-wrap.shortcode-single-image-3e2cea512b665fd154debc0930d4bb7c .rollover-icon {\n  font-size: 32px;\n  color: #ffffff;\n  min-width: 44px;\n  min-height: 44px;\n  line-height: 44px;\n  border-radius: 100px;\n  border-style: solid;\n  border-width: 0px;\n}\n.dt-icon-bg-on.shortcode-single-image-wrap.shortcode-single-image-3e2cea512b665fd154debc0930d4bb7c .rollover-icon {\n  background: rgba(255,255,255,0.3);\n  box-shadow: none;\n}\n<\/style><div class=\"shortcode-single-image-wrap shortcode-single-image-3e2cea512b665fd154debc0930d4bb7c alignnone fadeInUp animate-element  enable-bg-rollover dt-icon-bg-off\" style=\"margin-top:0px; margin-bottom:0px; margin-left:0px; margin-right:0px; width:1200px;\"><div class=\"shortcode-single-image\"><div class=\"fancy-media-wrap  layzr-bg\" style=\"\"><img decoding=\"async\" class=\"preload-me lazy-load aspect\" src=\"data:image\/svg+xml,%3Csvg%20xmlns%3D&#39;http%3A%2F%2Fwww.w3.org%2F2000%2Fsvg&#39;%20viewBox%3D&#39;0%200%201200%20600&#39;%2F%3E\" data-src=\"https:\/\/brotte.com\/wp-content\/uploads\/2023\/01\/LR23113801AR404269.jpg\" data-srcset=\"https:\/\/brotte.com\/wp-content\/uploads\/2023\/01\/LR23113801AR404269.jpg 1200w\" loading=\"eager\" sizes=\"(max-width: 1200px) 100vw, 1200px\" width=\"1200\" height=\"600\"  data-dt-location=\"https:\/\/brotte.com\/index.php\/nos-valeurs\/lr23113801ar404269\/\" style=\"--ratio: 1200 \/ 600;\" alt=\"\" \/><\/div><\/div><\/div>[vc_empty_space][vc_column_text css_animation=&#8221;fadeInUp&#8221; css=&#8221;.vc_custom_1677834799530{padding-bottom: 30px !important;}&#8221;]<\/p>\n<ul>\n<li style=\"text-align: justify;\">Des rendements faibles.<\/li>\n<li style=\"text-align: justify;\">Reconnaissance des d\u00e9gustateurs fran\u00e7ais (<a href=\"https:\/\/www.hachette-vins.com\/recherche\/brotte\/all\/\" target=\"_blank\" rel=\"noopener\">Guide Hachette des vins<\/a>, Gault &amp; Millau&#8230;) et \u00e9trangers (<a href=\"https:\/\/www.robertparker.com\/search\/wines?q=brotte&amp;producer=Brotte\" target=\"_blank\" rel=\"noopener\">Robert Parker<\/a>, <a href=\"https:\/\/www.winespectator.com\/wine\/search\/recall\/yes\/page\/1\/sort_by\/score\/sort_dir\/default\" target=\"_blank\" rel=\"noopener\">Wine Spectator<\/a>, <a href=\"https:\/\/www.winemag.com\/?s=brotte&amp;drink_type=wine&amp;page=1&amp;sort_by=rating&amp;sort_dir=desc&amp;search_type=reviews\" target=\"_blank\" rel=\"noopener\">Wine Enthusiast<\/a>, <a href=\"https:\/\/www.decanter.com\/wine-reviews\/search\/term\/brotte\/page\/1\" target=\"_blank\" rel=\"noopener\">Decanter<\/a>, Jancis Robinson&#8230;).<\/li>\n<li style=\"text-align: justify;\">En 2016, Jeb Dunnuck, alors d\u00e9gustateur pour Robert Parker, \u00e9crit que la maison &#8220;A un style constant d&#8217;ann\u00e9es en ann\u00e9es, et produit une fantastique gamme de vins dont on peut attendre un fruit et une texture ample, avec des caract\u00e9ristiques classiques de la Vall\u00e9e du Rh\u00f4ne Sud&#8221;.<\/li>\n<\/ul>\n<p>[\/vc_column_text][\/vc_column][\/vc_row]<\/p>\n<\/div>","protected":false},"excerpt":{"rendered":"<p>[vc_row][vc_column][vc_empty_space][vc_empty_space][vc_column_text css_animation=&#8221;fadeInUp&#8221; css=&#8221;.vc_custom_1677831844243{padding-bottom: 30px !important;}&#8221;] 5 G\u00e9n\u00e9rations de Ch\u00e2teauneuf-du-Pape Transmission &amp; \u00e9volution d&#8217;un savoir-faire expert. 3 g\u00e9n\u00e9rations sont actuellement aux commandes [\/vc_column_text][\/vc_column][\/vc_row][vc_row][vc_column][vc_empty_space][vc_column_text css_animation=&#8221;fadeInUp&#8221; css=&#8221;.vc_custom_1677831862436{padding-bottom: 30px !important;}&#8221;] Passion &amp; d\u00e9vouement pour les grands terroirs (authenticit\u00e9 gustative). Un respect des hommes (voir notre brochure RSE). [\/vc_column_text][\/vc_column][\/vc_row][vc_row][vc_column][vc_empty_space][vc_column_text css_animation=&#8221;fadeInUp&#8221; css=&#8221;.vc_custom_1677833807497{padding-bottom: 30px !important;}&#8221;] Labellisation Haute Valeur Environnementale niveau 3 :&hellip;<\/p>\n","protected":false},"author":1,"featured_media":3085,"parent":0,"menu_order":5,"comment_status":"closed","ping_status":"closed","template":"","meta":{"footnotes":""},"class_list":["post-3081","page","type-page","status-publish","has-post-thumbnail","hentry","description-off"],"lang":"fr","translations":{"fr":3081,"en":52123},"pll_sync_post":[],"_links":{"self":[{"href":"https:\/\/brotte.com\/index.php\/wp-json\/wp\/v2\/pages\/3081","targetHints":{"allow":["GET"]}}],"collection":[{"href":"https:\/\/brotte.com\/index.php\/wp-json\/wp\/v2\/pages"}],"about":[{"href":"https:\/\/brotte.com\/index.php\/wp-json\/wp\/v2\/types\/page"}],"author":[{"embeddable":true,"href":"https:\/\/brotte.com\/index.php\/wp-json\/wp\/v2\/users\/1"}],"replies":[{"embeddable":true,"href":"https:\/\/brotte.com\/index.php\/wp-json\/wp\/v2\/comments?post=3081"}],"version-history":[{"count":63,"href":"https:\/\/brotte.com\/index.php\/wp-json\/wp\/v2\/pages\/3081\/revisions"}],"predecessor-version":[{"id":51848,"href":"https:\/\/brotte.com\/index.php\/wp-json\/wp\/v2\/pages\/3081\/revisions\/51848"}],"wp:featuredmedia":[{"embeddable":true,"href":"https:\/\/brotte.com\/index.php\/wp-json\/wp\/v2\/media\/3085"}],"wp:attachment":[{"href":"https:\/\/brotte.com\/index.php\/wp-json\/wp\/v2\/media?parent=3081"}],"curies":[{"name":"wp","href":"https:\/\/api.w.org\/{rel}","templated":true}]}}